{"id":20046,"date":"2023-12-06T12:44:31","date_gmt":"2023-12-06T11:44:31","guid":{"rendered":"https:\/\/nordiccrane.com\/no\/?page_id=20046"},"modified":"2026-03-05T10:18:55","modified_gmt":"2026-03-05T09:18:55","slug":"om-os","status":"publish","type":"page","link":"https:\/\/nordiccrane.com\/dk\/om-os\/","title":{"rendered":"Om os"},"content":{"rendered":"\n<div class=\"wp-block-group alignfull has-green-background-color has-background eplus-wrapper\"><div class=\"wp-block-group__inner-container is-layout-constrained wp-block-group-is-layout-constrained\">\n<div style=\"height:20px\" aria-hidden=\"true\" class=\"hide-mobile wp-block-spacer eplus-wrapper\"><\/div>\n\n\n\n<div style=\"height:20px\" aria-hidden=\"true\" class=\" wp-block-spacer eplus-wrapper\"><\/div>\n\n\n\n<div class=\"wp-block-group eplus-wrapper\"><div class=\"wp-block-group__inner-container is-layout-constrained wp-block-group-is-layout-constrained\"><div class=\"wp-block-columns eplus-wrapper is-layout-flex wp-container-core-columns-is-layout-9d6595d7 wp-block-columns-is-layout-flex eplus-styles-uid-6fc5ac\">\n<div class=\"wp-block-column is-vertically-aligned-center eplus-wrapper is-layout-flow wp-block-column-is-layout-flow\" style=\"flex-basis:45%\">\n<p class=\"small-title eplus-wrapper\">OM OS<\/p>\n\n\n\n<h2 class=\" wp-block-heading eplus-wrapper\">Om Nordic Crane<\/h2>\n\n\n\n<p class=\" eplus-wrapper\">Hos os i Nordic Crane\u00a0er vi optaget af sikkerhed, effektivitet og smarte, innovative l\u00f8sninger. Med over 80 \u00e5rs erfaring, 350 st\u00e6rke, moderne og effektive maskiner og 400 professionelle og engagerede medarbejdere leverer\u00a0vi tunge l\u00f8ft, specialtransport og\u00a0komplicerede\u00a0opgaver\u00a0i\u00a0hele Skandinavien.\u00a0<\/p>\n<\/div>\n\n\n\n<div class=\"wp-block-column eplus-wrapper is-layout-flow wp-block-column-is-layout-flow\" style=\"flex-basis:5%\"><\/div>\n\n\n\n<div class=\"wp-block-column is-vertically-aligned-center eplus-wrapper is-layout-flow wp-block-column-is-layout-flow\" style=\"flex-basis:50%\"><figure class=\"skew-img-page-top wp-block-image size-large eplus-wrapper eplus-styles-uid-cbf413\"><img decoding=\"async\" src=\"https:\/\/nordiccrane.com\/no\/wp-content\/uploads\/sites\/2\/2024\/01\/231120-_B201649-329-2-1-edited-1-1024x640.jpg\" alt=\"\" class=\"wp-image-21946\"><\/figure><\/div>\n<\/div><\/div><\/div>\n\n\n\n<div style=\"height:40px\" aria-hidden=\"true\" class=\"hide-mobile wp-block-spacer eplus-wrapper\"><\/div>\n<\/div><\/div>\n\n\n\n<div style=\"height:50px\" aria-hidden=\"true\" class=\"hide-mobile wp-block-spacer eplus-wrapper\"><\/div>\n\n\n\n<div id=\"intro\" class=\"wp-block-group eplus-wrapper\"><div class=\"wp-block-group__inner-container is-layout-constrained wp-block-group-is-layout-constrained\"><div class=\"wp-block-columns eplus-wrapper is-layout-flex wp-container-core-columns-is-layout-9d6595d7 wp-block-columns-is-layout-flex eplus-styles-uid-2cade8\">\n<div class=\"wp-block-column eplus-wrapper is-layout-flow wp-block-column-is-layout-flow\" style=\"flex-basis:15%\">\n<div style=\"height:7px\" aria-hidden=\"true\" class=\" wp-block-spacer eplus-wrapper\"><\/div>\n\n\n<p class=\" eplus-wrapper eplus-styles-uid-442aa8\"><\/p>\n\n\n<div style=\"height:7px\" aria-hidden=\"true\" class=\" wp-block-spacer eplus-wrapper\"><\/div>\n<\/div>\n\n\n\n<div class=\"wp-block-column eplus-wrapper is-layout-flow wp-block-column-is-layout-flow\" style=\"flex-basis:60%\">\n<p class=\" eplus-wrapper\"><strong>Alle typer tunge l\u00f8ft<\/strong>\u00a0<\/p>\n\n\n\n<p class=\" eplus-wrapper\">Vi er leverand\u00f8r af alle typer tunge l\u00f8ft. B\u00e5de de mindre l\u00f8ft som skal\u00a0v\u00e6re effektive og pr\u00e6cise og de store, tunge, komplekse l\u00f8ft, som kr\u00e6ver lang erfaring og bred kompetence. For at\u00a0kunne levere den bedst mulige\u00a0tjeneste,\u00a0er vi afh\u00e6ngige\u00a0af\u00a0dygtige mennesker med de rette\u00a0kompetencer\u00a0og de nyeste,\u00a0mest effektive og innovative maskiner. Det er den kombination\u00a0som\u00a0g\u00f8r at du som kunde f\u00e5r den bedste\u00a0service fra os og kan f\u00f8le dig tryg gennem hele projektet.\u00a0<\/p>\n\n\n\n<p class=\" eplus-wrapper\"><a href=\"https:\/\/nordiccrane.com\/dk\/nyheder\/\" target=\"_blank\" rel=\"noreferrer noopener\">Vores\u00a0projekter<\/a>\u00a0<\/p>\n\n\n\n<p class=\" eplus-wrapper\"><strong>Vi l<\/strong><strong>everer til hele Skandinavien<\/strong>\u00a0<\/p>\n\n\n\n<p class=\" eplus-wrapper\">Vi satser stort p\u00e5\u00a0fremtiden og leverer vores\u00a0tjenester i\u00a0hele Skandinavien. Vi arbejder\u00a0hver dag h\u00e5rdt for at\u00a0kunne v\u00e6re den foretrukne leverand\u00f8r af\u00a0alle typer kraner og udstyr til tunge l\u00f8ft, komplekse projekter og\u00a0engineering\u00a0indenfor\u00a0segmenterne industri, infrastruktur, olie &amp; gas, byggeri\u00a0&amp; anl\u00e6g og vindkraft.\u00a0<\/p>\n\n\n\n<p class=\" eplus-wrapper\"><a href=\"https:\/\/nordiccrane.com\/dk\/tjenester\/\" target=\"_blank\" rel=\"noreferrer noopener\">Vores\u00a0tjenester<\/a>\u00a0<\/p>\n\n\n\n<p class=\" eplus-wrapper\"><strong>Vores\u00a0vigtigste ressource\u00a0er vores\u00a0ansatte<\/strong>\u00a0<\/p>\n\n\n\n<p class=\" eplus-wrapper\">Vores\u00a0vigtigste ressource\u00a0er vores\u00a0ansatte og sammen arbejder\u00a0vi h\u00e5rdt for at\u00a0skabe en sund og tryg arbejdsplads. Vi s\u00e6tter sikkerheden for\u00a0vores\u00a0ansatte f\u00f8rst og har som m\u00e5l at alle skal komme hele hjem \u2013 hele livet. Vi s\u00e6tter sikkerheden f\u00f8rst og arbejder\u00a0kontinuerligt\u00a0med ISO-certificeringer og etablerer vigtige politikker\u00a0for at vores\u00a0ansatte skal have\u00a0en tryg og sikker arbejdsplads. Gennem rekruttering, udvikling, stimulering og uddannelse \u00f8nsker vi i Nordic Crane\u00a0at\u00a0v\u00e6re en attraktiv arbejdsgiver for alle vores\u00a0ansatte. Vi har hele tiden fokus p\u00e5 opl\u00e6ring og udviklingsplaner for\u00a0alle som arbejder\u00a0hos os og arbejder\u00a0h\u00e5rdt for at\u00a0kunne v\u00e6re en attraktiv arbejdsplads.\u00a0<\/p>\n\n\n\n<p class=\" eplus-wrapper\"><a href=\"https:\/\/nordiccrane.com\/dk\/kontakt\/medarbejdere\/\" target=\"_blank\" rel=\"noreferrer noopener\">Vores\u00a0ansatte<\/a>\u00a0og\u00a0<a href=\"https:\/\/nordiccrane.com\/dk\/hse-hr\/\" target=\"_blank\" aria-label=\"HMS\/KS (opens in a new tab)\" rel=\"noreferrer noopener\" class=\"ek-link\">HMS\/KS<\/a><\/p>\n\n\n\n<p class=\" eplus-wrapper\"><strong>Det gr\u00f8nne alternativ<\/strong>\u00a0<\/p>\n\n\n\n<p class=\" eplus-wrapper\">For at\u00a0bidrage\u00a0til en bedre fremtid tager\u00a0vi milj\u00f8et\u00a0alvorligt. N\u00e5r vi investerer,\u00a0t\u00e6nker vi gr\u00f8nt og s\u00f8rger for at nye maskiner opfylder markedets milj\u00f8krav. Vi retter fokus mod\u00a0en milj\u00f8venlig maskinpark og en stadig st\u00f8rre reduktion i CO2-aftrykket. Helelektriske maskiner er\u00a0allerede rullet ind ad\u00a0d\u00f8ren hos os og er ude p\u00e5 arbejde. Vi er stolte af\u00a0at\u00a0kunne v\u00e6re det gr\u00f8nne alternativ og forts\u00e6tter dette vigtige arbejde for en gr\u00f8nnere fremtid.\u00a0<\/p>\n\n\n\n<p class=\" eplus-wrapper\"><a href=\"https:\/\/nordiccrane.com\/dk\/om-os\/miljo\/\">Det gr\u00f8nne alternativ\u00a0<\/a><\/p>\n\n\n\n<p class=\" eplus-wrapper\"><a href=\"https:\/\/nordiccrane.com\/dk\/kontakt\/\" target=\"_blank\" rel=\"noreferrer noopener\">Kontakt\u00a0os i dag!<\/a>\u00a0<\/p>\n<\/div>\n\n\n\n<div class=\"wp-block-column eplus-wrapper is-layout-flow wp-block-column-is-layout-flow\" style=\"flex-basis:15%\"><\/div>\n<\/div><\/div><\/div>\n\n\n\n<div style=\"height:100px\" aria-hidden=\"true\" class=\"hide-mobile wp-block-spacer eplus-wrapper\"><\/div>\n\n\n\n<div style=\"height:40px\" aria-hidden=\"true\" class=\" wp-block-spacer eplus-wrapper\"><\/div>\n\n\n\n<div class=\"clearspace wp-block-group alignfull eplus-wrapper\"><div class=\"wp-block-group__inner-container is-layout-constrained wp-block-group-is-layout-constrained\">\n<div class=\"no-margin-left no-padding no-margin wp-block-group alignwide eplus-wrapper\"><div class=\"wp-block-group__inner-container is-layout-constrained wp-block-group-is-layout-constrained\"><div class=\"no-padding no-margin wp-block-columns alignfull eplus-wrapper is-layout-flex wp-container-core-columns-is-layout-9d6595d7 wp-block-columns-is-layout-flex eplus-styles-uid-ab791f\">\n<div class=\"no-padding no-margin wp-block-column eplus-wrapper is-layout-flow wp-block-column-is-layout-flow\"><div class=\"wp-block-columns eplus-wrapper is-layout-flex wp-container-core-columns-is-layout-9d6595d7 wp-block-columns-is-layout-flex eplus-styles-uid-04df66\">\n<div class=\"wp-block-column eplus-wrapper is-layout-flow wp-block-column-is-layout-flow\">\n<p class=\" has-text-align-center eplus-wrapper\">NYHEDER<\/p>\n\n\n\n<h3 class=\" wp-block-heading has-text-align-center eplus-wrapper\"><a href=\"https:\/\/nordiccrane.com\/dk\/nyheder\/\" data-type=\"page\" data-id=\"24\">Nyheder fra Nordic Crane<\/a><\/h3>\n<\/div>\n<\/div>\n\n\n<div style=\"height:50px\" aria-hidden=\"true\" class=\" wp-block-spacer eplus-wrapper\"><\/div>\n\n\n\n<div class=\"no-margin-left no-padding no-margin wp-block-query eplus-wrapper is-layout-flow wp-block-query-is-layout-flow\"><ul class=\"columns-3 no-padding no-margin wp-block-post-template is-layout-grid wp-container-core-post-template-is-layout-2fc57c17 wp-block-post-template-is-layout-grid\"><li class=\"wp-block-post post-23711 post type-post status-publish format-standard has-post-thumbnail hentry category-ledig-stilling-nb\">\n\n<div class=\"no-padding no-margin-left no-margin wp-block-group eplus-wrapper\" style=\"padding-top:30px;padding-right:30px;padding-bottom:30px;padding-left:30px\"><div class=\"wp-block-group__inner-container is-layout-flow wp-block-group-is-layout-flow\"><figure style=\"aspect-ratio:3\/2;\" class=\"wp-block-post-featured-image\"><a href=\"https:\/\/nordiccrane.com\/dk\/er-du-klar-til-at-blive-bindeleddet-i-en-af-skandinaviens-staerkeste-kranvirksomheder\/ledig-stilling-nb\/\" target=\"_self\"><img loading=\"lazy\" decoding=\"async\" width=\"1536\" height=\"1076\" src=\"https:\/\/nordiccrane.com\/dk\/wp-content\/uploads\/sites\/4\/2024\/08\/k-2018-135-3.jpg\" class=\"attachment-post-thumbnail size-post-thumbnail wp-post-image\" alt=\"Er du klar til at blive bindeleddet i en af Skandinaviens st\u00e6rkeste kranvirksomheder?\" style=\"width:100%;height:100%;object-fit:cover;\" srcset=\"https:\/\/nordiccrane.com\/dk\/wp-content\/uploads\/sites\/4\/2024\/08\/k-2018-135-3.jpg 1536w, https:\/\/nordiccrane.com\/dk\/wp-content\/uploads\/sites\/4\/2024\/08\/k-2018-135-3-300x210.jpg 300w, https:\/\/nordiccrane.com\/dk\/wp-content\/uploads\/sites\/4\/2024\/08\/k-2018-135-3-1024x717.jpg 1024w, https:\/\/nordiccrane.com\/dk\/wp-content\/uploads\/sites\/4\/2024\/08\/k-2018-135-3-768x538.jpg 768w\" sizes=\"auto, (max-width: 1536px) 100vw, 1536px\"><\/a><\/figure>\n\n<div class=\"wp-block-post-date\"><time datetime=\"2026-03-03T09:25:12+01:00\">3. marts 2026<\/time><\/div>\n\n<h4 class=\"wp-block-post-title\"><a href=\"https:\/\/nordiccrane.com\/dk\/er-du-klar-til-at-blive-bindeleddet-i-en-af-skandinaviens-staerkeste-kranvirksomheder\/ledig-stilling-nb\/\" target=\"_self\">Er du klar til at blive bindeleddet i en af Skandinaviens st\u00e6rkeste kranvirksomheder?<\/a><\/h4>\n\n\n<div style=\"height:10px\" aria-hidden=\"true\" class=\" wp-block-spacer eplus-wrapper\"><\/div>\n\n\n<div class=\"mini-arrow-round wp-block-post-excerpt\"><p class=\"wp-block-post-excerpt__excerpt\">Kan du holde hovedet koldt, n\u00e5r det g\u00e5r st\u00e6rkt \u2013\u2026<\/p><p class=\"wp-block-post-excerpt__more-text\"><a class=\"wp-block-post-excerpt__more-link\" href=\"https:\/\/nordiccrane.com\/dk\/er-du-klar-til-at-blive-bindeleddet-i-en-af-skandinaviens-staerkeste-kranvirksomheder\/ledig-stilling-nb\/\">L<\/a><\/p><\/div>\n\n\n<div style=\"height:10px\" aria-hidden=\"true\" class=\" wp-block-spacer eplus-wrapper\"><\/div>\n<\/div><\/div>\n\n<\/li><li class=\"wp-block-post post-23698 post type-post status-publish format-standard has-post-thumbnail hentry category-projekter\">\n\n<div class=\"no-padding no-margin-left no-margin wp-block-group eplus-wrapper\" style=\"padding-top:30px;padding-right:30px;padding-bottom:30px;padding-left:30px\"><div class=\"wp-block-group__inner-container is-layout-flow wp-block-group-is-layout-flow\"><figure style=\"aspect-ratio:3\/2;\" class=\"wp-block-post-featured-image\"><a href=\"https:\/\/nordiccrane.com\/dk\/kompleks-jobb-i-lysekil\/projekter\/\" target=\"_self\"><img loading=\"lazy\" decoding=\"async\" width=\"2560\" height=\"1920\" src=\"https:\/\/nordiccrane.com\/dk\/wp-content\/uploads\/sites\/4\/2026\/02\/bild-20251203-143530-73094b7d.jpeg\" class=\"attachment-post-thumbnail size-post-thumbnail wp-post-image\" alt=\"Kompleks jobb i Lysekil\" style=\"width:100%;height:100%;object-fit:cover;\" srcset=\"https:\/\/nordiccrane.com\/dk\/wp-content\/uploads\/sites\/4\/2026\/02\/bild-20251203-143530-73094b7d.jpeg 2560w, https:\/\/nordiccrane.com\/dk\/wp-content\/uploads\/sites\/4\/2026\/02\/bild-20251203-143530-73094b7d-300x225.jpeg 300w, https:\/\/nordiccrane.com\/dk\/wp-content\/uploads\/sites\/4\/2026\/02\/bild-20251203-143530-73094b7d-1024x768.jpeg 1024w, https:\/\/nordiccrane.com\/dk\/wp-content\/uploads\/sites\/4\/2026\/02\/bild-20251203-143530-73094b7d-768x576.jpeg 768w, https:\/\/nordiccrane.com\/dk\/wp-content\/uploads\/sites\/4\/2026\/02\/bild-20251203-143530-73094b7d-1536x1152.jpeg 1536w, https:\/\/nordiccrane.com\/dk\/wp-content\/uploads\/sites\/4\/2026\/02\/bild-20251203-143530-73094b7d-2048x1536.jpeg 2048w\" sizes=\"auto, (max-width: 2560px) 100vw, 2560px\"><\/a><\/figure>\n\n<div class=\"wp-block-post-date\"><time datetime=\"2026-02-11T10:33:57+01:00\">11. februar 2026<\/time><\/div>\n\n<h4 class=\"wp-block-post-title\"><a href=\"https:\/\/nordiccrane.com\/dk\/kompleks-jobb-i-lysekil\/projekter\/\" target=\"_self\">Kompleks jobb i Lysekil<\/a><\/h4>\n\n\n<div style=\"height:10px\" aria-hidden=\"true\" class=\" wp-block-spacer eplus-wrapper\"><\/div>\n\n\n<div class=\"mini-arrow-round wp-block-post-excerpt\"><p class=\"wp-block-post-excerpt__excerpt\">I l\u00f8bet af december m\u00e5ned har vi gennemf\u00f8rt flere transporter\u2026<\/p><p class=\"wp-block-post-excerpt__more-text\"><a class=\"wp-block-post-excerpt__more-link\" href=\"https:\/\/nordiccrane.com\/dk\/kompleks-jobb-i-lysekil\/projekter\/\">L<\/a><\/p><\/div>\n\n\n<div style=\"height:10px\" aria-hidden=\"true\" class=\" wp-block-spacer eplus-wrapper\"><\/div>\n<\/div><\/div>\n\n<\/li><li class=\"wp-block-post post-23678 post type-post status-publish format-standard has-post-thumbnail hentry category-ledig-stilling-nb\">\n\n<div class=\"no-padding no-margin-left no-margin wp-block-group eplus-wrapper\" style=\"padding-top:30px;padding-right:30px;padding-bottom:30px;padding-left:30px\"><div class=\"wp-block-group__inner-container is-layout-flow wp-block-group-is-layout-flow\"><figure style=\"aspect-ratio:3\/2;\" class=\"wp-block-post-featured-image\"><a href=\"https:\/\/nordiccrane.com\/dk\/kranfoerer-soeges-til-mobilkran-160-og-200-ton\/ledig-stilling-nb\/\" target=\"_self\"><img loading=\"lazy\" decoding=\"async\" width=\"2560\" height=\"1577\" src=\"https:\/\/nordiccrane.com\/dk\/wp-content\/uploads\/sites\/4\/2025\/05\/20250401_Takloeft-Stavanger-28.jpg\" class=\"attachment-post-thumbnail size-post-thumbnail wp-post-image\" alt=\"Kranf\u00f8rer s\u00f8ges til 130 og 200 ton mobilkran\" style=\"width:100%;height:100%;object-fit:cover;\" srcset=\"https:\/\/nordiccrane.com\/dk\/wp-content\/uploads\/sites\/4\/2025\/05\/20250401_Takloeft-Stavanger-28.jpg 2560w, https:\/\/nordiccrane.com\/dk\/wp-content\/uploads\/sites\/4\/2025\/05\/20250401_Takloeft-Stavanger-28-300x185.jpg 300w, https:\/\/nordiccrane.com\/dk\/wp-content\/uploads\/sites\/4\/2025\/05\/20250401_Takloeft-Stavanger-28-1024x631.jpg 1024w, https:\/\/nordiccrane.com\/dk\/wp-content\/uploads\/sites\/4\/2025\/05\/20250401_Takloeft-Stavanger-28-768x473.jpg 768w, https:\/\/nordiccrane.com\/dk\/wp-content\/uploads\/sites\/4\/2025\/05\/20250401_Takloeft-Stavanger-28-1536x946.jpg 1536w, https:\/\/nordiccrane.com\/dk\/wp-content\/uploads\/sites\/4\/2025\/05\/20250401_Takloeft-Stavanger-28-2048x1262.jpg 2048w\" sizes=\"auto, (max-width: 2560px) 100vw, 2560px\"><\/a><\/figure>\n\n<div class=\"wp-block-post-date\"><time datetime=\"2026-01-13T11:57:37+01:00\">13. januar 2026<\/time><\/div>\n\n<h4 class=\"wp-block-post-title\"><a href=\"https:\/\/nordiccrane.com\/dk\/kranfoerer-soeges-til-mobilkran-160-og-200-ton\/ledig-stilling-nb\/\" target=\"_self\">Kranf\u00f8rer s\u00f8ges til 130 og 200 ton mobilkran<\/a><\/h4>\n\n\n<div style=\"height:10px\" aria-hidden=\"true\" class=\" wp-block-spacer eplus-wrapper\"><\/div>\n\n\n<div class=\"mini-arrow-round wp-block-post-excerpt\"><p class=\"wp-block-post-excerpt__excerpt\">Trives du med tunge l\u00f8ft, pr\u00e6cision og et stort ansvar?\u2026<\/p><p class=\"wp-block-post-excerpt__more-text\"><a class=\"wp-block-post-excerpt__more-link\" href=\"https:\/\/nordiccrane.com\/dk\/kranfoerer-soeges-til-mobilkran-160-og-200-ton\/ledig-stilling-nb\/\">L<\/a><\/p><\/div>\n\n\n<div style=\"height:10px\" aria-hidden=\"true\" class=\" wp-block-spacer eplus-wrapper\"><\/div>\n<\/div><\/div>\n\n<\/li><\/ul><\/div>\n<\/div>\n<\/div><\/div><\/div>\n\n\n\n<div style=\"height:100px\" aria-hidden=\"true\" class=\" wp-block-spacer eplus-wrapper\"><\/div>\n\n\n\n<div style=\"height:50px\" aria-hidden=\"true\" class=\"hide-mobile wp-block-spacer eplus-wrapper\"><\/div>\n<\/div><\/div>\n","protected":false},"excerpt":{"rendered":"<p>OM OS Om Nordic Crane Hos os i Nordic Crane\u00a0er vi optaget af sikkerhed, effektivitet og smarte, innovative l\u00f8sninger. Med over 80 \u00e5rs erfaring, 350 st\u00e6rke, moderne og effektive maskiner og 400 professionelle og engagerede medarbejdere leverer\u00a0vi tunge l\u00f8ft, specialtransport og\u00a0komplicerede\u00a0opgaver\u00a0i\u00a0hele Skandinavien.\u00a0 Alle typer tunge l\u00f8ft&nbsp; Vi er leverand\u00f8r af alle typer tunge l\u00f8ft. B\u00e5de [&hellip;]<\/p>\n","protected":false},"author":1,"featured_media":0,"parent":0,"menu_order":0,"comment_status":"closed","ping_status":"closed","template":"","meta":{"_acf_changed":false,"inline_featured_image":false,"_editorskit_title_hidden":false,"_editorskit_reading_time":0,"_editorskit_is_block_options_detached":false,"_editorskit_block_options_position":"{}","editor_plus_copied_stylings":"{}","footnotes":""},"class_list":["post-20046","page","type-page","status-publish","hentry"],"acf":[],"featured_image_src":null,"yoast_head":"<!-- This site is optimized with the Yoast SEO plugin v26.9 - https:\/\/yoast.com\/product\/yoast-seo-wordpress\/ -->\n<title>Om os - Nordic Crane Danmark<\/title>\n<meta name=\"robots\" content=\"index, follow, max-snippet:-1, max-image-preview:large, max-video-preview:-1\" \/>\n<link rel=\"canonical\" href=\"https:\/\/nordiccrane.com\/dk\/om-os\/\" \/>\n<meta property=\"og:locale\" content=\"da_DK\" \/>\n<meta property=\"og:type\" content=\"article\" \/>\n<meta property=\"og:title\" content=\"Om Nordic Crane\" \/>\n<meta property=\"og:description\" content=\"Hos os i Nordic Crane\u00a0er vi optaget af sikkerhed, effektivitet og smarte, innovative l\u00f8sninger.\" \/>\n<meta property=\"og:url\" content=\"https:\/\/nordiccrane.com\/dk\/om-os\/\" \/>\n<meta property=\"og:site_name\" content=\"Nordic Crane Danmark\" \/>\n<meta property=\"article:modified_time\" content=\"2026-03-05T09:18:55+00:00\" \/>\n<meta property=\"og:image\" content=\"https:\/\/nordiccrane.com\/dk\/wp-content\/uploads\/sites\/4\/2024\/02\/231120-_B201652-332-2-scaled.jpg\" \/>\n\t<meta property=\"og:image:width\" content=\"2560\" \/>\n\t<meta property=\"og:image:height\" content=\"1920\" \/>\n\t<meta property=\"og:image:type\" content=\"image\/jpeg\" \/>\n<meta name=\"twitter:card\" content=\"summary_large_image\" \/>\n<meta name=\"twitter:label1\" content=\"Estimeret l\u00e6setid\" \/>\n\t<meta name=\"twitter:data1\" content=\"3 minutter\" \/>\n<script type=\"application\/ld+json\" class=\"yoast-schema-graph\">{\"@context\":\"https:\/\/schema.org\",\"@graph\":[{\"@type\":\"WebPage\",\"@id\":\"https:\/\/nordiccrane.com\/dk\/om-os\/\",\"url\":\"https:\/\/nordiccrane.com\/dk\/om-os\/\",\"name\":\"Om os - Nordic Crane Danmark\",\"isPartOf\":{\"@id\":\"https:\/\/nordiccrane.com\/dk\/#website\"},\"primaryImageOfPage\":{\"@id\":\"https:\/\/nordiccrane.com\/dk\/om-os\/#primaryimage\"},\"image\":{\"@id\":\"https:\/\/nordiccrane.com\/dk\/om-os\/#primaryimage\"},\"thumbnailUrl\":\"https:\/\/nordiccrane.com\/no\/wp-content\/uploads\/sites\/2\/2024\/01\/231120-_B201649-329-2-1-edited-1-1024x640.jpg\",\"datePublished\":\"2023-12-06T11:44:31+00:00\",\"dateModified\":\"2026-03-05T09:18:55+00:00\",\"breadcrumb\":{\"@id\":\"https:\/\/nordiccrane.com\/dk\/om-os\/#breadcrumb\"},\"inLanguage\":\"da-DK\",\"potentialAction\":[{\"@type\":\"ReadAction\",\"target\":[\"https:\/\/nordiccrane.com\/dk\/om-os\/\"]}]},{\"@type\":\"ImageObject\",\"inLanguage\":\"da-DK\",\"@id\":\"https:\/\/nordiccrane.com\/dk\/om-os\/#primaryimage\",\"url\":\"https:\/\/nordiccrane.com\/no\/wp-content\/uploads\/sites\/2\/2024\/01\/231120-_B201649-329-2-1-edited-1-1024x640.jpg\",\"contentUrl\":\"https:\/\/nordiccrane.com\/no\/wp-content\/uploads\/sites\/2\/2024\/01\/231120-_B201649-329-2-1-edited-1-1024x640.jpg\"},{\"@type\":\"BreadcrumbList\",\"@id\":\"https:\/\/nordiccrane.com\/dk\/om-os\/#breadcrumb\",\"itemListElement\":[{\"@type\":\"ListItem\",\"position\":1,\"name\":\"Home\",\"item\":\"https:\/\/nordiccrane.com\/dk\/\"},{\"@type\":\"ListItem\",\"position\":2,\"name\":\"Om os\"}]},{\"@type\":\"WebSite\",\"@id\":\"https:\/\/nordiccrane.com\/dk\/#website\",\"url\":\"https:\/\/nordiccrane.com\/dk\/\",\"name\":\"Nordic Crane Danmark\",\"description\":\"\",\"potentialAction\":[{\"@type\":\"SearchAction\",\"target\":{\"@type\":\"EntryPoint\",\"urlTemplate\":\"https:\/\/nordiccrane.com\/dk\/?s={search_term_string}\"},\"query-input\":{\"@type\":\"PropertyValueSpecification\",\"valueRequired\":true,\"valueName\":\"search_term_string\"}}],\"inLanguage\":\"da-DK\"}]}<\/script>\n<!-- \/ Yoast SEO plugin. -->","yoast_head_json":{"title":"Om os - Nordic Crane Danmark","robots":{"index":"index","follow":"follow","max-snippet":"max-snippet:-1","max-image-preview":"max-image-preview:large","max-video-preview":"max-video-preview:-1"},"canonical":"https:\/\/nordiccrane.com\/dk\/om-os\/","og_locale":"da_DK","og_type":"article","og_title":"Om Nordic Crane","og_description":"Hos os i Nordic Crane\u00a0er vi optaget af sikkerhed, effektivitet og smarte, innovative l\u00f8sninger.","og_url":"https:\/\/nordiccrane.com\/dk\/om-os\/","og_site_name":"Nordic Crane Danmark","article_modified_time":"2026-03-05T09:18:55+00:00","og_image":[{"width":2560,"height":1920,"url":"https:\/\/nordiccrane.com\/dk\/wp-content\/uploads\/sites\/4\/2024\/02\/231120-_B201652-332-2-scaled.jpg","type":"image\/jpeg"}],"twitter_card":"summary_large_image","twitter_misc":{"Estimeret l\u00e6setid":"3 minutter"},"schema":{"@context":"https:\/\/schema.org","@graph":[{"@type":"WebPage","@id":"https:\/\/nordiccrane.com\/dk\/om-os\/","url":"https:\/\/nordiccrane.com\/dk\/om-os\/","name":"Om os - Nordic Crane Danmark","isPartOf":{"@id":"https:\/\/nordiccrane.com\/dk\/#website"},"primaryImageOfPage":{"@id":"https:\/\/nordiccrane.com\/dk\/om-os\/#primaryimage"},"image":{"@id":"https:\/\/nordiccrane.com\/dk\/om-os\/#primaryimage"},"thumbnailUrl":"https:\/\/nordiccrane.com\/no\/wp-content\/uploads\/sites\/2\/2024\/01\/231120-_B201649-329-2-1-edited-1-1024x640.jpg","datePublished":"2023-12-06T11:44:31+00:00","dateModified":"2026-03-05T09:18:55+00:00","breadcrumb":{"@id":"https:\/\/nordiccrane.com\/dk\/om-os\/#breadcrumb"},"inLanguage":"da-DK","potentialAction":[{"@type":"ReadAction","target":["https:\/\/nordiccrane.com\/dk\/om-os\/"]}]},{"@type":"ImageObject","inLanguage":"da-DK","@id":"https:\/\/nordiccrane.com\/dk\/om-os\/#primaryimage","url":"https:\/\/nordiccrane.com\/no\/wp-content\/uploads\/sites\/2\/2024\/01\/231120-_B201649-329-2-1-edited-1-1024x640.jpg","contentUrl":"https:\/\/nordiccrane.com\/no\/wp-content\/uploads\/sites\/2\/2024\/01\/231120-_B201649-329-2-1-edited-1-1024x640.jpg"},{"@type":"BreadcrumbList","@id":"https:\/\/nordiccrane.com\/dk\/om-os\/#breadcrumb","itemListElement":[{"@type":"ListItem","position":1,"name":"Home","item":"https:\/\/nordiccrane.com\/dk\/"},{"@type":"ListItem","position":2,"name":"Om os"}]},{"@type":"WebSite","@id":"https:\/\/nordiccrane.com\/dk\/#website","url":"https:\/\/nordiccrane.com\/dk\/","name":"Nordic Crane Danmark","description":"","potentialAction":[{"@type":"SearchAction","target":{"@type":"EntryPoint","urlTemplate":"https:\/\/nordiccrane.com\/dk\/?s={search_term_string}"},"query-input":{"@type":"PropertyValueSpecification","valueRequired":true,"valueName":"search_term_string"}}],"inLanguage":"da-DK"}]}},"_links":{"self":[{"href":"https:\/\/nordiccrane.com\/dk\/wp-json\/wp\/v2\/pages\/20046","targetHints":{"allow":["GET"]}}],"collection":[{"href":"https:\/\/nordiccrane.com\/dk\/wp-json\/wp\/v2\/pages"}],"about":[{"href":"https:\/\/nordiccrane.com\/dk\/wp-json\/wp\/v2\/types\/page"}],"author":[{"embeddable":true,"href":"https:\/\/nordiccrane.com\/dk\/wp-json\/wp\/v2\/users\/1"}],"replies":[{"embeddable":true,"href":"https:\/\/nordiccrane.com\/dk\/wp-json\/wp\/v2\/comments?post=20046"}],"version-history":[{"count":17,"href":"https:\/\/nordiccrane.com\/dk\/wp-json\/wp\/v2\/pages\/20046\/revisions"}],"predecessor-version":[{"id":23732,"href":"https:\/\/nordiccrane.com\/dk\/wp-json\/wp\/v2\/pages\/20046\/revisions\/23732"}],"wp:attachment":[{"href":"https:\/\/nordiccrane.com\/dk\/wp-json\/wp\/v2\/media?parent=20046"}],"curies":[{"name":"wp","href":"https:\/\/api.w.org\/{rel}","templated":true}]}}