{"id":20058,"date":"2023-12-06T12:46:22","date_gmt":"2023-12-06T11:46:22","guid":{"rendered":"https:\/\/nordiccrane.com\/no\/?page_id=20058"},"modified":"2024-02-26T09:37:52","modified_gmt":"2024-02-26T08:37:52","slug":"miljo","status":"publish","type":"page","link":"https:\/\/nordiccrane.com\/dk\/om-os\/miljo\/","title":{"rendered":"Milj\u00f8"},"content":{"rendered":"\n<div class=\"wp-block-group alignfull has-light-blue-background-color has-background eplus-wrapper\"><div class=\"wp-block-group__inner-container is-layout-constrained wp-block-group-is-layout-constrained\">\n<div class=\"wp-block-group eplus-wrapper\"><div class=\"wp-block-group__inner-container is-layout-constrained wp-block-group-is-layout-constrained\">\n<div style=\"height:20px\" aria-hidden=\"true\" class=\" wp-block-spacer eplus-wrapper\"><\/div>\n\n\n\n<div style=\"height:20px\" aria-hidden=\"true\" class=\"hide-mobile wp-block-spacer eplus-wrapper\"><\/div>\n\n\n<div class=\"wp-block-columns eplus-wrapper is-layout-flex wp-container-core-columns-is-layout-9d6595d7 wp-block-columns-is-layout-flex eplus-styles-uid-02b6e0\">\n<div class=\"wp-block-column is-vertically-aligned-center eplus-wrapper is-layout-flow wp-block-column-is-layout-flow\" style=\"flex-basis:45%\">\n<p class=\"small-title eplus-wrapper\">MILJ\u00d8<\/p>\n\n\n\n<h2 class=\" wp-block-heading eplus-wrapper\">Det gr\u00f8nne alternativet<\/h2>\n\n\n\n<p class=\" eplus-wrapper\">Klimatruslen er vor tids st\u00f8rste samfundsudfordring, og en god ressourceudnyttelse af vores maskiner er afg\u00f8rende for en fortsat milj\u00f8venlig v\u00e6kst.<\/p>\n<\/div>\n\n\n\n<div class=\"wp-block-column eplus-wrapper is-layout-flow wp-block-column-is-layout-flow\" style=\"flex-basis:5%\"><\/div>\n\n\n\n<div class=\"wp-block-column is-vertically-aligned-center eplus-wrapper is-layout-flow wp-block-column-is-layout-flow\" style=\"flex-basis:50%\"><figure class=\"skew-img-page-top wp-block-image size-large eplus-wrapper eplus-styles-uid-cbf413\"><img decoding=\"async\" src=\"https:\/\/nordiccrane.com\/no\/wp-content\/uploads\/sites\/2\/2023\/12\/Det-gronne-alternativet-edited-2-scaled.jpg\" alt=\"\" class=\"wp-image-21382\"><\/figure><\/div>\n<\/div><\/div><\/div>\n\n\n\n<div style=\"height:40px\" aria-hidden=\"true\" class=\" wp-block-spacer eplus-wrapper\"><\/div>\n<\/div><\/div>\n\n\n\n<div style=\"height:50px\" aria-hidden=\"true\" class=\" wp-block-spacer eplus-wrapper\"><\/div>\n\n\n\n<div class=\"wp-block-group eplus-wrapper\"><div class=\"wp-block-group__inner-container is-layout-constrained wp-block-group-is-layout-constrained\"><div class=\"wp-block-columns eplus-wrapper is-layout-flex wp-container-core-columns-is-layout-9d6595d7 wp-block-columns-is-layout-flex eplus-styles-uid-ae02fb\">\n<div class=\"wp-block-column eplus-wrapper is-layout-flow wp-block-column-is-layout-flow\" style=\"flex-basis:20%\"><\/div>\n\n\n\n<div class=\"wp-block-column eplus-wrapper is-layout-flow wp-block-column-is-layout-flow\" style=\"flex-basis:60%\">\n<h3 class=\" wp-block-heading eplus-wrapper\"><strong>For at bidrage til en bedre fremtid tager vi milj\u00f8et alvorligt. N\u00e5r vi investerer, t\u00e6nker vi gr\u00f8nt og sikrer, at nye maskiner lever op til markedets milj\u00f8krav.<\/strong><\/h3>\n\n\n\n<div style=\"height:17px\" aria-hidden=\"true\" class=\" wp-block-spacer eplus-wrapper\"><\/div>\n\n\n\n<p class=\" eplus-wrapper\">Vi har allerede 100% elektriske b\u00e6ltekraner, mobile t\u00e5rnkraner, der kan k\u00f8re p\u00e5 el og mobilkraner der k\u00f8rer p\u00e5 HVO milj\u00f8diesel og bioolie. Desuden har vi kranbiler med elektriske enheder til indend\u00f8rs drift og lastbilkraner med de nyeste milj\u00f8klassifikationer.<\/p>\n\n\n\n<p class=\" eplus-wrapper\">Vi fokuserer p\u00e5 milj\u00f8venlige maskiner og en stadig stigende reduktion af CO2-aftrykket. Helelektriske maskiner er allerede rullet ind hos os, og vi var de f\u00f8rste i verden med en helelektrisk b\u00e6ltekran. Vi er stolte af at v\u00e6re det gr\u00f8nne alternativ (i dobbelt forstand) og forts\u00e6tte dette vigtige arbejde for en gr\u00f8nnere fremtid.<\/p>\n\n\n\n<p class=\" eplus-wrapper\">Nordic Crane \u2013 det gr\u00f8nne alternativ!<\/p>\n\n\n<ul class=\"eplus-wrapper wp-block-list eplus-styles-uid-eec525\">\n<li class=\" eplus-wrapper\">100% elektriske b\u00e6ltekraner<\/li>\n\n\n\n<li class=\" eplus-wrapper\">Mobile t\u00e5rnkraner, der kan k\u00f8re p\u00e5 el<\/li>\n\n\n\n<li class=\" eplus-wrapper\">Mobilkraner, der k\u00f8rer p\u00e5 HVO, milj\u00f8diesel og bioolie<\/li>\n\n\n\n<li class=\" eplus-wrapper\">Kranbiler med elektrisk enhed til indend\u00f8rs drift<\/li>\n\n\n\n<li class=\" eplus-wrapper\">Lastbilkraner med den nyeste milj\u00f8klassificering<\/li>\n<\/ul>\n\n\n<div style=\"height:50px\" aria-hidden=\"true\" class=\" wp-block-spacer eplus-wrapper\"><\/div>\n\n\n<div class=\"wp-block-image is-style-default\">\n<figure class=\"alignleft size-medium is-resized eplus-wrapper\"><img decoding=\"async\" src=\"https:\/\/nordiccrane.com\/no\/wp-content\/uploads\/sites\/2\/2023\/12\/PNG-Miljomerke-300x300.png\" alt=\"\" class=\"wp-image-20208\" style=\"width:236px;height:auto\"><\/figure><\/div><\/div>\n\n\n\n<div class=\"wp-block-column eplus-wrapper is-layout-flow wp-block-column-is-layout-flow\" style=\"flex-basis:20%\"><\/div>\n<\/div><\/div><\/div>\n\n\n\n<div style=\"height:20px\" aria-hidden=\"true\" class=\" wp-block-spacer eplus-wrapper\"><\/div>\n\n\n\n<div style=\"height:100px\" aria-hidden=\"true\" class=\" wp-block-spacer eplus-wrapper\"><\/div>\n\n\n\n<div class=\"clearspace wp-block-group alignfull eplus-wrapper\"><div class=\"wp-block-group__inner-container is-layout-constrained wp-block-group-is-layout-constrained\">\n<div class=\"no-margin-left no-padding no-margin wp-block-group alignwide eplus-wrapper\"><div class=\"wp-block-group__inner-container is-layout-constrained wp-block-group-is-layout-constrained\"><div class=\"no-padding no-margin wp-block-columns alignfull eplus-wrapper is-layout-flex wp-container-core-columns-is-layout-9d6595d7 wp-block-columns-is-layout-flex eplus-styles-uid-82817d\">\n<div class=\"no-padding no-margin wp-block-column eplus-wrapper is-layout-flow wp-block-column-is-layout-flow\"><div class=\"wp-block-columns eplus-wrapper is-layout-flex wp-container-core-columns-is-layout-9d6595d7 wp-block-columns-is-layout-flex eplus-styles-uid-90c314\">\n<div class=\"wp-block-column eplus-wrapper is-layout-flow wp-block-column-is-layout-flow\">\n<p class=\" has-text-align-center eplus-wrapper\">NYHEDER<\/p>\n\n\n\n<h3 class=\" wp-block-heading has-text-align-center eplus-wrapper\"><a href=\"https:\/\/nordiccrane.com\/dk\/nyheder\/\" data-type=\"page\" data-id=\"24\">Nyheder fra Nordic Crane<\/a><\/h3>\n<\/div>\n<\/div>\n\n\n<div style=\"height:50px\" aria-hidden=\"true\" class=\" wp-block-spacer eplus-wrapper\"><\/div>\n\n\n\n<div class=\"no-margin-left no-padding no-margin wp-block-query eplus-wrapper is-layout-flow wp-block-query-is-layout-flow\"><ul class=\"columns-3 no-padding no-margin wp-block-post-template is-layout-grid wp-container-core-post-template-is-layout-2fc57c17 wp-block-post-template-is-layout-grid\"><li class=\"wp-block-post post-23711 post type-post status-publish format-standard has-post-thumbnail hentry category-ledig-stilling-nb\">\n\n<div class=\"no-padding no-margin-left no-margin wp-block-group eplus-wrapper\" style=\"padding-top:30px;padding-right:30px;padding-bottom:30px;padding-left:30px\"><div class=\"wp-block-group__inner-container is-layout-flow wp-block-group-is-layout-flow\"><figure style=\"aspect-ratio:3\/2;\" class=\"wp-block-post-featured-image\"><a href=\"https:\/\/nordiccrane.com\/dk\/er-du-klar-til-at-blive-bindeleddet-i-en-af-skandinaviens-staerkeste-kranvirksomheder\/ledig-stilling-nb\/\" target=\"_self\"><img loading=\"lazy\" decoding=\"async\" width=\"1536\" height=\"1076\" src=\"https:\/\/nordiccrane.com\/dk\/wp-content\/uploads\/sites\/4\/2024\/08\/k-2018-135-3.jpg\" class=\"attachment-post-thumbnail size-post-thumbnail wp-post-image\" alt=\"Er du klar til at blive bindeleddet i en af Skandinaviens st\u00e6rkeste kranvirksomheder?\" style=\"width:100%;height:100%;object-fit:cover;\" srcset=\"https:\/\/nordiccrane.com\/dk\/wp-content\/uploads\/sites\/4\/2024\/08\/k-2018-135-3.jpg 1536w, https:\/\/nordiccrane.com\/dk\/wp-content\/uploads\/sites\/4\/2024\/08\/k-2018-135-3-300x210.jpg 300w, https:\/\/nordiccrane.com\/dk\/wp-content\/uploads\/sites\/4\/2024\/08\/k-2018-135-3-1024x717.jpg 1024w, https:\/\/nordiccrane.com\/dk\/wp-content\/uploads\/sites\/4\/2024\/08\/k-2018-135-3-768x538.jpg 768w\" sizes=\"auto, (max-width: 1536px) 100vw, 1536px\"><\/a><\/figure>\n\n<div class=\"wp-block-post-date\"><time datetime=\"2026-03-03T09:25:12+01:00\">3. marts 2026<\/time><\/div>\n\n<h4 class=\"wp-block-post-title\"><a href=\"https:\/\/nordiccrane.com\/dk\/er-du-klar-til-at-blive-bindeleddet-i-en-af-skandinaviens-staerkeste-kranvirksomheder\/ledig-stilling-nb\/\" target=\"_self\">Er du klar til at blive bindeleddet i en af Skandinaviens st\u00e6rkeste kranvirksomheder?<\/a><\/h4>\n\n\n<div style=\"height:10px\" aria-hidden=\"true\" class=\" wp-block-spacer eplus-wrapper\"><\/div>\n\n\n<div class=\"mini-arrow-round wp-block-post-excerpt\"><p class=\"wp-block-post-excerpt__excerpt\">Kan du holde hovedet koldt, n\u00e5r det g\u00e5r st\u00e6rkt \u2013\u2026<\/p><p class=\"wp-block-post-excerpt__more-text\"><a class=\"wp-block-post-excerpt__more-link\" href=\"https:\/\/nordiccrane.com\/dk\/er-du-klar-til-at-blive-bindeleddet-i-en-af-skandinaviens-staerkeste-kranvirksomheder\/ledig-stilling-nb\/\">L<\/a><\/p><\/div>\n\n\n<div style=\"height:10px\" aria-hidden=\"true\" class=\" wp-block-spacer eplus-wrapper\"><\/div>\n<\/div><\/div>\n\n<\/li><li class=\"wp-block-post post-23698 post type-post status-publish format-standard has-post-thumbnail hentry category-projekter\">\n\n<div class=\"no-padding no-margin-left no-margin wp-block-group eplus-wrapper\" style=\"padding-top:30px;padding-right:30px;padding-bottom:30px;padding-left:30px\"><div class=\"wp-block-group__inner-container is-layout-flow wp-block-group-is-layout-flow\"><figure style=\"aspect-ratio:3\/2;\" class=\"wp-block-post-featured-image\"><a href=\"https:\/\/nordiccrane.com\/dk\/kompleks-jobb-i-lysekil\/projekter\/\" target=\"_self\"><img loading=\"lazy\" decoding=\"async\" width=\"2560\" height=\"1920\" src=\"https:\/\/nordiccrane.com\/dk\/wp-content\/uploads\/sites\/4\/2026\/02\/bild-20251203-143530-73094b7d.jpeg\" class=\"attachment-post-thumbnail size-post-thumbnail wp-post-image\" alt=\"Kompleks jobb i Lysekil\" style=\"width:100%;height:100%;object-fit:cover;\" srcset=\"https:\/\/nordiccrane.com\/dk\/wp-content\/uploads\/sites\/4\/2026\/02\/bild-20251203-143530-73094b7d.jpeg 2560w, https:\/\/nordiccrane.com\/dk\/wp-content\/uploads\/sites\/4\/2026\/02\/bild-20251203-143530-73094b7d-300x225.jpeg 300w, https:\/\/nordiccrane.com\/dk\/wp-content\/uploads\/sites\/4\/2026\/02\/bild-20251203-143530-73094b7d-1024x768.jpeg 1024w, https:\/\/nordiccrane.com\/dk\/wp-content\/uploads\/sites\/4\/2026\/02\/bild-20251203-143530-73094b7d-768x576.jpeg 768w, https:\/\/nordiccrane.com\/dk\/wp-content\/uploads\/sites\/4\/2026\/02\/bild-20251203-143530-73094b7d-1536x1152.jpeg 1536w, https:\/\/nordiccrane.com\/dk\/wp-content\/uploads\/sites\/4\/2026\/02\/bild-20251203-143530-73094b7d-2048x1536.jpeg 2048w\" sizes=\"auto, (max-width: 2560px) 100vw, 2560px\"><\/a><\/figure>\n\n<div class=\"wp-block-post-date\"><time datetime=\"2026-02-11T10:33:57+01:00\">11. februar 2026<\/time><\/div>\n\n<h4 class=\"wp-block-post-title\"><a href=\"https:\/\/nordiccrane.com\/dk\/kompleks-jobb-i-lysekil\/projekter\/\" target=\"_self\">Kompleks jobb i Lysekil<\/a><\/h4>\n\n\n<div style=\"height:10px\" aria-hidden=\"true\" class=\" wp-block-spacer eplus-wrapper\"><\/div>\n\n\n<div class=\"mini-arrow-round wp-block-post-excerpt\"><p class=\"wp-block-post-excerpt__excerpt\">I l\u00f8bet af december m\u00e5ned har vi gennemf\u00f8rt flere transporter\u2026<\/p><p class=\"wp-block-post-excerpt__more-text\"><a class=\"wp-block-post-excerpt__more-link\" href=\"https:\/\/nordiccrane.com\/dk\/kompleks-jobb-i-lysekil\/projekter\/\">L<\/a><\/p><\/div>\n\n\n<div style=\"height:10px\" aria-hidden=\"true\" class=\" wp-block-spacer eplus-wrapper\"><\/div>\n<\/div><\/div>\n\n<\/li><li class=\"wp-block-post post-23678 post type-post status-publish format-standard has-post-thumbnail hentry category-ledig-stilling-nb\">\n\n<div class=\"no-padding no-margin-left no-margin wp-block-group eplus-wrapper\" style=\"padding-top:30px;padding-right:30px;padding-bottom:30px;padding-left:30px\"><div class=\"wp-block-group__inner-container is-layout-flow wp-block-group-is-layout-flow\"><figure style=\"aspect-ratio:3\/2;\" class=\"wp-block-post-featured-image\"><a href=\"https:\/\/nordiccrane.com\/dk\/kranfoerer-soeges-til-mobilkran-160-og-200-ton\/ledig-stilling-nb\/\" target=\"_self\"><img loading=\"lazy\" decoding=\"async\" width=\"2560\" height=\"1577\" src=\"https:\/\/nordiccrane.com\/dk\/wp-content\/uploads\/sites\/4\/2025\/05\/20250401_Takloeft-Stavanger-28.jpg\" class=\"attachment-post-thumbnail size-post-thumbnail wp-post-image\" alt=\"Kranf\u00f8rer s\u00f8ges til 130 og 200 ton mobilkran\" style=\"width:100%;height:100%;object-fit:cover;\" srcset=\"https:\/\/nordiccrane.com\/dk\/wp-content\/uploads\/sites\/4\/2025\/05\/20250401_Takloeft-Stavanger-28.jpg 2560w, https:\/\/nordiccrane.com\/dk\/wp-content\/uploads\/sites\/4\/2025\/05\/20250401_Takloeft-Stavanger-28-300x185.jpg 300w, https:\/\/nordiccrane.com\/dk\/wp-content\/uploads\/sites\/4\/2025\/05\/20250401_Takloeft-Stavanger-28-1024x631.jpg 1024w, https:\/\/nordiccrane.com\/dk\/wp-content\/uploads\/sites\/4\/2025\/05\/20250401_Takloeft-Stavanger-28-768x473.jpg 768w, https:\/\/nordiccrane.com\/dk\/wp-content\/uploads\/sites\/4\/2025\/05\/20250401_Takloeft-Stavanger-28-1536x946.jpg 1536w, https:\/\/nordiccrane.com\/dk\/wp-content\/uploads\/sites\/4\/2025\/05\/20250401_Takloeft-Stavanger-28-2048x1262.jpg 2048w\" sizes=\"auto, (max-width: 2560px) 100vw, 2560px\"><\/a><\/figure>\n\n<div class=\"wp-block-post-date\"><time datetime=\"2026-01-13T11:57:37+01:00\">13. januar 2026<\/time><\/div>\n\n<h4 class=\"wp-block-post-title\"><a href=\"https:\/\/nordiccrane.com\/dk\/kranfoerer-soeges-til-mobilkran-160-og-200-ton\/ledig-stilling-nb\/\" target=\"_self\">Kranf\u00f8rer s\u00f8ges til 130 og 200 ton mobilkran<\/a><\/h4>\n\n\n<div style=\"height:10px\" aria-hidden=\"true\" class=\" wp-block-spacer eplus-wrapper\"><\/div>\n\n\n<div class=\"mini-arrow-round wp-block-post-excerpt\"><p class=\"wp-block-post-excerpt__excerpt\">Trives du med tunge l\u00f8ft, pr\u00e6cision og et stort ansvar?\u2026<\/p><p class=\"wp-block-post-excerpt__more-text\"><a class=\"wp-block-post-excerpt__more-link\" href=\"https:\/\/nordiccrane.com\/dk\/kranfoerer-soeges-til-mobilkran-160-og-200-ton\/ledig-stilling-nb\/\">L<\/a><\/p><\/div>\n\n\n<div style=\"height:10px\" aria-hidden=\"true\" class=\" wp-block-spacer eplus-wrapper\"><\/div>\n<\/div><\/div>\n\n<\/li><\/ul><\/div>\n<\/div>\n<\/div><\/div><\/div>\n\n\n\n<div style=\"height:100px\" aria-hidden=\"true\" class=\" wp-block-spacer eplus-wrapper\"><\/div>\n\n\n\n<div style=\"height:50px\" aria-hidden=\"true\" class=\"hide-mobile wp-block-spacer eplus-wrapper\"><\/div>\n<\/div><\/div>\n","protected":false},"excerpt":{"rendered":"<p>MILJ\u00d8 Det gr\u00f8nne alternativet Klimatruslen er vor tids st\u00f8rste samfundsudfordring, og en god ressourceudnyttelse af vores maskiner er afg\u00f8rende for en fortsat milj\u00f8venlig v\u00e6kst. For at bidrage til en bedre fremtid tager vi milj\u00f8et alvorligt. N\u00e5r vi investerer, t\u00e6nker vi gr\u00f8nt og sikrer, at nye maskiner lever op til markedets milj\u00f8krav. Vi har allerede 100% [&hellip;]<\/p>\n","protected":false},"author":1,"featured_media":0,"parent":20046,"menu_order":0,"comment_status":"closed","ping_status":"closed","template":"","meta":{"_acf_changed":false,"inline_featured_image":false,"_editorskit_title_hidden":false,"_editorskit_reading_time":0,"_editorskit_is_block_options_detached":false,"_editorskit_block_options_position":"{}","editor_plus_copied_stylings":"{}","footnotes":""},"class_list":["post-20058","page","type-page","status-publish","hentry"],"acf":[],"featured_image_src":null,"yoast_head":"<!-- This site is optimized with the Yoast SEO plugin v26.9 - https:\/\/yoast.com\/product\/yoast-seo-wordpress\/ -->\n<title>Milj\u00f8 - Nordic Crane Danmark<\/title>\n<meta name=\"robots\" content=\"index, follow, max-snippet:-1, max-image-preview:large, max-video-preview:-1\" \/>\n<link rel=\"canonical\" href=\"https:\/\/nordiccrane.com\/dk\/om-os\/miljo\/\" \/>\n<meta property=\"og:locale\" content=\"da_DK\" \/>\n<meta property=\"og:type\" content=\"article\" \/>\n<meta property=\"og:title\" content=\"Det gr\u00f8nne alternativet\" \/>\n<meta property=\"og:description\" content=\"Klimatruslen er vor tids st\u00f8rste samfundsudfordring, og en god ressourceudnyttelse af vores maskiner er afg\u00f8rende for en fortsat milj\u00f8venlig v\u00e6kst.\" \/>\n<meta property=\"og:url\" content=\"https:\/\/nordiccrane.com\/dk\/om-os\/miljo\/\" \/>\n<meta property=\"og:site_name\" content=\"Nordic Crane Danmark\" \/>\n<meta property=\"article:modified_time\" content=\"2024-02-26T08:37:52+00:00\" \/>\n<meta property=\"og:image\" content=\"https:\/\/nordiccrane.com\/dk\/wp-content\/uploads\/sites\/4\/2024\/02\/Det-groenne-alternativet-scaled.jpg\" \/>\n\t<meta property=\"og:image:width\" content=\"2560\" \/>\n\t<meta property=\"og:image:height\" content=\"1707\" \/>\n\t<meta property=\"og:image:type\" content=\"image\/jpeg\" \/>\n<meta name=\"twitter:card\" content=\"summary_large_image\" \/>\n<meta name=\"twitter:label1\" content=\"Estimeret l\u00e6setid\" \/>\n\t<meta name=\"twitter:data1\" content=\"2 minutter\" \/>\n<script type=\"application\/ld+json\" class=\"yoast-schema-graph\">{\"@context\":\"https:\/\/schema.org\",\"@graph\":[{\"@type\":\"WebPage\",\"@id\":\"https:\/\/nordiccrane.com\/dk\/om-os\/miljo\/\",\"url\":\"https:\/\/nordiccrane.com\/dk\/om-os\/miljo\/\",\"name\":\"Milj\u00f8 - Nordic Crane Danmark\",\"isPartOf\":{\"@id\":\"https:\/\/nordiccrane.com\/dk\/#website\"},\"primaryImageOfPage\":{\"@id\":\"https:\/\/nordiccrane.com\/dk\/om-os\/miljo\/#primaryimage\"},\"image\":{\"@id\":\"https:\/\/nordiccrane.com\/dk\/om-os\/miljo\/#primaryimage\"},\"thumbnailUrl\":\"https:\/\/nordiccrane.com\/no\/wp-content\/uploads\/sites\/2\/2023\/12\/Det-gronne-alternativet-edited-2-scaled.jpg\",\"datePublished\":\"2023-12-06T11:46:22+00:00\",\"dateModified\":\"2024-02-26T08:37:52+00:00\",\"breadcrumb\":{\"@id\":\"https:\/\/nordiccrane.com\/dk\/om-os\/miljo\/#breadcrumb\"},\"inLanguage\":\"da-DK\",\"potentialAction\":[{\"@type\":\"ReadAction\",\"target\":[\"https:\/\/nordiccrane.com\/dk\/om-os\/miljo\/\"]}]},{\"@type\":\"ImageObject\",\"inLanguage\":\"da-DK\",\"@id\":\"https:\/\/nordiccrane.com\/dk\/om-os\/miljo\/#primaryimage\",\"url\":\"https:\/\/nordiccrane.com\/no\/wp-content\/uploads\/sites\/2\/2023\/12\/Det-gronne-alternativet-edited-2-scaled.jpg\",\"contentUrl\":\"https:\/\/nordiccrane.com\/no\/wp-content\/uploads\/sites\/2\/2023\/12\/Det-gronne-alternativet-edited-2-scaled.jpg\"},{\"@type\":\"BreadcrumbList\",\"@id\":\"https:\/\/nordiccrane.com\/dk\/om-os\/miljo\/#breadcrumb\",\"itemListElement\":[{\"@type\":\"ListItem\",\"position\":1,\"name\":\"Home\",\"item\":\"https:\/\/nordiccrane.com\/dk\/\"},{\"@type\":\"ListItem\",\"position\":2,\"name\":\"Om os\",\"item\":\"https:\/\/nordiccrane.com\/dk\/om-os\/\"},{\"@type\":\"ListItem\",\"position\":3,\"name\":\"Milj\u00f8\"}]},{\"@type\":\"WebSite\",\"@id\":\"https:\/\/nordiccrane.com\/dk\/#website\",\"url\":\"https:\/\/nordiccrane.com\/dk\/\",\"name\":\"Nordic Crane Danmark\",\"description\":\"\",\"potentialAction\":[{\"@type\":\"SearchAction\",\"target\":{\"@type\":\"EntryPoint\",\"urlTemplate\":\"https:\/\/nordiccrane.com\/dk\/?s={search_term_string}\"},\"query-input\":{\"@type\":\"PropertyValueSpecification\",\"valueRequired\":true,\"valueName\":\"search_term_string\"}}],\"inLanguage\":\"da-DK\"}]}<\/script>\n<!-- \/ Yoast SEO plugin. -->","yoast_head_json":{"title":"Milj\u00f8 - Nordic Crane Danmark","robots":{"index":"index","follow":"follow","max-snippet":"max-snippet:-1","max-image-preview":"max-image-preview:large","max-video-preview":"max-video-preview:-1"},"canonical":"https:\/\/nordiccrane.com\/dk\/om-os\/miljo\/","og_locale":"da_DK","og_type":"article","og_title":"Det gr\u00f8nne alternativet","og_description":"Klimatruslen er vor tids st\u00f8rste samfundsudfordring, og en god ressourceudnyttelse af vores maskiner er afg\u00f8rende for en fortsat milj\u00f8venlig v\u00e6kst.","og_url":"https:\/\/nordiccrane.com\/dk\/om-os\/miljo\/","og_site_name":"Nordic Crane Danmark","article_modified_time":"2024-02-26T08:37:52+00:00","og_image":[{"width":2560,"height":1707,"url":"https:\/\/nordiccrane.com\/dk\/wp-content\/uploads\/sites\/4\/2024\/02\/Det-groenne-alternativet-scaled.jpg","type":"image\/jpeg"}],"twitter_card":"summary_large_image","twitter_misc":{"Estimeret l\u00e6setid":"2 minutter"},"schema":{"@context":"https:\/\/schema.org","@graph":[{"@type":"WebPage","@id":"https:\/\/nordiccrane.com\/dk\/om-os\/miljo\/","url":"https:\/\/nordiccrane.com\/dk\/om-os\/miljo\/","name":"Milj\u00f8 - Nordic Crane Danmark","isPartOf":{"@id":"https:\/\/nordiccrane.com\/dk\/#website"},"primaryImageOfPage":{"@id":"https:\/\/nordiccrane.com\/dk\/om-os\/miljo\/#primaryimage"},"image":{"@id":"https:\/\/nordiccrane.com\/dk\/om-os\/miljo\/#primaryimage"},"thumbnailUrl":"https:\/\/nordiccrane.com\/no\/wp-content\/uploads\/sites\/2\/2023\/12\/Det-gronne-alternativet-edited-2-scaled.jpg","datePublished":"2023-12-06T11:46:22+00:00","dateModified":"2024-02-26T08:37:52+00:00","breadcrumb":{"@id":"https:\/\/nordiccrane.com\/dk\/om-os\/miljo\/#breadcrumb"},"inLanguage":"da-DK","potentialAction":[{"@type":"ReadAction","target":["https:\/\/nordiccrane.com\/dk\/om-os\/miljo\/"]}]},{"@type":"ImageObject","inLanguage":"da-DK","@id":"https:\/\/nordiccrane.com\/dk\/om-os\/miljo\/#primaryimage","url":"https:\/\/nordiccrane.com\/no\/wp-content\/uploads\/sites\/2\/2023\/12\/Det-gronne-alternativet-edited-2-scaled.jpg","contentUrl":"https:\/\/nordiccrane.com\/no\/wp-content\/uploads\/sites\/2\/2023\/12\/Det-gronne-alternativet-edited-2-scaled.jpg"},{"@type":"BreadcrumbList","@id":"https:\/\/nordiccrane.com\/dk\/om-os\/miljo\/#breadcrumb","itemListElement":[{"@type":"ListItem","position":1,"name":"Home","item":"https:\/\/nordiccrane.com\/dk\/"},{"@type":"ListItem","position":2,"name":"Om os","item":"https:\/\/nordiccrane.com\/dk\/om-os\/"},{"@type":"ListItem","position":3,"name":"Milj\u00f8"}]},{"@type":"WebSite","@id":"https:\/\/nordiccrane.com\/dk\/#website","url":"https:\/\/nordiccrane.com\/dk\/","name":"Nordic Crane Danmark","description":"","potentialAction":[{"@type":"SearchAction","target":{"@type":"EntryPoint","urlTemplate":"https:\/\/nordiccrane.com\/dk\/?s={search_term_string}"},"query-input":{"@type":"PropertyValueSpecification","valueRequired":true,"valueName":"search_term_string"}}],"inLanguage":"da-DK"}]}},"_links":{"self":[{"href":"https:\/\/nordiccrane.com\/dk\/wp-json\/wp\/v2\/pages\/20058","targetHints":{"allow":["GET"]}}],"collection":[{"href":"https:\/\/nordiccrane.com\/dk\/wp-json\/wp\/v2\/pages"}],"about":[{"href":"https:\/\/nordiccrane.com\/dk\/wp-json\/wp\/v2\/types\/page"}],"author":[{"embeddable":true,"href":"https:\/\/nordiccrane.com\/dk\/wp-json\/wp\/v2\/users\/1"}],"replies":[{"embeddable":true,"href":"https:\/\/nordiccrane.com\/dk\/wp-json\/wp\/v2\/comments?post=20058"}],"version-history":[{"count":11,"href":"https:\/\/nordiccrane.com\/dk\/wp-json\/wp\/v2\/pages\/20058\/revisions"}],"predecessor-version":[{"id":23175,"href":"https:\/\/nordiccrane.com\/dk\/wp-json\/wp\/v2\/pages\/20058\/revisions\/23175"}],"up":[{"embeddable":true,"href":"https:\/\/nordiccrane.com\/dk\/wp-json\/wp\/v2\/pages\/20046"}],"wp:attachment":[{"href":"https:\/\/nordiccrane.com\/dk\/wp-json\/wp\/v2\/media?parent=20058"}],"curies":[{"name":"wp","href":"https:\/\/api.w.org\/{rel}","templated":true}]}}