{"id":20905,"date":"2023-12-11T13:26:30","date_gmt":"2023-12-11T12:26:30","guid":{"rendered":"https:\/\/nordiccrane.com\/no\/?page_id=20905"},"modified":"2024-06-21T10:58:48","modified_gmt":"2024-06-21T08:58:48","slug":"gennemsigtighedsloven","status":"publish","type":"page","link":"https:\/\/nordiccrane.com\/dk\/gennemsigtighedsloven\/","title":{"rendered":"Gennemsigtighedsloven"},"content":{"rendered":"\n<div class=\"wp-block-group alignfull has-light-blue-background-color has-background eplus-wrapper\"><div class=\"wp-block-group__inner-container is-layout-constrained wp-block-group-is-layout-constrained\">\n<div class=\"wp-block-group eplus-wrapper\"><div class=\"wp-block-group__inner-container is-layout-constrained wp-block-group-is-layout-constrained\">\n<div style=\"height:50px\" aria-hidden=\"true\" class=\" wp-block-spacer eplus-wrapper\"><\/div>\n\n\n\n<div style=\"height:50px\" aria-hidden=\"true\" class=\"hide-mobile wp-block-spacer eplus-wrapper\"><\/div>\n\n\n<div class=\"wp-block-columns eplus-wrapper is-layout-flex wp-container-core-columns-is-layout-9d6595d7 wp-block-columns-is-layout-flex eplus-styles-uid-5c063d\">\n<div class=\"wp-block-column eplus-wrapper is-layout-flow wp-block-column-is-layout-flow\" style=\"flex-basis:10%\"><\/div>\n\n\n\n<div class=\"wp-block-column eplus-wrapper is-layout-flow wp-block-column-is-layout-flow\">\n<h1 class=\" wp-block-heading has-text-align-left eplus-wrapper\">Gennemsigtighedsloven \u2013 arbejdet med grundl\u00e6ggende menneskerettigheder og anst\u00e6ndige arbejdsvilk\u00e5r.<\/h1>\n<\/div>\n<\/div>\n\n\n<div style=\"height:50px\" aria-hidden=\"true\" class=\" wp-block-spacer eplus-wrapper\"><\/div>\n<\/div><\/div>\n<\/div><\/div>\n\n\n\n<div style=\"height:50px\" aria-hidden=\"true\" class=\" wp-block-spacer eplus-wrapper\"><\/div>\n\n\n\n<div class=\"wp-block-group eplus-wrapper\"><div class=\"wp-block-group__inner-container is-layout-constrained wp-block-group-is-layout-constrained\"><div class=\"wp-block-columns eplus-wrapper is-layout-flex wp-container-core-columns-is-layout-9d6595d7 wp-block-columns-is-layout-flex eplus-styles-uid-3329e3\">\n<div class=\"wp-block-column eplus-wrapper is-layout-flow wp-block-column-is-layout-flow\" style=\"flex-basis:15%\"><\/div>\n\n\n\n<div class=\"wp-block-column eplus-wrapper is-layout-flow wp-block-column-is-layout-flow\" style=\"flex-basis:80%\">\n<p class=\" eplus-wrapper\">Gennemsigtighedsloven har til form\u00e5l at fremme virksomheders respekt for menneskerettigheder og anst\u00e6ndige arbejdsvilk\u00e5r samt sikre offentlighedens adgang til information. Nordic Crane AS er omfattet af paragraf 3 a, nr. 1-3, i lov om gennemsigtighed.<\/p>\n\n\n\n<p class=\" eplus-wrapper\">Nordic Crane bestr\u00e6ber sig p\u00e5 at sikre ansvarlighed i vores drift i forbindelse med levering af vores tjenester. Dette fremg\u00e5r tydeligt af vores b\u00e6redygtighedspolitik og etiske retningslinjer.<\/p>\n\n\n\n<p class=\" eplus-wrapper\">Vores kortl\u00e6gning af forsyningsk\u00e6der og samarbejdspartnere tager udgangspunkt i OECD&#8217;s model for due diligence. Dette omfatter en risikobaseret tilgang til vurdering af overholdelse af menneskerettigheder og sikring af anst\u00e6ndige arbejdsforhold hos vores leverand\u00f8rer og forretningspartnere.<\/p>\n\n\n\n<div style=\"height:33px\" aria-hidden=\"true\" class=\" wp-block-spacer eplus-wrapper\"><\/div>\n\n\n\n<figure class=\" wp-block-image size-full is-resized eplus-wrapper\"><img loading=\"lazy\" decoding=\"async\" width=\"1250\" height=\"781\" src=\"https:\/\/nordiccrane.com\/dk\/wp-content\/uploads\/sites\/4\/2024\/06\/OECD-Eng.jpg\" alt=\"\" class=\"wp-image-23378\" style=\"width:558px;height:auto\" srcset=\"https:\/\/nordiccrane.com\/dk\/wp-content\/uploads\/sites\/4\/2024\/06\/OECD-Eng.jpg 1250w, https:\/\/nordiccrane.com\/dk\/wp-content\/uploads\/sites\/4\/2024\/06\/OECD-Eng-300x187.jpg 300w, https:\/\/nordiccrane.com\/dk\/wp-content\/uploads\/sites\/4\/2024\/06\/OECD-Eng-1024x640.jpg 1024w, https:\/\/nordiccrane.com\/dk\/wp-content\/uploads\/sites\/4\/2024\/06\/OECD-Eng-768x480.jpg 768w\" sizes=\"auto, (max-width: 1250px) 100vw, 1250px\" \/><\/figure>\n\n\n\n<div style=\"height:47px\" aria-hidden=\"true\" class=\" wp-block-spacer eplus-wrapper\"><\/div>\n\n\n\n<p class=\" eplus-wrapper\">Nordic Cranes forsyningsk\u00e6de har flere led og underleverand\u00f8rer, som igen har deres egne forsyningsk\u00e6der. Dette kr\u00e6ver prioritering i due diligence-vurderingen. Vi prioriterer ud fra en vurdering af risikoen (type og omfang) for potentielle og faktiske negative konsekvenser for menneskerettigheder og anst\u00e6ndige arbejdsforhold. Dette er en l\u00f8bende proces og i overensstemmelse med form\u00e5let med gennemsigtighedsloven.<\/p>\n\n\n\n<p class=\" eplus-wrapper\">Gennem vores prioriterede vurderinger vil vi til enhver tid efters\u00f8ge og identificere, forebygge\/undg\u00e5 og reducere potentielle og faktiske negative p\u00e5virkninger. Det g\u00e6lder b\u00e5de internt i vores forretning, i vores forsyningsk\u00e6de og hos samarbejdspartnere.<\/p>\n\n\n\n<p class=\" eplus-wrapper\">Nordic Cranes \u00e5rlige due diligence-rapporter offentligg\u00f8res p\u00e5 denne side.<\/p>\n\n\n\n<p class=\" eplus-wrapper\">Gennemsigtighedsloven giver alle ret til at bede virksomheder om oplysninger om, hvordan de h\u00e5ndterer negative konsekvenser for grundl\u00e6ggende menneskerettigheder og anst\u00e6ndige arbejdsvilk\u00e5r. Hvis s\u00e5danne oplysninger \u00f8nskes fra Nordic Crane, kan f\u00f8lgende e-mail bruges: <a href=\"mailto:aapenhetsloven@nordiccrane.com\" class=\"ek-link\">aapenhetsloven@nordiccrane.com<\/a><\/p>\n\n\n\n<p class=\" eplus-wrapper\"><strong>Behandling af informationskrav<\/strong><br>I henhold til gennemsigtighedsloven har enhver ret til skriftlig information om hvordan vores virksomhed h\u00e5ndterer faktiske og mulige negative konsekvenser relateret til menneskerettigheder og anst\u00e6ndige arbejdsforhold i vores forsyningsk\u00e6der.<\/p>\n\n\n\n<p class=\" eplus-wrapper\">Se vores politik og\u00a0<a href=\"https:\/\/kynningsrud.integrityline.com\/frontpage\" class=\"ek-link\">\u00a0rapporteringssystem for rapportering af forkerte forhold<\/a>.\u00a0<\/p>\n\n\n\n<p class=\" eplus-wrapper\"><strong>Etiske retningslinjer og b\u00e6redygtighed\u00a0<br><\/strong>Se vores\u00a0<a href=\"https:\/\/nordiccrane.com\/dk\/etiske-retningslinjer-og-baeredygtighed\/\" class=\"ek-link\">etiske retningslinjer og b\u00e6redygtighed<\/a>.<\/p>\n\n\n\n<p class=\" eplus-wrapper\"><strong>Agtsomhedsvurdering<br><\/strong>Se vores <a href=\"https:\/\/nordiccrane.com\/dk\/wp-content\/uploads\/sites\/4\/2024\/06\/Redegjorelse-for-aktsomhetsvurderinge-Nordic-Crane-AS-2024-Danmark.docx\" target=\"_blank\" aria-label=\"redeg\u00f8relse for agtsomhedsvurderinger (opens in a new tab)\" rel=\"noreferrer noopener\" class=\"ek-link\">redeg\u00f8relse for agtsomhedsvurderinger<\/a><a data-type=\"page\" data-id=\"20926\" href=\"https:\/\/nordiccrane.com\/no\/etiske-retningslinjer-og-baerekraft\/\" class=\"ek-link\">.<\/a><\/p>\n<\/div>\n\n\n\n<div class=\"wp-block-column eplus-wrapper is-layout-flow wp-block-column-is-layout-flow\" style=\"flex-basis:15%\"><\/div>\n<\/div><\/div><\/div>\n\n\n\n<div style=\"height:200px\" aria-hidden=\"true\" class=\" wp-block-spacer eplus-wrapper\"><\/div>\n","protected":false},"excerpt":{"rendered":"<p>Gennemsigtighedsloven \u2013 arbejdet med grundl\u00e6ggende menneskerettigheder og anst\u00e6ndige arbejdsvilk\u00e5r. Gennemsigtighedsloven har til form\u00e5l at fremme virksomheders respekt for menneskerettigheder og anst\u00e6ndige arbejdsvilk\u00e5r samt sikre offentlighedens adgang til information. Nordic Crane AS er omfattet af paragraf 3 a, nr. 1-3, i lov om gennemsigtighed. Nordic Crane bestr\u00e6ber sig p\u00e5 at sikre ansvarlighed i vores drift i [&hellip;]<\/p>\n","protected":false},"author":1,"featured_media":0,"parent":0,"menu_order":0,"comment_status":"closed","ping_status":"closed","template":"","meta":{"_acf_changed":false,"inline_featured_image":false,"_editorskit_title_hidden":false,"_editorskit_reading_time":0,"_editorskit_is_block_options_detached":false,"_editorskit_block_options_position":"{}","editor_plus_copied_stylings":"{}","footnotes":""},"class_list":["post-20905","page","type-page","status-publish","hentry"],"acf":[],"featured_image_src":null,"yoast_head":"<!-- This site is optimized with the Yoast SEO plugin v26.9 - https:\/\/yoast.com\/product\/yoast-seo-wordpress\/ -->\n<title>Gennemsigtighedsloven - Nordic Crane Danmark<\/title>\n<meta name=\"robots\" content=\"index, follow, max-snippet:-1, max-image-preview:large, max-video-preview:-1\" \/>\n<link rel=\"canonical\" href=\"https:\/\/nordiccrane.com\/dk\/gennemsigtighedsloven\/\" \/>\n<meta property=\"og:locale\" content=\"da_DK\" \/>\n<meta property=\"og:type\" content=\"article\" \/>\n<meta property=\"og:title\" content=\"Gennemsigtighedsloven - Nordic Crane Danmark\" \/>\n<meta property=\"og:description\" content=\"Gennemsigtighedsloven \u2013 arbejdet med grundl\u00e6ggende menneskerettigheder og anst\u00e6ndige arbejdsvilk\u00e5r. Gennemsigtighedsloven har til form\u00e5l at fremme virksomheders respekt for menneskerettigheder og anst\u00e6ndige arbejdsvilk\u00e5r samt sikre offentlighedens adgang til information. Nordic Crane AS er omfattet af paragraf 3 a, nr. 1-3, i lov om gennemsigtighed. Nordic Crane bestr\u00e6ber sig p\u00e5 at sikre ansvarlighed i vores drift i [&hellip;]\" \/>\n<meta property=\"og:url\" content=\"https:\/\/nordiccrane.com\/dk\/gennemsigtighedsloven\/\" \/>\n<meta property=\"og:site_name\" content=\"Nordic Crane Danmark\" \/>\n<meta property=\"article:modified_time\" content=\"2024-06-21T08:58:48+00:00\" \/>\n<meta property=\"og:image\" content=\"https:\/\/nordiccrane.com\/dk\/wp-content\/uploads\/sites\/4\/2024\/06\/OECD-Eng.jpg\" \/>\n<meta name=\"twitter:card\" content=\"summary_large_image\" \/>\n<meta name=\"twitter:label1\" content=\"Estimeret l\u00e6setid\" \/>\n\t<meta name=\"twitter:data1\" content=\"2 minutter\" \/>\n<script type=\"application\/ld+json\" class=\"yoast-schema-graph\">{\"@context\":\"https:\/\/schema.org\",\"@graph\":[{\"@type\":\"WebPage\",\"@id\":\"https:\/\/nordiccrane.com\/dk\/gennemsigtighedsloven\/\",\"url\":\"https:\/\/nordiccrane.com\/dk\/gennemsigtighedsloven\/\",\"name\":\"Gennemsigtighedsloven - Nordic Crane Danmark\",\"isPartOf\":{\"@id\":\"https:\/\/nordiccrane.com\/dk\/#website\"},\"primaryImageOfPage\":{\"@id\":\"https:\/\/nordiccrane.com\/dk\/gennemsigtighedsloven\/#primaryimage\"},\"image\":{\"@id\":\"https:\/\/nordiccrane.com\/dk\/gennemsigtighedsloven\/#primaryimage\"},\"thumbnailUrl\":\"https:\/\/nordiccrane.com\/dk\/wp-content\/uploads\/sites\/4\/2024\/06\/OECD-Eng.jpg\",\"datePublished\":\"2023-12-11T12:26:30+00:00\",\"dateModified\":\"2024-06-21T08:58:48+00:00\",\"breadcrumb\":{\"@id\":\"https:\/\/nordiccrane.com\/dk\/gennemsigtighedsloven\/#breadcrumb\"},\"inLanguage\":\"da-DK\",\"potentialAction\":[{\"@type\":\"ReadAction\",\"target\":[\"https:\/\/nordiccrane.com\/dk\/gennemsigtighedsloven\/\"]}]},{\"@type\":\"ImageObject\",\"inLanguage\":\"da-DK\",\"@id\":\"https:\/\/nordiccrane.com\/dk\/gennemsigtighedsloven\/#primaryimage\",\"url\":\"https:\/\/nordiccrane.com\/dk\/wp-content\/uploads\/sites\/4\/2024\/06\/OECD-Eng.jpg\",\"contentUrl\":\"https:\/\/nordiccrane.com\/dk\/wp-content\/uploads\/sites\/4\/2024\/06\/OECD-Eng.jpg\",\"width\":1250,\"height\":781},{\"@type\":\"BreadcrumbList\",\"@id\":\"https:\/\/nordiccrane.com\/dk\/gennemsigtighedsloven\/#breadcrumb\",\"itemListElement\":[{\"@type\":\"ListItem\",\"position\":1,\"name\":\"Home\",\"item\":\"https:\/\/nordiccrane.com\/dk\/\"},{\"@type\":\"ListItem\",\"position\":2,\"name\":\"Gennemsigtighedsloven\"}]},{\"@type\":\"WebSite\",\"@id\":\"https:\/\/nordiccrane.com\/dk\/#website\",\"url\":\"https:\/\/nordiccrane.com\/dk\/\",\"name\":\"Nordic Crane Danmark\",\"description\":\"\",\"potentialAction\":[{\"@type\":\"SearchAction\",\"target\":{\"@type\":\"EntryPoint\",\"urlTemplate\":\"https:\/\/nordiccrane.com\/dk\/?s={search_term_string}\"},\"query-input\":{\"@type\":\"PropertyValueSpecification\",\"valueRequired\":true,\"valueName\":\"search_term_string\"}}],\"inLanguage\":\"da-DK\"}]}<\/script>\n<!-- \/ Yoast SEO plugin. -->","yoast_head_json":{"title":"Gennemsigtighedsloven - Nordic Crane Danmark","robots":{"index":"index","follow":"follow","max-snippet":"max-snippet:-1","max-image-preview":"max-image-preview:large","max-video-preview":"max-video-preview:-1"},"canonical":"https:\/\/nordiccrane.com\/dk\/gennemsigtighedsloven\/","og_locale":"da_DK","og_type":"article","og_title":"Gennemsigtighedsloven - Nordic Crane Danmark","og_description":"Gennemsigtighedsloven \u2013 arbejdet med grundl\u00e6ggende menneskerettigheder og anst\u00e6ndige arbejdsvilk\u00e5r. Gennemsigtighedsloven har til form\u00e5l at fremme virksomheders respekt for menneskerettigheder og anst\u00e6ndige arbejdsvilk\u00e5r samt sikre offentlighedens adgang til information. Nordic Crane AS er omfattet af paragraf 3 a, nr. 1-3, i lov om gennemsigtighed. Nordic Crane bestr\u00e6ber sig p\u00e5 at sikre ansvarlighed i vores drift i [&hellip;]","og_url":"https:\/\/nordiccrane.com\/dk\/gennemsigtighedsloven\/","og_site_name":"Nordic Crane Danmark","article_modified_time":"2024-06-21T08:58:48+00:00","og_image":[{"url":"https:\/\/nordiccrane.com\/dk\/wp-content\/uploads\/sites\/4\/2024\/06\/OECD-Eng.jpg","type":"","width":"","height":""}],"twitter_card":"summary_large_image","twitter_misc":{"Estimeret l\u00e6setid":"2 minutter"},"schema":{"@context":"https:\/\/schema.org","@graph":[{"@type":"WebPage","@id":"https:\/\/nordiccrane.com\/dk\/gennemsigtighedsloven\/","url":"https:\/\/nordiccrane.com\/dk\/gennemsigtighedsloven\/","name":"Gennemsigtighedsloven - Nordic Crane Danmark","isPartOf":{"@id":"https:\/\/nordiccrane.com\/dk\/#website"},"primaryImageOfPage":{"@id":"https:\/\/nordiccrane.com\/dk\/gennemsigtighedsloven\/#primaryimage"},"image":{"@id":"https:\/\/nordiccrane.com\/dk\/gennemsigtighedsloven\/#primaryimage"},"thumbnailUrl":"https:\/\/nordiccrane.com\/dk\/wp-content\/uploads\/sites\/4\/2024\/06\/OECD-Eng.jpg","datePublished":"2023-12-11T12:26:30+00:00","dateModified":"2024-06-21T08:58:48+00:00","breadcrumb":{"@id":"https:\/\/nordiccrane.com\/dk\/gennemsigtighedsloven\/#breadcrumb"},"inLanguage":"da-DK","potentialAction":[{"@type":"ReadAction","target":["https:\/\/nordiccrane.com\/dk\/gennemsigtighedsloven\/"]}]},{"@type":"ImageObject","inLanguage":"da-DK","@id":"https:\/\/nordiccrane.com\/dk\/gennemsigtighedsloven\/#primaryimage","url":"https:\/\/nordiccrane.com\/dk\/wp-content\/uploads\/sites\/4\/2024\/06\/OECD-Eng.jpg","contentUrl":"https:\/\/nordiccrane.com\/dk\/wp-content\/uploads\/sites\/4\/2024\/06\/OECD-Eng.jpg","width":1250,"height":781},{"@type":"BreadcrumbList","@id":"https:\/\/nordiccrane.com\/dk\/gennemsigtighedsloven\/#breadcrumb","itemListElement":[{"@type":"ListItem","position":1,"name":"Home","item":"https:\/\/nordiccrane.com\/dk\/"},{"@type":"ListItem","position":2,"name":"Gennemsigtighedsloven"}]},{"@type":"WebSite","@id":"https:\/\/nordiccrane.com\/dk\/#website","url":"https:\/\/nordiccrane.com\/dk\/","name":"Nordic Crane Danmark","description":"","potentialAction":[{"@type":"SearchAction","target":{"@type":"EntryPoint","urlTemplate":"https:\/\/nordiccrane.com\/dk\/?s={search_term_string}"},"query-input":{"@type":"PropertyValueSpecification","valueRequired":true,"valueName":"search_term_string"}}],"inLanguage":"da-DK"}]}},"_links":{"self":[{"href":"https:\/\/nordiccrane.com\/dk\/wp-json\/wp\/v2\/pages\/20905","targetHints":{"allow":["GET"]}}],"collection":[{"href":"https:\/\/nordiccrane.com\/dk\/wp-json\/wp\/v2\/pages"}],"about":[{"href":"https:\/\/nordiccrane.com\/dk\/wp-json\/wp\/v2\/types\/page"}],"author":[{"embeddable":true,"href":"https:\/\/nordiccrane.com\/dk\/wp-json\/wp\/v2\/users\/1"}],"replies":[{"embeddable":true,"href":"https:\/\/nordiccrane.com\/dk\/wp-json\/wp\/v2\/comments?post=20905"}],"version-history":[{"count":11,"href":"https:\/\/nordiccrane.com\/dk\/wp-json\/wp\/v2\/pages\/20905\/revisions"}],"predecessor-version":[{"id":23382,"href":"https:\/\/nordiccrane.com\/dk\/wp-json\/wp\/v2\/pages\/20905\/revisions\/23382"}],"wp:attachment":[{"href":"https:\/\/nordiccrane.com\/dk\/wp-json\/wp\/v2\/media?parent=20905"}],"curies":[{"name":"wp","href":"https:\/\/api.w.org\/{rel}","templated":true}]}}