{"id":20044,"date":"2023-12-06T12:43:03","date_gmt":"2023-12-06T11:43:03","guid":{"rendered":"https:\/\/nordiccrane.com\/no\/?page_id=20044"},"modified":"2024-04-11T16:59:42","modified_gmt":"2024-04-11T14:59:42","slug":"jobb-hos-oss","status":"publish","type":"page","link":"https:\/\/nordiccrane.com\/no\/om-oss\/jobb-hos-oss\/","title":{"rendered":"Jobb hos oss"},"content":{"rendered":"\n<div class=\"wp-block-group alignfull has-light-blue-background-color has-background eplus-wrapper\"><div class=\"wp-block-group__inner-container is-layout-constrained wp-block-group-is-layout-constrained\">\n<div style=\"height:40px\" aria-hidden=\"true\" class=\" wp-block-spacer eplus-wrapper\"><\/div>\n\n\n\n<div class=\"wp-block-group eplus-wrapper\"><div class=\"wp-block-group__inner-container is-layout-constrained wp-block-group-is-layout-constrained\"><div class=\"wp-block-columns eplus-wrapper is-layout-flex wp-container-core-columns-is-layout-9d6595d7 wp-block-columns-is-layout-flex eplus-styles-uid-ad600c\">\n<div class=\"wp-block-column is-vertically-aligned-center eplus-wrapper is-layout-flow wp-block-column-is-layout-flow\" style=\"flex-basis:45%\">\n<p class=\"small-title eplus-wrapper\">JOBB HOS OSS<\/p>\n\n\n\n<h2 class=\" wp-block-heading eplus-wrapper\">Oppdag spennende muligheter i Nordic Crane<\/h2>\n\n\n\n<p class=\" eplus-wrapper\">Det finnes flere m\u00e5ter \u00e5 s\u00f8ke p\u00e5 jobb hos Nordic Crane. Du kan s\u00f8ke p\u00e5 ledige stillinger n\u00e5r vi legger de ut p\u00e5 sosiale medier\/hjemmeside eller gjennom en \u00e5pen s\u00f8knad.<\/p>\n\n\n\n<p class=\" eplus-wrapper\">Vi trenger alltid kompetent og kunnskapsrike medarbeidere hos oss og en \u00e5pen s\u00f8knad inneb\u00e6rer at du viser interesse for \u00e5 jobbe hos oss, selv om det ikke finnes en annonsert stilling i \u00f8yeblikket.<\/p>\n\n\n\n<div style=\"height:40px\" aria-hidden=\"true\" class=\" wp-block-spacer eplus-wrapper\"><\/div>\n\n\n<div class=\"inner-padding wp-block-columns has-white-background-color has-background eplus-wrapper is-layout-flex wp-container-core-columns-is-layout-9d6595d7 wp-block-columns-is-layout-flex eplus-styles-uid-00b864\">\n<div class=\"inner-padding wp-block-column eplus-wrapper is-layout-flow wp-block-column-is-layout-flow\" style=\"flex-basis:98%\">\n<p class=\" eplus-wrapper\">Send inn en \u00e5pen s\u00f8knad med CV og personlig brev til <a href=\"mailto:jobb.no@nordiccrane.com\" class=\"ek-link\">jobb.no@nordiccrane.com<\/a> og merk e-posten med &laquo;\u00c5pen s\u00f8knad&raquo;<\/p>\n<\/div>\n<\/div><\/div>\n\n\n\n<div class=\"wp-block-column eplus-wrapper is-layout-flow wp-block-column-is-layout-flow\" style=\"flex-basis:5%\"><\/div>\n\n\n\n<div class=\"wp-block-column is-vertically-aligned-center eplus-wrapper is-layout-flow wp-block-column-is-layout-flow\" style=\"flex-basis:50%\"><figure class=\"skew-img-page-top wp-block-image size-large eplus-wrapper eplus-styles-uid-cbf413\"><img loading=\"lazy\" decoding=\"async\" width=\"1024\" height=\"768\" src=\"https:\/\/nordiccrane.com\/no\/wp-content\/uploads\/sites\/2\/2023\/12\/IMG_5137-1024x768.jpg\" alt=\"\" class=\"wp-image-20152\" srcset=\"https:\/\/nordiccrane.com\/no\/wp-content\/uploads\/sites\/2\/2023\/12\/IMG_5137-1024x768.jpg 1024w, https:\/\/nordiccrane.com\/no\/wp-content\/uploads\/sites\/2\/2023\/12\/IMG_5137-300x225.jpg 300w, https:\/\/nordiccrane.com\/no\/wp-content\/uploads\/sites\/2\/2023\/12\/IMG_5137-768x576.jpg 768w, https:\/\/nordiccrane.com\/no\/wp-content\/uploads\/sites\/2\/2023\/12\/IMG_5137-1536x1152.jpg 1536w, https:\/\/nordiccrane.com\/no\/wp-content\/uploads\/sites\/2\/2023\/12\/IMG_5137.jpg 2000w\" sizes=\"auto, (max-width: 1024px) 100vw, 1024px\" \/><\/figure><\/div>\n<\/div><\/div><\/div>\n\n\n\n<div style=\"height:40px\" aria-hidden=\"true\" class=\" wp-block-spacer eplus-wrapper\"><\/div>\n<\/div><\/div>\n\n\n\n<div style=\"height:52px\" aria-hidden=\"true\" class=\" wp-block-spacer eplus-wrapper\"><\/div>\n\n\n\n<div class=\"wp-block-group eplus-wrapper\"><div class=\"wp-block-group__inner-container is-layout-constrained wp-block-group-is-layout-constrained\"><div class=\"no-margin-left wp-block-columns eplus-wrapper is-layout-flex wp-container-core-columns-is-layout-9d6595d7 wp-block-columns-is-layout-flex eplus-styles-uid-771e71\">\n<div class=\"wp-block-column eplus-wrapper is-layout-flow wp-block-column-is-layout-flow\">\n<div class=\"wp-block-query eplus-wrapper is-layout-flow wp-block-query-is-layout-flow\"><ul class=\"columns-3 wp-block-post-template is-layout-grid wp-container-core-post-template-is-layout-2fc57c17 wp-block-post-template-is-layout-grid\"><li class=\"wp-block-post post-24576 post type-post status-publish format-standard has-post-thumbnail hentry category-ledig-stilling\">\n\n<div class=\"wp-block-group eplus-wrapper\" style=\"padding-top:30px;padding-right:30px;padding-bottom:30px;padding-left:30px\"><div class=\"wp-block-group__inner-container is-layout-flow wp-block-group-is-layout-flow\"><div class=\"wp-block-post-date\"><time datetime=\"2026-03-23T13:42:11+01:00\">23. mars 2026<\/time><\/div>\n\n<h4 class=\"wp-block-post-title\"><a href=\"https:\/\/nordiccrane.com\/no\/mobilkranforere-sokes-til-bergen\/ledig-stilling\/\" target=\"_self\">Mobilkranf\u00f8rere s\u00f8kes til Bergen<\/a><\/h4>\n\n\n<div style=\"height:10px\" aria-hidden=\"true\" class=\" wp-block-spacer eplus-wrapper\"><\/div>\n\n\n\n<div style=\"height:10px\" aria-hidden=\"true\" class=\" wp-block-spacer eplus-wrapper\"><\/div>\n\n\n<figure style=\"aspect-ratio:3\/2;\" class=\"wp-block-post-featured-image\"><a href=\"https:\/\/nordiccrane.com\/no\/mobilkranforere-sokes-til-bergen\/ledig-stilling\/\" target=\"_self\"><img loading=\"lazy\" decoding=\"async\" width=\"2560\" height=\"1706\" src=\"https:\/\/nordiccrane.com\/no\/wp-content\/uploads\/sites\/2\/2024\/01\/ltm-1230-5.1-nordic-crane-ab-095604-3-reduziert-scaled.jpg\" class=\"attachment-post-thumbnail size-post-thumbnail wp-post-image\" alt=\"Mobilkranf\u00f8rere s\u00f8kes til Bergen\" style=\"width:100%;height:100%;object-fit:cover;\" srcset=\"https:\/\/nordiccrane.com\/no\/wp-content\/uploads\/sites\/2\/2024\/01\/ltm-1230-5.1-nordic-crane-ab-095604-3-reduziert-scaled.jpg 2560w, https:\/\/nordiccrane.com\/no\/wp-content\/uploads\/sites\/2\/2024\/01\/ltm-1230-5.1-nordic-crane-ab-095604-3-reduziert-300x200.jpg 300w, https:\/\/nordiccrane.com\/no\/wp-content\/uploads\/sites\/2\/2024\/01\/ltm-1230-5.1-nordic-crane-ab-095604-3-reduziert-1024x683.jpg 1024w, https:\/\/nordiccrane.com\/no\/wp-content\/uploads\/sites\/2\/2024\/01\/ltm-1230-5.1-nordic-crane-ab-095604-3-reduziert-768x512.jpg 768w, https:\/\/nordiccrane.com\/no\/wp-content\/uploads\/sites\/2\/2024\/01\/ltm-1230-5.1-nordic-crane-ab-095604-3-reduziert-1536x1024.jpg 1536w, https:\/\/nordiccrane.com\/no\/wp-content\/uploads\/sites\/2\/2024\/01\/ltm-1230-5.1-nordic-crane-ab-095604-3-reduziert-2048x1365.jpg 2048w\" sizes=\"auto, (max-width: 2560px) 100vw, 2560px\"><\/a><\/figure><\/div><\/div>\n\n<\/li><\/ul><\/div>\n<\/div>\n<\/div><\/div><\/div>\n\n\n\n<div style=\"height:214px\" aria-hidden=\"true\" class=\" wp-block-spacer eplus-wrapper\"><\/div>\n","protected":false},"excerpt":{"rendered":"<p>JOBB HOS OSS Oppdag spennende muligheter i Nordic Crane Det finnes flere m\u00e5ter \u00e5 s\u00f8ke p\u00e5 jobb hos Nordic Crane. Du kan s\u00f8ke p\u00e5 ledige stillinger n\u00e5r vi legger de ut p\u00e5 sosiale medier\/hjemmeside eller gjennom en \u00e5pen s\u00f8knad. Vi trenger alltid kompetent og kunnskapsrike medarbeidere hos oss og en \u00e5pen s\u00f8knad inneb\u00e6rer at du [&hellip;]<\/p>\n","protected":false},"author":1,"featured_media":0,"parent":20046,"menu_order":0,"comment_status":"closed","ping_status":"closed","template":"","meta":{"_acf_changed":false,"inline_featured_image":false,"_editorskit_title_hidden":false,"_editorskit_reading_time":0,"_editorskit_is_block_options_detached":false,"_editorskit_block_options_position":"{}","editor_plus_copied_stylings":"{}","footnotes":""},"class_list":["post-20044","page","type-page","status-publish","hentry"],"acf":[],"featured_image_src":null,"yoast_head":"<!-- This site is optimized with the Yoast SEO plugin v27.4 - https:\/\/yoast.com\/product\/yoast-seo-wordpress\/ -->\n<title>Jobb hos oss - Nordic Crane Norge<\/title>\n<meta name=\"robots\" content=\"index, follow, max-snippet:-1, max-image-preview:large, max-video-preview:-1\" \/>\n<link rel=\"canonical\" href=\"https:\/\/nordiccrane.com\/no\/om-oss\/jobb-hos-oss\/\" \/>\n<meta property=\"og:locale\" content=\"nb_NO\" \/>\n<meta property=\"og:type\" content=\"article\" \/>\n<meta property=\"og:title\" content=\"Jobb hos oss - Nordic Crane Norge\" \/>\n<meta property=\"og:description\" content=\"JOBB HOS OSS Oppdag spennende muligheter i Nordic Crane Det finnes flere m\u00e5ter \u00e5 s\u00f8ke p\u00e5 jobb hos Nordic Crane. Du kan s\u00f8ke p\u00e5 ledige stillinger n\u00e5r vi legger de ut p\u00e5 sosiale medier\/hjemmeside eller gjennom en \u00e5pen s\u00f8knad. Vi trenger alltid kompetent og kunnskapsrike medarbeidere hos oss og en \u00e5pen s\u00f8knad inneb\u00e6rer at du [&hellip;]\" \/>\n<meta property=\"og:url\" content=\"https:\/\/nordiccrane.com\/no\/om-oss\/jobb-hos-oss\/\" \/>\n<meta property=\"og:site_name\" content=\"Nordic Crane Norge\" \/>\n<meta property=\"article:modified_time\" content=\"2024-04-11T14:59:42+00:00\" \/>\n<meta property=\"og:image\" content=\"https:\/\/nordiccrane.com\/no\/wp-content\/uploads\/sites\/2\/2023\/12\/IMG_5137-1024x768.jpg\" \/>\n<meta name=\"twitter:card\" content=\"summary_large_image\" \/>\n<meta name=\"twitter:label1\" content=\"Ansl. lesetid\" \/>\n\t<meta name=\"twitter:data1\" content=\"1 minutt\" \/>\n<script type=\"application\/ld+json\" class=\"yoast-schema-graph\">{\"@context\":\"https:\\\/\\\/schema.org\",\"@graph\":[{\"@type\":\"WebPage\",\"@id\":\"https:\\\/\\\/nordiccrane.com\\\/no\\\/om-oss\\\/jobb-hos-oss\\\/\",\"url\":\"https:\\\/\\\/nordiccrane.com\\\/no\\\/om-oss\\\/jobb-hos-oss\\\/\",\"name\":\"Jobb hos oss - Nordic Crane Norge\",\"isPartOf\":{\"@id\":\"https:\\\/\\\/nordiccrane.com\\\/no\\\/#website\"},\"primaryImageOfPage\":{\"@id\":\"https:\\\/\\\/nordiccrane.com\\\/no\\\/om-oss\\\/jobb-hos-oss\\\/#primaryimage\"},\"image\":{\"@id\":\"https:\\\/\\\/nordiccrane.com\\\/no\\\/om-oss\\\/jobb-hos-oss\\\/#primaryimage\"},\"thumbnailUrl\":\"https:\\\/\\\/nordiccrane.com\\\/no\\\/wp-content\\\/uploads\\\/sites\\\/2\\\/2023\\\/12\\\/IMG_5137-1024x768.jpg\",\"datePublished\":\"2023-12-06T11:43:03+00:00\",\"dateModified\":\"2024-04-11T14:59:42+00:00\",\"breadcrumb\":{\"@id\":\"https:\\\/\\\/nordiccrane.com\\\/no\\\/om-oss\\\/jobb-hos-oss\\\/#breadcrumb\"},\"inLanguage\":\"nb-NO\",\"potentialAction\":[{\"@type\":\"ReadAction\",\"target\":[\"https:\\\/\\\/nordiccrane.com\\\/no\\\/om-oss\\\/jobb-hos-oss\\\/\"]}]},{\"@type\":\"ImageObject\",\"inLanguage\":\"nb-NO\",\"@id\":\"https:\\\/\\\/nordiccrane.com\\\/no\\\/om-oss\\\/jobb-hos-oss\\\/#primaryimage\",\"url\":\"https:\\\/\\\/nordiccrane.com\\\/no\\\/wp-content\\\/uploads\\\/sites\\\/2\\\/2023\\\/12\\\/IMG_5137.jpg\",\"contentUrl\":\"https:\\\/\\\/nordiccrane.com\\\/no\\\/wp-content\\\/uploads\\\/sites\\\/2\\\/2023\\\/12\\\/IMG_5137.jpg\",\"width\":2000,\"height\":1500},{\"@type\":\"BreadcrumbList\",\"@id\":\"https:\\\/\\\/nordiccrane.com\\\/no\\\/om-oss\\\/jobb-hos-oss\\\/#breadcrumb\",\"itemListElement\":[{\"@type\":\"ListItem\",\"position\":1,\"name\":\"Home\",\"item\":\"https:\\\/\\\/nordiccrane.com\\\/no\\\/\"},{\"@type\":\"ListItem\",\"position\":2,\"name\":\"Om oss\",\"item\":\"https:\\\/\\\/nordiccrane.com\\\/no\\\/om-oss\\\/\"},{\"@type\":\"ListItem\",\"position\":3,\"name\":\"Jobb hos oss\"}]},{\"@type\":\"WebSite\",\"@id\":\"https:\\\/\\\/nordiccrane.com\\\/no\\\/#website\",\"url\":\"https:\\\/\\\/nordiccrane.com\\\/no\\\/\",\"name\":\"Nordic Crane Norge\",\"description\":\"\",\"potentialAction\":[{\"@type\":\"SearchAction\",\"target\":{\"@type\":\"EntryPoint\",\"urlTemplate\":\"https:\\\/\\\/nordiccrane.com\\\/no\\\/?s={search_term_string}\"},\"query-input\":{\"@type\":\"PropertyValueSpecification\",\"valueRequired\":true,\"valueName\":\"search_term_string\"}}],\"inLanguage\":\"nb-NO\"}]}<\/script>\n<!-- \/ Yoast SEO plugin. -->","yoast_head_json":{"title":"Jobb hos oss - Nordic Crane Norge","robots":{"index":"index","follow":"follow","max-snippet":"max-snippet:-1","max-image-preview":"max-image-preview:large","max-video-preview":"max-video-preview:-1"},"canonical":"https:\/\/nordiccrane.com\/no\/om-oss\/jobb-hos-oss\/","og_locale":"nb_NO","og_type":"article","og_title":"Jobb hos oss - Nordic Crane Norge","og_description":"JOBB HOS OSS Oppdag spennende muligheter i Nordic Crane Det finnes flere m\u00e5ter \u00e5 s\u00f8ke p\u00e5 jobb hos Nordic Crane. Du kan s\u00f8ke p\u00e5 ledige stillinger n\u00e5r vi legger de ut p\u00e5 sosiale medier\/hjemmeside eller gjennom en \u00e5pen s\u00f8knad. Vi trenger alltid kompetent og kunnskapsrike medarbeidere hos oss og en \u00e5pen s\u00f8knad inneb\u00e6rer at du [&hellip;]","og_url":"https:\/\/nordiccrane.com\/no\/om-oss\/jobb-hos-oss\/","og_site_name":"Nordic Crane Norge","article_modified_time":"2024-04-11T14:59:42+00:00","og_image":[{"url":"https:\/\/nordiccrane.com\/no\/wp-content\/uploads\/sites\/2\/2023\/12\/IMG_5137-1024x768.jpg","type":"","width":"","height":""}],"twitter_card":"summary_large_image","twitter_misc":{"Ansl. lesetid":"1 minutt"},"schema":{"@context":"https:\/\/schema.org","@graph":[{"@type":"WebPage","@id":"https:\/\/nordiccrane.com\/no\/om-oss\/jobb-hos-oss\/","url":"https:\/\/nordiccrane.com\/no\/om-oss\/jobb-hos-oss\/","name":"Jobb hos oss - Nordic Crane Norge","isPartOf":{"@id":"https:\/\/nordiccrane.com\/no\/#website"},"primaryImageOfPage":{"@id":"https:\/\/nordiccrane.com\/no\/om-oss\/jobb-hos-oss\/#primaryimage"},"image":{"@id":"https:\/\/nordiccrane.com\/no\/om-oss\/jobb-hos-oss\/#primaryimage"},"thumbnailUrl":"https:\/\/nordiccrane.com\/no\/wp-content\/uploads\/sites\/2\/2023\/12\/IMG_5137-1024x768.jpg","datePublished":"2023-12-06T11:43:03+00:00","dateModified":"2024-04-11T14:59:42+00:00","breadcrumb":{"@id":"https:\/\/nordiccrane.com\/no\/om-oss\/jobb-hos-oss\/#breadcrumb"},"inLanguage":"nb-NO","potentialAction":[{"@type":"ReadAction","target":["https:\/\/nordiccrane.com\/no\/om-oss\/jobb-hos-oss\/"]}]},{"@type":"ImageObject","inLanguage":"nb-NO","@id":"https:\/\/nordiccrane.com\/no\/om-oss\/jobb-hos-oss\/#primaryimage","url":"https:\/\/nordiccrane.com\/no\/wp-content\/uploads\/sites\/2\/2023\/12\/IMG_5137.jpg","contentUrl":"https:\/\/nordiccrane.com\/no\/wp-content\/uploads\/sites\/2\/2023\/12\/IMG_5137.jpg","width":2000,"height":1500},{"@type":"BreadcrumbList","@id":"https:\/\/nordiccrane.com\/no\/om-oss\/jobb-hos-oss\/#breadcrumb","itemListElement":[{"@type":"ListItem","position":1,"name":"Home","item":"https:\/\/nordiccrane.com\/no\/"},{"@type":"ListItem","position":2,"name":"Om oss","item":"https:\/\/nordiccrane.com\/no\/om-oss\/"},{"@type":"ListItem","position":3,"name":"Jobb hos oss"}]},{"@type":"WebSite","@id":"https:\/\/nordiccrane.com\/no\/#website","url":"https:\/\/nordiccrane.com\/no\/","name":"Nordic Crane Norge","description":"","potentialAction":[{"@type":"SearchAction","target":{"@type":"EntryPoint","urlTemplate":"https:\/\/nordiccrane.com\/no\/?s={search_term_string}"},"query-input":{"@type":"PropertyValueSpecification","valueRequired":true,"valueName":"search_term_string"}}],"inLanguage":"nb-NO"}]}},"_links":{"self":[{"href":"https:\/\/nordiccrane.com\/no\/wp-json\/wp\/v2\/pages\/20044","targetHints":{"allow":["GET"]}}],"collection":[{"href":"https:\/\/nordiccrane.com\/no\/wp-json\/wp\/v2\/pages"}],"about":[{"href":"https:\/\/nordiccrane.com\/no\/wp-json\/wp\/v2\/types\/page"}],"author":[{"embeddable":true,"href":"https:\/\/nordiccrane.com\/no\/wp-json\/wp\/v2\/users\/1"}],"replies":[{"embeddable":true,"href":"https:\/\/nordiccrane.com\/no\/wp-json\/wp\/v2\/comments?post=20044"}],"version-history":[{"count":43,"href":"https:\/\/nordiccrane.com\/no\/wp-json\/wp\/v2\/pages\/20044\/revisions"}],"predecessor-version":[{"id":24352,"href":"https:\/\/nordiccrane.com\/no\/wp-json\/wp\/v2\/pages\/20044\/revisions\/24352"}],"up":[{"embeddable":true,"href":"https:\/\/nordiccrane.com\/no\/wp-json\/wp\/v2\/pages\/20046"}],"wp:attachment":[{"href":"https:\/\/nordiccrane.com\/no\/wp-json\/wp\/v2\/media?parent=20044"}],"curies":[{"name":"wp","href":"https:\/\/api.w.org\/{rel}","templated":true}]}}