{"id":20058,"date":"2023-12-06T12:46:22","date_gmt":"2023-12-06T11:46:22","guid":{"rendered":"https:\/\/nordiccrane.com\/no\/?page_id=20058"},"modified":"2024-02-26T12:40:45","modified_gmt":"2024-02-26T11:40:45","slug":"miljo","status":"publish","type":"page","link":"https:\/\/nordiccrane.com\/no\/hms-ks\/miljo\/","title":{"rendered":"Milj\u00f8"},"content":{"rendered":"\n<div class=\"wp-block-group alignfull has-light-blue-background-color has-background eplus-wrapper\"><div class=\"wp-block-group__inner-container is-layout-constrained wp-block-group-is-layout-constrained\">\n<div class=\"wp-block-group eplus-wrapper\"><div class=\"wp-block-group__inner-container is-layout-constrained wp-block-group-is-layout-constrained\">\n<div style=\"height:20px\" aria-hidden=\"true\" class=\" wp-block-spacer eplus-wrapper\"><\/div>\n\n\n\n<div style=\"height:20px\" aria-hidden=\"true\" class=\"hide-mobile wp-block-spacer eplus-wrapper\"><\/div>\n\n\n<div class=\"wp-block-columns eplus-wrapper is-layout-flex wp-container-core-columns-is-layout-9d6595d7 wp-block-columns-is-layout-flex eplus-styles-uid-bd6b72\">\n<div class=\"wp-block-column is-vertically-aligned-center eplus-wrapper is-layout-flow wp-block-column-is-layout-flow\" style=\"flex-basis:45%\">\n<p class=\"small-title eplus-wrapper\">MILJ\u00d8<\/p>\n\n\n\n<h2 class=\" wp-block-heading eplus-wrapper\">Det gr\u00f8nne alternativet<\/h2>\n\n\n\n<p class=\" eplus-wrapper\">Klimatrusselen er v\u00e5r tids st\u00f8rste samfunnsutfordring og god ressursutnyttelse av v\u00e5re maskiner er avgj\u00f8rende for fortsatt milj\u00f8vennlig vekst.<\/p>\n<\/div>\n\n\n\n<div class=\"wp-block-column eplus-wrapper is-layout-flow wp-block-column-is-layout-flow\" style=\"flex-basis:5%\"><\/div>\n\n\n\n<div class=\"wp-block-column is-vertically-aligned-center eplus-wrapper is-layout-flow wp-block-column-is-layout-flow\" style=\"flex-basis:50%\"><figure class=\"skew-img-page-top wp-block-image size-large eplus-wrapper eplus-styles-uid-cbf413\"><img loading=\"lazy\" decoding=\"async\" width=\"2560\" height=\"1600\" src=\"https:\/\/nordiccrane.com\/no\/wp-content\/uploads\/sites\/2\/2023\/12\/Det-gronne-alternativet-edited-2-scaled.jpg\" alt=\"\" class=\"wp-image-21382\" srcset=\"https:\/\/nordiccrane.com\/no\/wp-content\/uploads\/sites\/2\/2023\/12\/Det-gronne-alternativet-edited-2-scaled.jpg 2560w, https:\/\/nordiccrane.com\/no\/wp-content\/uploads\/sites\/2\/2023\/12\/Det-gronne-alternativet-edited-2-300x188.jpg 300w, https:\/\/nordiccrane.com\/no\/wp-content\/uploads\/sites\/2\/2023\/12\/Det-gronne-alternativet-edited-2-1024x640.jpg 1024w, https:\/\/nordiccrane.com\/no\/wp-content\/uploads\/sites\/2\/2023\/12\/Det-gronne-alternativet-edited-2-768x480.jpg 768w, https:\/\/nordiccrane.com\/no\/wp-content\/uploads\/sites\/2\/2023\/12\/Det-gronne-alternativet-edited-2-1536x960.jpg 1536w, https:\/\/nordiccrane.com\/no\/wp-content\/uploads\/sites\/2\/2023\/12\/Det-gronne-alternativet-edited-2-2048x1280.jpg 2048w\" sizes=\"auto, (max-width: 2560px) 100vw, 2560px\" \/><\/figure><\/div>\n<\/div><\/div><\/div>\n\n\n\n<div style=\"height:40px\" aria-hidden=\"true\" class=\" wp-block-spacer eplus-wrapper\"><\/div>\n<\/div><\/div>\n\n\n\n<div style=\"height:50px\" aria-hidden=\"true\" class=\" wp-block-spacer eplus-wrapper\"><\/div>\n\n\n\n<div class=\"wp-block-group eplus-wrapper\"><div class=\"wp-block-group__inner-container is-layout-constrained wp-block-group-is-layout-constrained\"><div class=\"wp-block-columns eplus-wrapper is-layout-flex wp-container-core-columns-is-layout-9d6595d7 wp-block-columns-is-layout-flex eplus-styles-uid-57a6c2\">\n<div class=\"wp-block-column eplus-wrapper is-layout-flow wp-block-column-is-layout-flow\" style=\"flex-basis:20%\"><\/div>\n\n\n\n<div class=\"wp-block-column eplus-wrapper is-layout-flow wp-block-column-is-layout-flow\" style=\"flex-basis:60%\">\n<h3 class=\" wp-block-heading eplus-wrapper\">For \u00e5 bidra til en bedre fremtid tar vi milj\u00f8 p\u00e5 alvor. N\u00e5r vi investerer tenker vi gr\u00f8nt og s\u00f8rger for at nye maskiner oppfyller markedets milj\u00f8krav.<\/h3>\n\n\n\n<div style=\"height:20px\" aria-hidden=\"true\" class=\" wp-block-spacer eplus-wrapper\"><\/div>\n\n\n\n<p class=\" eplus-wrapper\">Vi har allerede 100% elektriske beltekraner, mobile t\u00e5rnkraner som kan g\u00e5 p\u00e5 str\u00f8m og mobilkraner som g\u00e5r p\u00e5 HVO milj\u00f8diesel og bioolje. Videre har vi kranbiler med elektrisk enhet for innend\u00f8rs drift og lastebilkraner med de nyeste milj\u00f8klassifiseringer.\u00a0<\/p>\n\n\n\n<p class=\" eplus-wrapper\">Vi retter fokuset mot en milj\u00f8vennlig maskinpark og en stadig st\u00f8rre reduksjon i CO2-avtrykket. Helelektriske maskiner har allerede rullet inn d\u00f8rene hos oss og vi var f\u00f8rst i verden med helelektrisk beltekran. Vi er stolte av \u00e5 kunne v\u00e6re det gr\u00f8nne alternativet (i dobbelt forstand) og fortsetter dette viktige arbeidet for en gr\u00f8nnere fremtid.<\/p>\n\n\n\n<p class=\" eplus-wrapper\">Nordic Crane &#8211; det gr\u00f8nne alternativet!<\/p>\n\n\n<ul class=\"eplus-wrapper wp-block-list eplus-styles-uid-9dccf4\">\n<li class=\" eplus-wrapper\">100 % elektriske beltekraner<\/li>\n\n\n\n<li class=\" eplus-wrapper\">Mobile t\u00e5rnkraner som kan g\u00e5 p\u00e5 str\u00f8m<\/li>\n\n\n\n<li class=\" eplus-wrapper\">Mobilkraner som g\u00e5r p\u00e5 HVO milj\u00f8diesel og bioolje<\/li>\n\n\n\n<li class=\" eplus-wrapper\">Kranbiler med elektrisk enhet for innend\u00f8rs drift<\/li>\n\n\n\n<li class=\" eplus-wrapper\">Lastebilkraner med nyeste milj\u00f8klassifisering<\/li>\n<\/ul>\n\n\n<div style=\"height:50px\" aria-hidden=\"true\" class=\" wp-block-spacer eplus-wrapper\"><\/div>\n\n\n<div class=\"wp-block-image is-style-default\">\n<figure class=\"alignleft size-medium is-resized eplus-wrapper\"><img loading=\"lazy\" decoding=\"async\" width=\"300\" height=\"300\" src=\"https:\/\/nordiccrane.com\/no\/wp-content\/uploads\/sites\/2\/2023\/12\/PNG-Miljomerke-300x300.png\" alt=\"\" class=\"wp-image-20208\" style=\"width:236px;height:auto\" srcset=\"https:\/\/nordiccrane.com\/no\/wp-content\/uploads\/sites\/2\/2023\/12\/PNG-Miljomerke-300x300.png 300w, https:\/\/nordiccrane.com\/no\/wp-content\/uploads\/sites\/2\/2023\/12\/PNG-Miljomerke-1024x1024.png 1024w, https:\/\/nordiccrane.com\/no\/wp-content\/uploads\/sites\/2\/2023\/12\/PNG-Miljomerke-150x150.png 150w, https:\/\/nordiccrane.com\/no\/wp-content\/uploads\/sites\/2\/2023\/12\/PNG-Miljomerke-768x768.png 768w, https:\/\/nordiccrane.com\/no\/wp-content\/uploads\/sites\/2\/2023\/12\/PNG-Miljomerke-1536x1536.png 1536w, https:\/\/nordiccrane.com\/no\/wp-content\/uploads\/sites\/2\/2023\/12\/PNG-Miljomerke.png 1920w\" sizes=\"auto, (max-width: 300px) 100vw, 300px\" \/><\/figure><\/div><\/div>\n\n\n\n<div class=\"wp-block-column eplus-wrapper is-layout-flow wp-block-column-is-layout-flow\" style=\"flex-basis:20%\"><\/div>\n<\/div><\/div><\/div>\n\n\n\n<div style=\"height:20px\" aria-hidden=\"true\" class=\" wp-block-spacer eplus-wrapper\"><\/div>\n\n\n\n<div style=\"height:100px\" aria-hidden=\"true\" class=\" wp-block-spacer eplus-wrapper\"><\/div>\n\n\n\n<div class=\"clearspace wp-block-group alignfull has-light-blue-background-color has-background eplus-wrapper\"><div class=\"wp-block-group__inner-container is-layout-constrained wp-block-group-is-layout-constrained\">\n<div class=\"no-margin-left no-padding no-margin wp-block-group alignwide eplus-wrapper\"><div class=\"wp-block-group__inner-container is-layout-constrained wp-block-group-is-layout-constrained\"><div class=\"no-padding no-margin wp-block-columns alignfull eplus-wrapper is-layout-flex wp-container-core-columns-is-layout-9d6595d7 wp-block-columns-is-layout-flex eplus-styles-uid-4501a4\">\n<div class=\"no-padding no-margin wp-block-column eplus-wrapper is-layout-flow wp-block-column-is-layout-flow\"><div class=\"wp-block-columns eplus-wrapper is-layout-flex wp-container-core-columns-is-layout-9d6595d7 wp-block-columns-is-layout-flex eplus-styles-uid-19fae9\">\n<div class=\"wp-block-column eplus-wrapper is-layout-flow wp-block-column-is-layout-flow\">\n<p class=\" has-text-align-center eplus-wrapper\">NYHETER<\/p>\n\n\n\n<h3 class=\" wp-block-heading has-text-align-center eplus-wrapper\"><a href=\"https:\/\/nordiccrane.com\/no\/nyheter\/\" data-type=\"page\" data-id=\"24\">Nyheter fra Nordic Crane<\/a><\/h3>\n<\/div>\n<\/div>\n\n\n<div style=\"height:50px\" aria-hidden=\"true\" class=\" wp-block-spacer eplus-wrapper\"><\/div>\n\n\n\n<div class=\"no-margin-left no-padding no-margin wp-block-query eplus-wrapper is-layout-flow wp-block-query-is-layout-flow\"><ul class=\"columns-3 no-padding no-margin wp-block-post-template is-layout-grid wp-container-core-post-template-is-layout-2fc57c17 wp-block-post-template-is-layout-grid\"><li class=\"wp-block-post post-24576 post type-post status-publish format-standard has-post-thumbnail hentry category-ledig-stilling\">\n\n<div class=\"no-padding no-margin-left no-margin wp-block-group eplus-wrapper\" style=\"padding-top:30px;padding-right:30px;padding-bottom:30px;padding-left:30px\"><div class=\"wp-block-group__inner-container is-layout-flow wp-block-group-is-layout-flow\"><figure style=\"aspect-ratio:3\/2;\" class=\"wp-block-post-featured-image\"><a href=\"https:\/\/nordiccrane.com\/no\/mobilkranforere-sokes-til-bergen\/ledig-stilling\/\" target=\"_self\"><img loading=\"lazy\" decoding=\"async\" width=\"2560\" height=\"1706\" src=\"https:\/\/nordiccrane.com\/no\/wp-content\/uploads\/sites\/2\/2024\/01\/ltm-1230-5.1-nordic-crane-ab-095604-3-reduziert-scaled.jpg\" class=\"attachment-post-thumbnail size-post-thumbnail wp-post-image\" alt=\"Mobilkranf\u00f8rere s\u00f8kes til Bergen\" style=\"width:100%;height:100%;object-fit:cover;\" srcset=\"https:\/\/nordiccrane.com\/no\/wp-content\/uploads\/sites\/2\/2024\/01\/ltm-1230-5.1-nordic-crane-ab-095604-3-reduziert-scaled.jpg 2560w, https:\/\/nordiccrane.com\/no\/wp-content\/uploads\/sites\/2\/2024\/01\/ltm-1230-5.1-nordic-crane-ab-095604-3-reduziert-300x200.jpg 300w, https:\/\/nordiccrane.com\/no\/wp-content\/uploads\/sites\/2\/2024\/01\/ltm-1230-5.1-nordic-crane-ab-095604-3-reduziert-1024x683.jpg 1024w, https:\/\/nordiccrane.com\/no\/wp-content\/uploads\/sites\/2\/2024\/01\/ltm-1230-5.1-nordic-crane-ab-095604-3-reduziert-768x512.jpg 768w, https:\/\/nordiccrane.com\/no\/wp-content\/uploads\/sites\/2\/2024\/01\/ltm-1230-5.1-nordic-crane-ab-095604-3-reduziert-1536x1024.jpg 1536w, https:\/\/nordiccrane.com\/no\/wp-content\/uploads\/sites\/2\/2024\/01\/ltm-1230-5.1-nordic-crane-ab-095604-3-reduziert-2048x1365.jpg 2048w\" sizes=\"auto, (max-width: 2560px) 100vw, 2560px\"><\/a><\/figure>\n\n<div class=\"wp-block-post-date\"><time datetime=\"2026-03-23T13:42:11+01:00\">23. mars 2026<\/time><\/div>\n\n<h4 class=\"wp-block-post-title\"><a href=\"https:\/\/nordiccrane.com\/no\/mobilkranforere-sokes-til-bergen\/ledig-stilling\/\" target=\"_self\">Mobilkranf\u00f8rere s\u00f8kes til Bergen<\/a><\/h4>\n\n\n<div style=\"height:10px\" aria-hidden=\"true\" class=\" wp-block-spacer eplus-wrapper\"><\/div>\n\n\n<div class=\"mini-arrow-round wp-block-post-excerpt\"><p class=\"wp-block-post-excerpt__excerpt\">Nordic Crane\u00a0avd. Bergen skal i gang med flere store prosjekter\u2026<\/p><p class=\"wp-block-post-excerpt__more-text\"><a class=\"wp-block-post-excerpt__more-link\" href=\"https:\/\/nordiccrane.com\/no\/mobilkranforere-sokes-til-bergen\/ledig-stilling\/\">L<\/a><\/p><\/div>\n\n\n<div style=\"height:10px\" aria-hidden=\"true\" class=\" wp-block-spacer eplus-wrapper\"><\/div>\n<\/div><\/div>\n\n<\/li><li class=\"wp-block-post post-24515 post type-post status-publish format-standard has-post-thumbnail hentry category-prosjekter\">\n\n<div class=\"no-padding no-margin-left no-margin wp-block-group eplus-wrapper\" style=\"padding-top:30px;padding-right:30px;padding-bottom:30px;padding-left:30px\"><div class=\"wp-block-group__inner-container is-layout-flow wp-block-group-is-layout-flow\"><figure style=\"aspect-ratio:3\/2;\" class=\"wp-block-post-featured-image\"><a href=\"https:\/\/nordiccrane.com\/no\/kompleks-jobb-i-lysekil\/prosjekter\/\" target=\"_self\"><img loading=\"lazy\" decoding=\"async\" width=\"2560\" height=\"1920\" src=\"https:\/\/nordiccrane.com\/no\/wp-content\/uploads\/sites\/2\/2026\/02\/bild-20251203-143530-73094b7d.jpeg\" class=\"attachment-post-thumbnail size-post-thumbnail wp-post-image\" alt=\"Kompleks jobb i Lysekil\" style=\"width:100%;height:100%;object-fit:cover;\" srcset=\"https:\/\/nordiccrane.com\/no\/wp-content\/uploads\/sites\/2\/2026\/02\/bild-20251203-143530-73094b7d.jpeg 2560w, https:\/\/nordiccrane.com\/no\/wp-content\/uploads\/sites\/2\/2026\/02\/bild-20251203-143530-73094b7d-300x225.jpeg 300w, https:\/\/nordiccrane.com\/no\/wp-content\/uploads\/sites\/2\/2026\/02\/bild-20251203-143530-73094b7d-1024x768.jpeg 1024w, https:\/\/nordiccrane.com\/no\/wp-content\/uploads\/sites\/2\/2026\/02\/bild-20251203-143530-73094b7d-768x576.jpeg 768w, https:\/\/nordiccrane.com\/no\/wp-content\/uploads\/sites\/2\/2026\/02\/bild-20251203-143530-73094b7d-1536x1152.jpeg 1536w, https:\/\/nordiccrane.com\/no\/wp-content\/uploads\/sites\/2\/2026\/02\/bild-20251203-143530-73094b7d-2048x1536.jpeg 2048w\" sizes=\"auto, (max-width: 2560px) 100vw, 2560px\"><\/a><\/figure>\n\n<div class=\"wp-block-post-date\"><time datetime=\"2026-02-11T10:27:26+01:00\">11. februar 2026<\/time><\/div>\n\n<h4 class=\"wp-block-post-title\"><a href=\"https:\/\/nordiccrane.com\/no\/kompleks-jobb-i-lysekil\/prosjekter\/\" target=\"_self\">Kompleks jobb i Lysekil<\/a><\/h4>\n\n\n<div style=\"height:10px\" aria-hidden=\"true\" class=\" wp-block-spacer eplus-wrapper\"><\/div>\n\n\n<div class=\"mini-arrow-round wp-block-post-excerpt\"><p class=\"wp-block-post-excerpt__excerpt\">I l\u00f8pet av desember m\u00e5ned har vi gjennomf\u00f8rt flere transporter\u2026<\/p><p class=\"wp-block-post-excerpt__more-text\"><a class=\"wp-block-post-excerpt__more-link\" href=\"https:\/\/nordiccrane.com\/no\/kompleks-jobb-i-lysekil\/prosjekter\/\">L<\/a><\/p><\/div>\n\n\n<div style=\"height:10px\" aria-hidden=\"true\" class=\" wp-block-spacer eplus-wrapper\"><\/div>\n<\/div><\/div>\n\n<\/li><li class=\"wp-block-post post-24379 post type-post status-publish format-standard has-post-thumbnail hentry category-prosjekter\">\n\n<div class=\"no-padding no-margin-left no-margin wp-block-group eplus-wrapper\" style=\"padding-top:30px;padding-right:30px;padding-bottom:30px;padding-left:30px\"><div class=\"wp-block-group__inner-container is-layout-flow wp-block-group-is-layout-flow\"><figure style=\"aspect-ratio:3\/2;\" class=\"wp-block-post-featured-image\"><a href=\"https:\/\/nordiccrane.com\/no\/montering-og-innheising-av-kulvert\/prosjekter\/\" target=\"_self\"><img loading=\"lazy\" decoding=\"async\" width=\"2560\" height=\"1438\" src=\"https:\/\/nordiccrane.com\/no\/wp-content\/uploads\/sites\/2\/2025\/10\/Lofting-av-kulvert-Lillehammer-september-2025-Foto-Stein-Johnsen-2-2.jpg\" class=\"attachment-post-thumbnail size-post-thumbnail wp-post-image\" alt=\"Montering og innheising av  kulvert\" style=\"width:100%;height:100%;object-fit:cover;\" srcset=\"https:\/\/nordiccrane.com\/no\/wp-content\/uploads\/sites\/2\/2025\/10\/Lofting-av-kulvert-Lillehammer-september-2025-Foto-Stein-Johnsen-2-2.jpg 2560w, https:\/\/nordiccrane.com\/no\/wp-content\/uploads\/sites\/2\/2025\/10\/Lofting-av-kulvert-Lillehammer-september-2025-Foto-Stein-Johnsen-2-2-300x169.jpg 300w, https:\/\/nordiccrane.com\/no\/wp-content\/uploads\/sites\/2\/2025\/10\/Lofting-av-kulvert-Lillehammer-september-2025-Foto-Stein-Johnsen-2-2-1024x575.jpg 1024w, https:\/\/nordiccrane.com\/no\/wp-content\/uploads\/sites\/2\/2025\/10\/Lofting-av-kulvert-Lillehammer-september-2025-Foto-Stein-Johnsen-2-2-768x431.jpg 768w, https:\/\/nordiccrane.com\/no\/wp-content\/uploads\/sites\/2\/2025\/10\/Lofting-av-kulvert-Lillehammer-september-2025-Foto-Stein-Johnsen-2-2-1536x863.jpg 1536w, https:\/\/nordiccrane.com\/no\/wp-content\/uploads\/sites\/2\/2025\/10\/Lofting-av-kulvert-Lillehammer-september-2025-Foto-Stein-Johnsen-2-2-2048x1150.jpg 2048w\" sizes=\"auto, (max-width: 2560px) 100vw, 2560px\"><\/a><\/figure>\n\n<div class=\"wp-block-post-date\"><time datetime=\"2025-10-17T11:17:58+02:00\">17. oktober 2025<\/time><\/div>\n\n<h4 class=\"wp-block-post-title\"><a href=\"https:\/\/nordiccrane.com\/no\/montering-og-innheising-av-kulvert\/prosjekter\/\" target=\"_self\">Montering og innheising av  kulvert<\/a><\/h4>\n\n\n<div style=\"height:10px\" aria-hidden=\"true\" class=\" wp-block-spacer eplus-wrapper\"><\/div>\n\n\n<div class=\"mini-arrow-round wp-block-post-excerpt\"><p class=\"wp-block-post-excerpt__excerpt\">Da ViaCon skulle montere en ny st\u00e5lr\u00f8rskulvert under E6 ved\u2026<\/p><p class=\"wp-block-post-excerpt__more-text\"><a class=\"wp-block-post-excerpt__more-link\" href=\"https:\/\/nordiccrane.com\/no\/montering-og-innheising-av-kulvert\/prosjekter\/\">L<\/a><\/p><\/div>\n\n\n<div style=\"height:10px\" aria-hidden=\"true\" class=\" wp-block-spacer eplus-wrapper\"><\/div>\n<\/div><\/div>\n\n<\/li><\/ul><\/div>\n<\/div>\n<\/div><\/div><\/div>\n\n\n\n<div style=\"height:100px\" aria-hidden=\"true\" class=\" wp-block-spacer eplus-wrapper\"><\/div>\n\n\n\n<div style=\"height:50px\" aria-hidden=\"true\" class=\"hide-mobile wp-block-spacer eplus-wrapper\"><\/div>\n<\/div><\/div>\n","protected":false},"excerpt":{"rendered":"<p>MILJ\u00d8 Det gr\u00f8nne alternativet Klimatrusselen er v\u00e5r tids st\u00f8rste samfunnsutfordring og god ressursutnyttelse av v\u00e5re maskiner er avgj\u00f8rende for fortsatt milj\u00f8vennlig vekst. For \u00e5 bidra til en bedre fremtid tar vi milj\u00f8 p\u00e5 alvor. N\u00e5r vi investerer tenker vi gr\u00f8nt og s\u00f8rger for at nye maskiner oppfyller markedets milj\u00f8krav. Vi har allerede 100% elektriske beltekraner, [&hellip;]<\/p>\n","protected":false},"author":1,"featured_media":0,"parent":20064,"menu_order":0,"comment_status":"closed","ping_status":"closed","template":"","meta":{"_acf_changed":false,"inline_featured_image":false,"_editorskit_title_hidden":false,"_editorskit_reading_time":0,"_editorskit_is_block_options_detached":false,"_editorskit_block_options_position":"{}","editor_plus_copied_stylings":"{}","footnotes":""},"class_list":["post-20058","page","type-page","status-publish","hentry"],"acf":[],"featured_image_src":null,"yoast_head":"<!-- This site is optimized with the Yoast SEO plugin v26.9 - https:\/\/yoast.com\/product\/yoast-seo-wordpress\/ -->\n<title>Milj\u00f8 - Nordic Crane Norge<\/title>\n<meta name=\"robots\" content=\"index, follow, max-snippet:-1, max-image-preview:large, max-video-preview:-1\" \/>\n<link rel=\"canonical\" href=\"https:\/\/nordiccrane.com\/no\/hms-ks\/miljo\/\" \/>\n<meta property=\"og:locale\" content=\"nb_NO\" \/>\n<meta property=\"og:type\" content=\"article\" \/>\n<meta property=\"og:title\" content=\"Det gr\u00f8nne alternativet\" \/>\n<meta property=\"og:description\" content=\"Klimatrusselen er v\u00e5r tids st\u00f8rste samfunnsutfordring og god ressursutnyttelse av v\u00e5re maskiner er avgj\u00f8rende for fortsatt milj\u00f8vennlig vekst.\" \/>\n<meta property=\"og:url\" content=\"https:\/\/nordiccrane.com\/no\/hms-ks\/miljo\/\" \/>\n<meta property=\"og:site_name\" content=\"Nordic Crane Norge\" \/>\n<meta property=\"article:modified_time\" content=\"2024-02-26T11:40:45+00:00\" \/>\n<meta property=\"og:image\" content=\"https:\/\/nordiccrane.com\/no\/wp-content\/uploads\/sites\/2\/2023\/12\/Det-gronne-alternativet-edited-2-scaled.jpg\" \/>\n\t<meta property=\"og:image:width\" content=\"2560\" \/>\n\t<meta property=\"og:image:height\" content=\"1600\" \/>\n\t<meta property=\"og:image:type\" content=\"image\/jpeg\" \/>\n<meta name=\"twitter:card\" content=\"summary_large_image\" \/>\n<meta name=\"twitter:label1\" content=\"Ansl. lesetid\" \/>\n\t<meta name=\"twitter:data1\" content=\"2 minutter\" \/>\n<script type=\"application\/ld+json\" class=\"yoast-schema-graph\">{\"@context\":\"https:\/\/schema.org\",\"@graph\":[{\"@type\":\"WebPage\",\"@id\":\"https:\/\/nordiccrane.com\/no\/hms-ks\/miljo\/\",\"url\":\"https:\/\/nordiccrane.com\/no\/hms-ks\/miljo\/\",\"name\":\"Milj\u00f8 - Nordic Crane Norge\",\"isPartOf\":{\"@id\":\"https:\/\/nordiccrane.com\/no\/#website\"},\"primaryImageOfPage\":{\"@id\":\"https:\/\/nordiccrane.com\/no\/hms-ks\/miljo\/#primaryimage\"},\"image\":{\"@id\":\"https:\/\/nordiccrane.com\/no\/hms-ks\/miljo\/#primaryimage\"},\"thumbnailUrl\":\"https:\/\/nordiccrane.com\/no\/wp-content\/uploads\/sites\/2\/2023\/12\/Det-gronne-alternativet-edited-2-scaled.jpg\",\"datePublished\":\"2023-12-06T11:46:22+00:00\",\"dateModified\":\"2024-02-26T11:40:45+00:00\",\"breadcrumb\":{\"@id\":\"https:\/\/nordiccrane.com\/no\/hms-ks\/miljo\/#breadcrumb\"},\"inLanguage\":\"nb-NO\",\"potentialAction\":[{\"@type\":\"ReadAction\",\"target\":[\"https:\/\/nordiccrane.com\/no\/hms-ks\/miljo\/\"]}]},{\"@type\":\"ImageObject\",\"inLanguage\":\"nb-NO\",\"@id\":\"https:\/\/nordiccrane.com\/no\/hms-ks\/miljo\/#primaryimage\",\"url\":\"https:\/\/nordiccrane.com\/no\/wp-content\/uploads\/sites\/2\/2023\/12\/Det-gronne-alternativet-edited-2-scaled.jpg\",\"contentUrl\":\"https:\/\/nordiccrane.com\/no\/wp-content\/uploads\/sites\/2\/2023\/12\/Det-gronne-alternativet-edited-2-scaled.jpg\",\"width\":2560,\"height\":1600},{\"@type\":\"BreadcrumbList\",\"@id\":\"https:\/\/nordiccrane.com\/no\/hms-ks\/miljo\/#breadcrumb\",\"itemListElement\":[{\"@type\":\"ListItem\",\"position\":1,\"name\":\"Home\",\"item\":\"https:\/\/nordiccrane.com\/no\/\"},{\"@type\":\"ListItem\",\"position\":2,\"name\":\"HMS\/KS\",\"item\":\"https:\/\/nordiccrane.com\/no\/hms-ks\/\"},{\"@type\":\"ListItem\",\"position\":3,\"name\":\"Milj\u00f8\"}]},{\"@type\":\"WebSite\",\"@id\":\"https:\/\/nordiccrane.com\/no\/#website\",\"url\":\"https:\/\/nordiccrane.com\/no\/\",\"name\":\"Nordic Crane Norge\",\"description\":\"\",\"potentialAction\":[{\"@type\":\"SearchAction\",\"target\":{\"@type\":\"EntryPoint\",\"urlTemplate\":\"https:\/\/nordiccrane.com\/no\/?s={search_term_string}\"},\"query-input\":{\"@type\":\"PropertyValueSpecification\",\"valueRequired\":true,\"valueName\":\"search_term_string\"}}],\"inLanguage\":\"nb-NO\"}]}<\/script>\n<!-- \/ Yoast SEO plugin. -->","yoast_head_json":{"title":"Milj\u00f8 - Nordic Crane Norge","robots":{"index":"index","follow":"follow","max-snippet":"max-snippet:-1","max-image-preview":"max-image-preview:large","max-video-preview":"max-video-preview:-1"},"canonical":"https:\/\/nordiccrane.com\/no\/hms-ks\/miljo\/","og_locale":"nb_NO","og_type":"article","og_title":"Det gr\u00f8nne alternativet","og_description":"Klimatrusselen er v\u00e5r tids st\u00f8rste samfunnsutfordring og god ressursutnyttelse av v\u00e5re maskiner er avgj\u00f8rende for fortsatt milj\u00f8vennlig vekst.","og_url":"https:\/\/nordiccrane.com\/no\/hms-ks\/miljo\/","og_site_name":"Nordic Crane Norge","article_modified_time":"2024-02-26T11:40:45+00:00","og_image":[{"width":2560,"height":1600,"url":"https:\/\/nordiccrane.com\/no\/wp-content\/uploads\/sites\/2\/2023\/12\/Det-gronne-alternativet-edited-2-scaled.jpg","type":"image\/jpeg"}],"twitter_card":"summary_large_image","twitter_misc":{"Ansl. lesetid":"2 minutter"},"schema":{"@context":"https:\/\/schema.org","@graph":[{"@type":"WebPage","@id":"https:\/\/nordiccrane.com\/no\/hms-ks\/miljo\/","url":"https:\/\/nordiccrane.com\/no\/hms-ks\/miljo\/","name":"Milj\u00f8 - Nordic Crane Norge","isPartOf":{"@id":"https:\/\/nordiccrane.com\/no\/#website"},"primaryImageOfPage":{"@id":"https:\/\/nordiccrane.com\/no\/hms-ks\/miljo\/#primaryimage"},"image":{"@id":"https:\/\/nordiccrane.com\/no\/hms-ks\/miljo\/#primaryimage"},"thumbnailUrl":"https:\/\/nordiccrane.com\/no\/wp-content\/uploads\/sites\/2\/2023\/12\/Det-gronne-alternativet-edited-2-scaled.jpg","datePublished":"2023-12-06T11:46:22+00:00","dateModified":"2024-02-26T11:40:45+00:00","breadcrumb":{"@id":"https:\/\/nordiccrane.com\/no\/hms-ks\/miljo\/#breadcrumb"},"inLanguage":"nb-NO","potentialAction":[{"@type":"ReadAction","target":["https:\/\/nordiccrane.com\/no\/hms-ks\/miljo\/"]}]},{"@type":"ImageObject","inLanguage":"nb-NO","@id":"https:\/\/nordiccrane.com\/no\/hms-ks\/miljo\/#primaryimage","url":"https:\/\/nordiccrane.com\/no\/wp-content\/uploads\/sites\/2\/2023\/12\/Det-gronne-alternativet-edited-2-scaled.jpg","contentUrl":"https:\/\/nordiccrane.com\/no\/wp-content\/uploads\/sites\/2\/2023\/12\/Det-gronne-alternativet-edited-2-scaled.jpg","width":2560,"height":1600},{"@type":"BreadcrumbList","@id":"https:\/\/nordiccrane.com\/no\/hms-ks\/miljo\/#breadcrumb","itemListElement":[{"@type":"ListItem","position":1,"name":"Home","item":"https:\/\/nordiccrane.com\/no\/"},{"@type":"ListItem","position":2,"name":"HMS\/KS","item":"https:\/\/nordiccrane.com\/no\/hms-ks\/"},{"@type":"ListItem","position":3,"name":"Milj\u00f8"}]},{"@type":"WebSite","@id":"https:\/\/nordiccrane.com\/no\/#website","url":"https:\/\/nordiccrane.com\/no\/","name":"Nordic Crane Norge","description":"","potentialAction":[{"@type":"SearchAction","target":{"@type":"EntryPoint","urlTemplate":"https:\/\/nordiccrane.com\/no\/?s={search_term_string}"},"query-input":{"@type":"PropertyValueSpecification","valueRequired":true,"valueName":"search_term_string"}}],"inLanguage":"nb-NO"}]}},"_links":{"self":[{"href":"https:\/\/nordiccrane.com\/no\/wp-json\/wp\/v2\/pages\/20058","targetHints":{"allow":["GET"]}}],"collection":[{"href":"https:\/\/nordiccrane.com\/no\/wp-json\/wp\/v2\/pages"}],"about":[{"href":"https:\/\/nordiccrane.com\/no\/wp-json\/wp\/v2\/types\/page"}],"author":[{"embeddable":true,"href":"https:\/\/nordiccrane.com\/no\/wp-json\/wp\/v2\/users\/1"}],"replies":[{"embeddable":true,"href":"https:\/\/nordiccrane.com\/no\/wp-json\/wp\/v2\/comments?post=20058"}],"version-history":[{"count":79,"href":"https:\/\/nordiccrane.com\/no\/wp-json\/wp\/v2\/pages\/20058\/revisions"}],"predecessor-version":[{"id":23374,"href":"https:\/\/nordiccrane.com\/no\/wp-json\/wp\/v2\/pages\/20058\/revisions\/23374"}],"up":[{"embeddable":true,"href":"https:\/\/nordiccrane.com\/no\/wp-json\/wp\/v2\/pages\/20064"}],"wp:attachment":[{"href":"https:\/\/nordiccrane.com\/no\/wp-json\/wp\/v2\/media?parent=20058"}],"curies":[{"name":"wp","href":"https:\/\/api.w.org\/{rel}","templated":true}]}}