{"id":20905,"date":"2023-12-11T13:26:30","date_gmt":"2023-12-11T12:26:30","guid":{"rendered":"https:\/\/nordiccrane.com\/no\/?page_id=20905"},"modified":"2025-07-03T22:19:26","modified_gmt":"2025-07-03T20:19:26","slug":"apenhetsloven","status":"publish","type":"page","link":"https:\/\/nordiccrane.com\/no\/apenhetsloven\/","title":{"rendered":"\u00c5penhetsloven"},"content":{"rendered":"\n<div class=\"wp-block-group alignfull has-light-blue-background-color has-background eplus-wrapper\"><div class=\"wp-block-group__inner-container is-layout-constrained wp-block-group-is-layout-constrained\">\n<div class=\"wp-block-group eplus-wrapper\"><div class=\"wp-block-group__inner-container is-layout-constrained wp-block-group-is-layout-constrained\">\n<div style=\"height:50px\" aria-hidden=\"true\" class=\" wp-block-spacer eplus-wrapper\"><\/div>\n\n\n\n<div style=\"height:50px\" aria-hidden=\"true\" class=\"hide-mobile wp-block-spacer eplus-wrapper\"><\/div>\n\n\n<div class=\"wp-block-columns eplus-wrapper is-layout-flex wp-container-core-columns-is-layout-9d6595d7 wp-block-columns-is-layout-flex eplus-styles-uid-8c703b\">\n<div class=\"wp-block-column eplus-wrapper is-layout-flow wp-block-column-is-layout-flow\" style=\"flex-basis:10%\"><\/div>\n\n\n\n<div class=\"wp-block-column eplus-wrapper is-layout-flow wp-block-column-is-layout-flow\">\n<h1 class=\" wp-block-heading has-text-align-left eplus-wrapper\">\u00c5penhetsloven &#8211; arbeid med grunnleggende menneskerettigheter og anstendige arbeidsforhold<\/h1>\n<\/div>\n<\/div>\n\n\n<div style=\"height:50px\" aria-hidden=\"true\" class=\" wp-block-spacer eplus-wrapper\"><\/div>\n<\/div><\/div>\n<\/div><\/div>\n\n\n\n<div style=\"height:50px\" aria-hidden=\"true\" class=\" wp-block-spacer eplus-wrapper\"><\/div>\n\n\n\n<div class=\"wp-block-group eplus-wrapper\"><div class=\"wp-block-group__inner-container is-layout-constrained wp-block-group-is-layout-constrained\"><div class=\"wp-block-columns eplus-wrapper is-layout-flex wp-container-core-columns-is-layout-9d6595d7 wp-block-columns-is-layout-flex eplus-styles-uid-bfa645\">\n<div class=\"wp-block-column eplus-wrapper is-layout-flow wp-block-column-is-layout-flow\" style=\"flex-basis:15%\"><\/div>\n\n\n\n<div class=\"wp-block-column eplus-wrapper is-layout-flow wp-block-column-is-layout-flow\" style=\"flex-basis:80%\">\n<p class=\" eplus-wrapper\">\u00c5penhetsloven skal fremme virksomheters respekt for menneskerettigheter og anstendige arbeidsforhold, samt sikre allmennheten tilgang p\u00e5 informasjon. Nordic Crane AS er omfattet av \u00e5penhetslovens \u00a7 3 bokstav a nr. 1-3.<\/p>\n\n\n\n<p class=\" eplus-wrapper\">Nordic Crane arbeider for \u00e5 sikre ansvarlighet i v\u00e5r virksomhet i forbindelse med levering av v\u00e5re tjenester. Dette kommer frem av v\u00e5re retningslinjer for b\u00e6rekraft og etiske retningslinjer. V\u00e5r kartlegging av leverand\u00f8rkjeder og forretningspartnere er basert p\u00e5 OECDs modell for aktsomhetsvurderinger. Dette inneb\u00e6rer bl.a. en risikobasert tiln\u00e6rming for \u00e5 vurdere etterlevelse av menneskerettigheter og ivaretakelse av anstendige arbeidsforhold hos v\u00e5re leverand\u00f8rer og forretningspartnere.<\/p>\n\n\n\n<figure class=\" wp-block-image size-full is-resized eplus-wrapper\"><img loading=\"lazy\" decoding=\"async\" width=\"868\" height=\"682\" src=\"https:\/\/nordiccrane.com\/no\/wp-content\/uploads\/sites\/2\/2023\/12\/oecd.jpg\" alt=\"\" class=\"wp-image-20917\" style=\"width:558px;height:auto\" srcset=\"https:\/\/nordiccrane.com\/no\/wp-content\/uploads\/sites\/2\/2023\/12\/oecd.jpg 868w, https:\/\/nordiccrane.com\/no\/wp-content\/uploads\/sites\/2\/2023\/12\/oecd-300x236.jpg 300w, https:\/\/nordiccrane.com\/no\/wp-content\/uploads\/sites\/2\/2023\/12\/oecd-768x603.jpg 768w\" sizes=\"auto, (max-width: 868px) 100vw, 868px\" \/><\/figure>\n\n\n\n<p class=\" eplus-wrapper\">Leverand\u00f8rkjeden til Nordic Crane har flere ledd og underleverand\u00f8rer som igjen har sine forsyningskjeder. Dette krever at det gj\u00f8res en prioritering ved aktsomhetsvurderingen. Vi prioriterer ut ifra en vurdering av risiko (type og omfang) for potensielle og faktiske negative konsekvenser for menneskerettigheter og anstendige arbeidsforhold. Dette er en l\u00f8pende prosess, og i samsvar med \u00e5penhetslovens form\u00e5l.<\/p>\n\n\n\n<p class=\" eplus-wrapper\">Gjennom v\u00e5r til enhver tid prioriterte vurderinger vil vi s\u00f8ke \u00e5 identifisere, forebygge\/unng\u00e5 og redusere potensiell og faktisk negativ p\u00e5virkning. Dette gjelder b\u00e5de internt i v\u00e5r virksomhet, i v\u00e5r leverand\u00f8rkjede og hos forretningspartnere.<\/p>\n\n\n\n<p class=\" eplus-wrapper\">De \u00e5rlige redegj\u00f8relsene for aktsomhetsvurderingene til Nordic Crane vil bli publisert p\u00e5 denne siden.<\/p>\n\n\n\n<p class=\" eplus-wrapper\">\u00c5penhetsloven gir enhver rett til \u00e5 be virksomhetene om informasjon om hvordan de h\u00e5ndterer negative konsekvenser p\u00e5 grunnleggende menneskerettigheter og anstendige arbeidsforhold.<\/p>\n\n\n\n<p class=\" eplus-wrapper\">Ved \u00f8nske om slik informasjon fra Nordic Crane kan f\u00f8lgende e-post benyttes: <a href=\"mailto:aapenhetsloven@nordiccrane.com\">aapenhetsloven@nordiccrane.com<\/a><\/p>\n\n\n\n<p class=\" eplus-wrapper\"><strong>Varsling av kritikkverdige forhold<\/strong><br>Se v\u00e5r policy og <a aria-label=\"rapportsystem\u00a0for varsling av kritikkverdige forhold (opens in a new tab)\" href=\"https:\/\/kynningsrud.integrityline.com\/frontpage\" target=\"_blank\" rel=\"noreferrer noopener\" class=\"ek-link\">rapportsystem\u00a0for varsling av kritikkverdige forhold<\/a>.\u00a0<\/p>\n\n\n\n<p class=\" eplus-wrapper\"><strong>B\u00e6rekraft og etiske retningslinjer<br><\/strong>Se v\u00e5r policy for\u00a0<a data-type=\"page\" data-id=\"20926\" href=\"https:\/\/nordiccrane.com\/no\/etiske-retningslinjer-og-baerekraft\/\" class=\"ek-link\">B\u00e6rekraft og etiske retningslinjer<\/a>.<\/p>\n\n\n\n<p class=\" eplus-wrapper\"><strong>Aktsomhetsvurdering<br><\/strong>Se v\u00e5r\u00a0<a href=\"https:\/\/nordiccrane.com\/no\/wp-content\/uploads\/sites\/2\/2025\/06\/Redegjorelse-Apenhetsloven-2025-signert-versjon.pdf\" target=\"_blank\" rel=\"noreferrer noopener\">redegj\u00f8relse for aktsomhetsvurderingen<\/a><a data-type=\"page\" data-id=\"20926\" class=\"ek-link\" href=\"https:\/\/nordiccrane.com\/no\/etiske-retningslinjer-og-baerekraft\/\">.<\/a><\/p>\n<\/div>\n\n\n\n<div class=\"wp-block-column eplus-wrapper is-layout-flow wp-block-column-is-layout-flow\" style=\"flex-basis:15%\"><\/div>\n<\/div><\/div><\/div>\n\n\n\n<div style=\"height:200px\" aria-hidden=\"true\" class=\" wp-block-spacer eplus-wrapper\"><\/div>\n","protected":false},"excerpt":{"rendered":"<p>\u00c5penhetsloven &#8211; arbeid med grunnleggende menneskerettigheter og anstendige arbeidsforhold \u00c5penhetsloven skal fremme virksomheters respekt for menneskerettigheter og anstendige arbeidsforhold, samt sikre allmennheten tilgang p\u00e5 informasjon. Nordic Crane AS er omfattet av \u00e5penhetslovens \u00a7 3 bokstav a nr. 1-3. Nordic Crane arbeider for \u00e5 sikre ansvarlighet i v\u00e5r virksomhet i forbindelse med levering av v\u00e5re tjenester. [&hellip;]<\/p>\n","protected":false},"author":1,"featured_media":0,"parent":0,"menu_order":0,"comment_status":"closed","ping_status":"closed","template":"","meta":{"_acf_changed":false,"inline_featured_image":false,"_editorskit_title_hidden":false,"_editorskit_reading_time":0,"_editorskit_is_block_options_detached":false,"_editorskit_block_options_position":"{}","editor_plus_copied_stylings":"{}","footnotes":""},"class_list":["post-20905","page","type-page","status-publish","hentry"],"acf":[],"featured_image_src":null,"yoast_head":"<!-- This site is optimized with the Yoast SEO plugin v26.9 - https:\/\/yoast.com\/product\/yoast-seo-wordpress\/ -->\n<title>\u00c5penhetsloven - Nordic Crane Norge<\/title>\n<meta name=\"robots\" content=\"index, follow, max-snippet:-1, max-image-preview:large, max-video-preview:-1\" \/>\n<link rel=\"canonical\" href=\"https:\/\/nordiccrane.com\/no\/apenhetsloven\/\" \/>\n<meta property=\"og:locale\" content=\"nb_NO\" \/>\n<meta property=\"og:type\" content=\"article\" \/>\n<meta property=\"og:title\" content=\"\u00c5penhetsloven - Nordic Crane Norge\" \/>\n<meta property=\"og:description\" content=\"\u00c5penhetsloven &#8211; arbeid med grunnleggende menneskerettigheter og anstendige arbeidsforhold \u00c5penhetsloven skal fremme virksomheters respekt for menneskerettigheter og anstendige arbeidsforhold, samt sikre allmennheten tilgang p\u00e5 informasjon. Nordic Crane AS er omfattet av \u00e5penhetslovens \u00a7 3 bokstav a nr. 1-3. Nordic Crane arbeider for \u00e5 sikre ansvarlighet i v\u00e5r virksomhet i forbindelse med levering av v\u00e5re tjenester. [&hellip;]\" \/>\n<meta property=\"og:url\" content=\"https:\/\/nordiccrane.com\/no\/apenhetsloven\/\" \/>\n<meta property=\"og:site_name\" content=\"Nordic Crane Norge\" \/>\n<meta property=\"article:modified_time\" content=\"2025-07-03T20:19:26+00:00\" \/>\n<meta property=\"og:image\" content=\"https:\/\/nordiccrane.com\/no\/wp-content\/uploads\/sites\/2\/2023\/12\/oecd.jpg\" \/>\n\t<meta property=\"og:image:width\" content=\"868\" \/>\n\t<meta property=\"og:image:height\" content=\"682\" \/>\n\t<meta property=\"og:image:type\" content=\"image\/jpeg\" \/>\n<meta name=\"twitter:card\" content=\"summary_large_image\" \/>\n<meta name=\"twitter:label1\" content=\"Ansl. lesetid\" \/>\n\t<meta name=\"twitter:data1\" content=\"2 minutter\" \/>\n<script type=\"application\/ld+json\" class=\"yoast-schema-graph\">{\"@context\":\"https:\/\/schema.org\",\"@graph\":[{\"@type\":\"WebPage\",\"@id\":\"https:\/\/nordiccrane.com\/no\/apenhetsloven\/\",\"url\":\"https:\/\/nordiccrane.com\/no\/apenhetsloven\/\",\"name\":\"\u00c5penhetsloven - Nordic Crane Norge\",\"isPartOf\":{\"@id\":\"https:\/\/nordiccrane.com\/no\/#website\"},\"primaryImageOfPage\":{\"@id\":\"https:\/\/nordiccrane.com\/no\/apenhetsloven\/#primaryimage\"},\"image\":{\"@id\":\"https:\/\/nordiccrane.com\/no\/apenhetsloven\/#primaryimage\"},\"thumbnailUrl\":\"https:\/\/nordiccrane.com\/no\/wp-content\/uploads\/sites\/2\/2023\/12\/oecd.jpg\",\"datePublished\":\"2023-12-11T12:26:30+00:00\",\"dateModified\":\"2025-07-03T20:19:26+00:00\",\"breadcrumb\":{\"@id\":\"https:\/\/nordiccrane.com\/no\/apenhetsloven\/#breadcrumb\"},\"inLanguage\":\"nb-NO\",\"potentialAction\":[{\"@type\":\"ReadAction\",\"target\":[\"https:\/\/nordiccrane.com\/no\/apenhetsloven\/\"]}]},{\"@type\":\"ImageObject\",\"inLanguage\":\"nb-NO\",\"@id\":\"https:\/\/nordiccrane.com\/no\/apenhetsloven\/#primaryimage\",\"url\":\"https:\/\/nordiccrane.com\/no\/wp-content\/uploads\/sites\/2\/2023\/12\/oecd.jpg\",\"contentUrl\":\"https:\/\/nordiccrane.com\/no\/wp-content\/uploads\/sites\/2\/2023\/12\/oecd.jpg\",\"width\":868,\"height\":682},{\"@type\":\"BreadcrumbList\",\"@id\":\"https:\/\/nordiccrane.com\/no\/apenhetsloven\/#breadcrumb\",\"itemListElement\":[{\"@type\":\"ListItem\",\"position\":1,\"name\":\"Home\",\"item\":\"https:\/\/nordiccrane.com\/no\/\"},{\"@type\":\"ListItem\",\"position\":2,\"name\":\"\u00c5penhetsloven\"}]},{\"@type\":\"WebSite\",\"@id\":\"https:\/\/nordiccrane.com\/no\/#website\",\"url\":\"https:\/\/nordiccrane.com\/no\/\",\"name\":\"Nordic Crane Norge\",\"description\":\"\",\"potentialAction\":[{\"@type\":\"SearchAction\",\"target\":{\"@type\":\"EntryPoint\",\"urlTemplate\":\"https:\/\/nordiccrane.com\/no\/?s={search_term_string}\"},\"query-input\":{\"@type\":\"PropertyValueSpecification\",\"valueRequired\":true,\"valueName\":\"search_term_string\"}}],\"inLanguage\":\"nb-NO\"}]}<\/script>\n<!-- \/ Yoast SEO plugin. -->","yoast_head_json":{"title":"\u00c5penhetsloven - Nordic Crane Norge","robots":{"index":"index","follow":"follow","max-snippet":"max-snippet:-1","max-image-preview":"max-image-preview:large","max-video-preview":"max-video-preview:-1"},"canonical":"https:\/\/nordiccrane.com\/no\/apenhetsloven\/","og_locale":"nb_NO","og_type":"article","og_title":"\u00c5penhetsloven - Nordic Crane Norge","og_description":"\u00c5penhetsloven &#8211; arbeid med grunnleggende menneskerettigheter og anstendige arbeidsforhold \u00c5penhetsloven skal fremme virksomheters respekt for menneskerettigheter og anstendige arbeidsforhold, samt sikre allmennheten tilgang p\u00e5 informasjon. Nordic Crane AS er omfattet av \u00e5penhetslovens \u00a7 3 bokstav a nr. 1-3. Nordic Crane arbeider for \u00e5 sikre ansvarlighet i v\u00e5r virksomhet i forbindelse med levering av v\u00e5re tjenester. [&hellip;]","og_url":"https:\/\/nordiccrane.com\/no\/apenhetsloven\/","og_site_name":"Nordic Crane Norge","article_modified_time":"2025-07-03T20:19:26+00:00","og_image":[{"width":868,"height":682,"url":"https:\/\/nordiccrane.com\/no\/wp-content\/uploads\/sites\/2\/2023\/12\/oecd.jpg","type":"image\/jpeg"}],"twitter_card":"summary_large_image","twitter_misc":{"Ansl. lesetid":"2 minutter"},"schema":{"@context":"https:\/\/schema.org","@graph":[{"@type":"WebPage","@id":"https:\/\/nordiccrane.com\/no\/apenhetsloven\/","url":"https:\/\/nordiccrane.com\/no\/apenhetsloven\/","name":"\u00c5penhetsloven - Nordic Crane Norge","isPartOf":{"@id":"https:\/\/nordiccrane.com\/no\/#website"},"primaryImageOfPage":{"@id":"https:\/\/nordiccrane.com\/no\/apenhetsloven\/#primaryimage"},"image":{"@id":"https:\/\/nordiccrane.com\/no\/apenhetsloven\/#primaryimage"},"thumbnailUrl":"https:\/\/nordiccrane.com\/no\/wp-content\/uploads\/sites\/2\/2023\/12\/oecd.jpg","datePublished":"2023-12-11T12:26:30+00:00","dateModified":"2025-07-03T20:19:26+00:00","breadcrumb":{"@id":"https:\/\/nordiccrane.com\/no\/apenhetsloven\/#breadcrumb"},"inLanguage":"nb-NO","potentialAction":[{"@type":"ReadAction","target":["https:\/\/nordiccrane.com\/no\/apenhetsloven\/"]}]},{"@type":"ImageObject","inLanguage":"nb-NO","@id":"https:\/\/nordiccrane.com\/no\/apenhetsloven\/#primaryimage","url":"https:\/\/nordiccrane.com\/no\/wp-content\/uploads\/sites\/2\/2023\/12\/oecd.jpg","contentUrl":"https:\/\/nordiccrane.com\/no\/wp-content\/uploads\/sites\/2\/2023\/12\/oecd.jpg","width":868,"height":682},{"@type":"BreadcrumbList","@id":"https:\/\/nordiccrane.com\/no\/apenhetsloven\/#breadcrumb","itemListElement":[{"@type":"ListItem","position":1,"name":"Home","item":"https:\/\/nordiccrane.com\/no\/"},{"@type":"ListItem","position":2,"name":"\u00c5penhetsloven"}]},{"@type":"WebSite","@id":"https:\/\/nordiccrane.com\/no\/#website","url":"https:\/\/nordiccrane.com\/no\/","name":"Nordic Crane Norge","description":"","potentialAction":[{"@type":"SearchAction","target":{"@type":"EntryPoint","urlTemplate":"https:\/\/nordiccrane.com\/no\/?s={search_term_string}"},"query-input":{"@type":"PropertyValueSpecification","valueRequired":true,"valueName":"search_term_string"}}],"inLanguage":"nb-NO"}]}},"_links":{"self":[{"href":"https:\/\/nordiccrane.com\/no\/wp-json\/wp\/v2\/pages\/20905","targetHints":{"allow":["GET"]}}],"collection":[{"href":"https:\/\/nordiccrane.com\/no\/wp-json\/wp\/v2\/pages"}],"about":[{"href":"https:\/\/nordiccrane.com\/no\/wp-json\/wp\/v2\/types\/page"}],"author":[{"embeddable":true,"href":"https:\/\/nordiccrane.com\/no\/wp-json\/wp\/v2\/users\/1"}],"replies":[{"embeddable":true,"href":"https:\/\/nordiccrane.com\/no\/wp-json\/wp\/v2\/comments?post=20905"}],"version-history":[{"count":35,"href":"https:\/\/nordiccrane.com\/no\/wp-json\/wp\/v2\/pages\/20905\/revisions"}],"predecessor-version":[{"id":24348,"href":"https:\/\/nordiccrane.com\/no\/wp-json\/wp\/v2\/pages\/20905\/revisions\/24348"}],"wp:attachment":[{"href":"https:\/\/nordiccrane.com\/no\/wp-json\/wp\/v2\/media?parent=20905"}],"curies":[{"name":"wp","href":"https:\/\/api.w.org\/{rel}","templated":true}]}}