{"id":21059,"date":"2023-12-12T14:05:20","date_gmt":"2023-12-12T13:05:20","guid":{"rendered":"https:\/\/nordiccrane.com\/no\/?page_id=21059"},"modified":"2023-12-14T13:37:50","modified_gmt":"2023-12-14T12:37:50","slug":"presse","status":"publish","type":"page","link":"https:\/\/nordiccrane.com\/no\/presse\/","title":{"rendered":"Presse"},"content":{"rendered":"\n<div class=\"wp-block-group alignfull eplus-wrapper\"><div class=\"wp-block-group__inner-container is-layout-constrained wp-block-group-is-layout-constrained\">\n<div class=\"wp-block-group eplus-wrapper\"><div class=\"wp-block-group__inner-container is-layout-constrained wp-block-group-is-layout-constrained\">\n<div style=\"height:150px\" aria-hidden=\"true\" class=\" wp-block-spacer eplus-wrapper\"><\/div>\n\n\n<div class=\"wp-block-columns eplus-wrapper is-layout-flex wp-container-core-columns-is-layout-9d6595d7 wp-block-columns-is-layout-flex eplus-styles-uid-9cd6b3\">\n<div class=\"wp-block-column eplus-wrapper is-layout-flow wp-block-column-is-layout-flow\" style=\"flex-basis:30%\">\n<h3 class=\" wp-block-heading eplus-wrapper\">Presse<\/h3>\n\n\n\n<p class=\" eplus-wrapper\">Generelle mediehenvendelser om\u00a0bilder, sosiale medier og \u00a0annen relevant produksjon kan tas med medieansvarlig. For informasjon vedr\u00f8rende daglig drift, kontakt daglige ledere.<\/p>\n\n\n\n<div style=\"height:10px\" aria-hidden=\"true\" class=\" wp-block-spacer eplus-wrapper\"><\/div>\n\n\n\n<div class=\"wp-block-buttons eplus-wrapper is-layout-flex wp-block-buttons-is-layout-flex\"><div class=\" wp-block-button eplus-wrapper eplus-styles-uid-6d0088\"><a class=\"wp-block-button__link has-white-color has-blue-background-color has-text-color has-background has-link-color wp-element-button\" href=\"https:\/\/nordiccrane.com\/no\/kontakt\/\">Ta kontakt<\/a><\/div><\/div>\n<\/div>\n\n\n\n<div class=\"wp-block-column eplus-wrapper is-layout-flow wp-block-column-is-layout-flow\" style=\"flex-basis:10%\"><\/div>\n\n\n\n<div class=\"wp-block-column eplus-wrapper is-layout-flow wp-block-column-is-layout-flow\" style=\"flex-basis:60%\"><div class=\"wp-block-columns is-not-stacked-on-mobile eplus-wrapper is-layout-flex wp-container-core-columns-is-layout-9d6595d7 wp-block-columns-is-layout-flex eplus-styles-uid-de41a0\">\n<div class=\"wp-block-column eplus-wrapper is-layout-flow wp-block-column-is-layout-flow\" style=\"flex-basis:90%\">\n<p class=\"link-front eplus-wrapper\"><a href=\"https:\/\/nordiccrane.com\/no\/wp-content\/uploads\/sites\/2\/2023\/12\/8ab60d5f-7a43-4581-a64e-042ff64b30e7.pdf\">\u00a015.02.23 &#8211; Nordic Crane vokser og gjennomf\u00f8rer organisatoriske endringer<\/a><\/p>\n\n\n\n<div style=\"height:10px\" aria-hidden=\"true\" class=\" wp-block-spacer eplus-wrapper\"><\/div>\n<\/div>\n\n\n\n<div class=\"wp-block-column eplus-wrapper is-layout-flow wp-block-column-is-layout-flow\" style=\"flex-basis:10%\">\n<figure class=\" wp-block-image size-large is-resized eplus-wrapper\"><a href=\"https:\/\/nordiccrane.com\/no\/tjenester\/krantjenester\/\"><img loading=\"lazy\" decoding=\"async\" width=\"29\" height=\"23\" src=\"https:\/\/nordiccrane.com\/no\/wp-content\/uploads\/sites\/2\/2023\/11\/arrow-left-black.svg\" alt=\"\" class=\"wp-image-95\" style=\"width:22px\"><\/a><\/figure>\n<\/div>\n<\/div>\n\n<div class=\"wp-block-columns is-not-stacked-on-mobile eplus-wrapper is-layout-flex wp-container-core-columns-is-layout-9d6595d7 wp-block-columns-is-layout-flex eplus-styles-uid-005059\">\n<div class=\"wp-block-column eplus-wrapper is-layout-flow wp-block-column-is-layout-flow\" style=\"flex-basis:90%\">\n<p class=\"link-front eplus-wrapper\"><a href=\"https:\/\/nordiccrane.com\/wp-content\/uploads\/2023\/02\/pressemelding-nordic-crane.pdf\" target=\"_blank\" rel=\"noreferrer noopener\"><br><\/a><a href=\"https:\/\/nordiccrane.com\/no\/wp-content\/uploads\/sites\/2\/2023\/12\/15eebf61-1384-4a9f-ac95-08104a2e69c2.pdf\">01.12.20 &#8211; Kynningsrud Nordic Crane med verdens f\u00f8rste elektriske beltekran<\/a><\/p>\n\n\n\n<div style=\"height:10px\" aria-hidden=\"true\" class=\" wp-block-spacer eplus-wrapper\"><\/div>\n<\/div>\n\n\n\n<div class=\"wp-block-column is-vertically-aligned-center eplus-wrapper is-layout-flow wp-block-column-is-layout-flow\" style=\"flex-basis:10%\">\n<figure class=\" wp-block-image size-large is-resized eplus-wrapper\"><a href=\"https:\/\/nordiccrane.com\/no\/tjenester\/engineering\/\"><img loading=\"lazy\" decoding=\"async\" width=\"29\" height=\"23\" src=\"https:\/\/nordiccrane.com\/no\/wp-content\/uploads\/sites\/2\/2023\/11\/arrow-left-black.svg\" alt=\"\" class=\"wp-image-95\" style=\"width:22px\"><\/a><\/figure>\n<\/div>\n<\/div>\n\n<div class=\"wp-block-columns is-not-stacked-on-mobile eplus-wrapper is-layout-flex wp-container-core-columns-is-layout-9d6595d7 wp-block-columns-is-layout-flex eplus-styles-uid-c0a4e9\">\n<div class=\"wp-block-column eplus-wrapper is-layout-flow wp-block-column-is-layout-flow\" style=\"flex-basis:90%\">\n<p class=\" eplus-wrapper\"><a href=\"https:\/\/nordiccrane.com\/wp-content\/uploads\/2023\/02\/pressemelding-nordic-crane.pdf\" target=\"_blank\" rel=\"noreferrer noopener\"><br><\/a>05.03.19 &#8211; Kynningsrud Nordic Crane investerer for 500 millioner kroner<\/p>\n\n\n\n<div style=\"height:10px\" aria-hidden=\"true\" class=\" wp-block-spacer eplus-wrapper\"><\/div>\n<\/div>\n\n\n\n<div class=\"wp-block-column is-vertically-aligned-center eplus-wrapper is-layout-flow wp-block-column-is-layout-flow\" style=\"flex-basis:10%\">\n<figure class=\" wp-block-image size-large is-resized eplus-wrapper\"><a href=\"https:\/\/nordiccrane.com\/no\/tjenester\/engineering\/\"><img loading=\"lazy\" decoding=\"async\" width=\"29\" height=\"23\" src=\"https:\/\/nordiccrane.com\/no\/wp-content\/uploads\/sites\/2\/2023\/11\/arrow-left-black.svg\" alt=\"\" class=\"wp-image-95\" style=\"width:22px\"><\/a><\/figure>\n<\/div>\n<\/div>\n\n\n<div style=\"height:25px\" aria-hidden=\"true\" class=\" wp-block-spacer eplus-wrapper\"><\/div>\n\n\n<div class=\"wp-block-columns is-not-stacked-on-mobile eplus-wrapper is-layout-flex wp-container-core-columns-is-layout-9d6595d7 wp-block-columns-is-layout-flex eplus-styles-uid-97b4e4\">\n<div class=\"wp-block-column eplus-wrapper is-layout-flow wp-block-column-is-layout-flow\" style=\"flex-basis:90%\">\n<p class=\"link-front eplus-wrapper\"><a href=\"https:\/\/nordiccrane.com\/no\/wp-content\/uploads\/sites\/2\/2023\/12\/b28c3a8f-9914-4833-b82d-60f6c3df7224.pdf\">01.10.18 &#8211; Nordic Crane Kynningsrud og Spesialtransport bytter navn<\/a><\/p>\n\n\n\n<div style=\"height:10px\" aria-hidden=\"true\" class=\" wp-block-spacer eplus-wrapper\"><\/div>\n<\/div>\n\n\n\n<div class=\"wp-block-column eplus-wrapper is-layout-flow wp-block-column-is-layout-flow\" style=\"flex-basis:10%\">\n<figure class=\" wp-block-image size-large is-resized eplus-wrapper\"><a href=\"https:\/\/nordiccrane.com\/no\/tjenester\/heavy-lift\/\"><img loading=\"lazy\" decoding=\"async\" width=\"29\" height=\"23\" src=\"https:\/\/nordiccrane.com\/no\/wp-content\/uploads\/sites\/2\/2023\/11\/arrow-left-black.svg\" alt=\"\" class=\"wp-image-95\" style=\"width:22px\"><\/a><\/figure>\n<\/div>\n<\/div>\n\n\n<div style=\"height:25px\" aria-hidden=\"true\" class=\" wp-block-spacer eplus-wrapper\"><\/div>\n\n\n<div class=\"wp-block-columns is-not-stacked-on-mobile eplus-wrapper is-layout-flex wp-container-core-columns-is-layout-9d6595d7 wp-block-columns-is-layout-flex eplus-styles-uid-db0820\">\n<div class=\"wp-block-column eplus-wrapper is-layout-flow wp-block-column-is-layout-flow\" style=\"flex-basis:90%\">\n<p class=\"link-front eplus-wrapper\"><a href=\"https:\/\/nordiccrane.com\/no\/wp-content\/uploads\/sites\/2\/2023\/12\/d9817c5e-4763-4d1e-9ce7-d6febd921986.pdf\">31.10.16 &#8211; Nordic Crane Kynningsrud investerer for 150 millioner<\/a><\/p>\n\n\n\n<div style=\"height:10px\" aria-hidden=\"true\" class=\" wp-block-spacer eplus-wrapper\"><\/div>\n<\/div>\n\n\n\n<div class=\"wp-block-column eplus-wrapper is-layout-flow wp-block-column-is-layout-flow\" style=\"flex-basis:10%\">\n<figure class=\" wp-block-image size-large is-resized eplus-wrapper\"><a href=\"https:\/\/nordiccrane.com\/no\/tjenester\/spesialtransport\/\"><img loading=\"lazy\" decoding=\"async\" width=\"29\" height=\"23\" src=\"https:\/\/nordiccrane.com\/no\/wp-content\/uploads\/sites\/2\/2023\/11\/arrow-left-black.svg\" alt=\"\" class=\"wp-image-95\" style=\"width:22px\"><\/a><\/figure>\n<\/div>\n<\/div>\n\n\n<div style=\"height:25px\" aria-hidden=\"true\" class=\" wp-block-spacer eplus-wrapper\"><\/div>\n\n\n<div class=\"wp-block-columns is-not-stacked-on-mobile eplus-wrapper is-layout-flex wp-container-core-columns-is-layout-9d6595d7 wp-block-columns-is-layout-flex eplus-styles-uid-c03371\">\n<div class=\"wp-block-column eplus-wrapper is-layout-flow wp-block-column-is-layout-flow\" style=\"flex-basis:90%\">\n<p class=\"link-front eplus-wrapper\"><a href=\"https:\/\/nordiccrane.com\/no\/wp-content\/uploads\/sites\/2\/2023\/12\/89e142a0-30f8-4530-b0cb-8a0c302f2c0d.pdf\">25.10.16 &#8211; Nordic Crane Kynningsrud slipper markedsinformasjon<\/a><\/p>\n\n\n\n<div style=\"height:10px\" aria-hidden=\"true\" class=\" wp-block-spacer eplus-wrapper\"><\/div>\n<\/div>\n\n\n\n<div class=\"wp-block-column eplus-wrapper is-layout-flow wp-block-column-is-layout-flow\" style=\"flex-basis:10%\">\n<figure class=\" wp-block-image size-large is-resized eplus-wrapper\"><a href=\"https:\/\/nordiccrane.com\/no\/tjenester\/prosjekt\/\"><img loading=\"lazy\" decoding=\"async\" width=\"29\" height=\"23\" src=\"https:\/\/nordiccrane.com\/no\/wp-content\/uploads\/sites\/2\/2023\/11\/arrow-left-black.svg\" alt=\"\" class=\"wp-image-95\" style=\"width:22px\"><\/a><\/figure>\n<\/div>\n<\/div>\n\n\n<div style=\"height:25px\" aria-hidden=\"true\" class=\" wp-block-spacer eplus-wrapper\"><\/div>\n\n\n<div class=\"wp-block-columns is-not-stacked-on-mobile eplus-wrapper is-layout-flex wp-container-core-columns-is-layout-9d6595d7 wp-block-columns-is-layout-flex eplus-styles-uid-09bbaa\">\n<div class=\"wp-block-column eplus-wrapper is-layout-flow wp-block-column-is-layout-flow\" style=\"flex-basis:90%\">\n<p class=\"link-front eplus-wrapper\"><a href=\"https:\/\/nordiccrane.com\/no\/wp-content\/uploads\/sites\/2\/2023\/12\/8be977fb-3e25-4063-a194-070b6c5fbc32.pdf\">07.07.16 &#8211; Nordic Crane Group AS fisjonerer<\/a><\/p>\n\n\n\n<div style=\"height:10px\" aria-hidden=\"true\" class=\" wp-block-spacer eplus-wrapper\"><\/div>\n<\/div>\n\n\n\n<div class=\"wp-block-column eplus-wrapper is-layout-flow wp-block-column-is-layout-flow\" style=\"flex-basis:10%\">\n<figure class=\" wp-block-image size-large is-resized eplus-wrapper\"><a href=\"https:\/\/nordiccrane.com\/no\/tjenester\/tunggodshandtering\/\"><img loading=\"lazy\" decoding=\"async\" width=\"29\" height=\"23\" src=\"https:\/\/nordiccrane.com\/no\/wp-content\/uploads\/sites\/2\/2023\/11\/arrow-left-black.svg\" alt=\"\" class=\"wp-image-95\" style=\"width:22px\"><\/a><\/figure>\n<\/div>\n<\/div><\/div>\n<\/div>\n\n\n<div style=\"height:250px\" aria-hidden=\"true\" class=\" wp-block-spacer eplus-wrapper\"><\/div>\n<\/div><\/div>\n<\/div><\/div>\n","protected":false},"excerpt":{"rendered":"<p>Presse Generelle mediehenvendelser om&nbsp;bilder, sosiale medier og &nbsp;annen relevant produksjon kan tas med medieansvarlig. For informasjon vedr\u00f8rende daglig drift, kontakt daglige ledere. &nbsp;15.02.23 &#8211; Nordic Crane vokser og gjennomf\u00f8rer organisatoriske endringer 01.12.20 &#8211; Kynningsrud Nordic Crane med verdens f\u00f8rste elektriske beltekran 05.03.19 &#8211; Kynningsrud Nordic Crane investerer for 500 millioner kroner 01.10.18 &#8211; Nordic Crane [&hellip;]<\/p>\n","protected":false},"author":2,"featured_media":0,"parent":0,"menu_order":0,"comment_status":"closed","ping_status":"closed","template":"","meta":{"_acf_changed":false,"inline_featured_image":false,"_editorskit_title_hidden":false,"_editorskit_reading_time":0,"_editorskit_is_block_options_detached":false,"_editorskit_block_options_position":"{}","editor_plus_copied_stylings":"{}","footnotes":""},"class_list":["post-21059","page","type-page","status-publish","hentry"],"acf":[],"featured_image_src":null,"yoast_head":"<!-- This site is optimized with the Yoast SEO plugin v26.9 - https:\/\/yoast.com\/product\/yoast-seo-wordpress\/ -->\n<title>Presse - Nordic Crane Norge<\/title>\n<meta name=\"robots\" content=\"index, follow, max-snippet:-1, max-image-preview:large, max-video-preview:-1\" \/>\n<link rel=\"canonical\" href=\"https:\/\/nordiccrane.com\/no\/presse\/\" \/>\n<meta property=\"og:locale\" content=\"nb_NO\" \/>\n<meta property=\"og:type\" content=\"article\" \/>\n<meta property=\"og:title\" content=\"Presse - Nordic Crane Norge\" \/>\n<meta property=\"og:description\" content=\"Presse Generelle mediehenvendelser om&nbsp;bilder, sosiale medier og &nbsp;annen relevant produksjon kan tas med medieansvarlig. For informasjon vedr\u00f8rende daglig drift, kontakt daglige ledere. &nbsp;15.02.23 &#8211; Nordic Crane vokser og gjennomf\u00f8rer organisatoriske endringer 01.12.20 &#8211; Kynningsrud Nordic Crane med verdens f\u00f8rste elektriske beltekran 05.03.19 &#8211; Kynningsrud Nordic Crane investerer for 500 millioner kroner 01.10.18 &#8211; Nordic Crane [&hellip;]\" \/>\n<meta property=\"og:url\" content=\"https:\/\/nordiccrane.com\/no\/presse\/\" \/>\n<meta property=\"og:site_name\" content=\"Nordic Crane Norge\" \/>\n<meta property=\"article:modified_time\" content=\"2023-12-14T12:37:50+00:00\" \/>\n<meta property=\"og:image\" content=\"https:\/\/nordiccrane.com\/no\/wp-content\/uploads\/sites\/2\/2023\/11\/arrow-left-black.svg\" \/>\n<meta name=\"twitter:card\" content=\"summary_large_image\" \/>\n<script type=\"application\/ld+json\" class=\"yoast-schema-graph\">{\"@context\":\"https:\/\/schema.org\",\"@graph\":[{\"@type\":\"WebPage\",\"@id\":\"https:\/\/nordiccrane.com\/no\/presse\/\",\"url\":\"https:\/\/nordiccrane.com\/no\/presse\/\",\"name\":\"Presse - Nordic Crane Norge\",\"isPartOf\":{\"@id\":\"https:\/\/nordiccrane.com\/no\/#website\"},\"primaryImageOfPage\":{\"@id\":\"https:\/\/nordiccrane.com\/no\/presse\/#primaryimage\"},\"image\":{\"@id\":\"https:\/\/nordiccrane.com\/no\/presse\/#primaryimage\"},\"thumbnailUrl\":\"https:\/\/nordiccrane.com\/no\/wp-content\/uploads\/sites\/2\/2023\/11\/arrow-left-black.svg\",\"datePublished\":\"2023-12-12T13:05:20+00:00\",\"dateModified\":\"2023-12-14T12:37:50+00:00\",\"breadcrumb\":{\"@id\":\"https:\/\/nordiccrane.com\/no\/presse\/#breadcrumb\"},\"inLanguage\":\"nb-NO\",\"potentialAction\":[{\"@type\":\"ReadAction\",\"target\":[\"https:\/\/nordiccrane.com\/no\/presse\/\"]}]},{\"@type\":\"ImageObject\",\"inLanguage\":\"nb-NO\",\"@id\":\"https:\/\/nordiccrane.com\/no\/presse\/#primaryimage\",\"url\":\"https:\/\/nordiccrane.com\/no\/wp-content\/uploads\/sites\/2\/2023\/11\/arrow-left-black.svg\",\"contentUrl\":\"https:\/\/nordiccrane.com\/no\/wp-content\/uploads\/sites\/2\/2023\/11\/arrow-left-black.svg\",\"width\":29,\"height\":23},{\"@type\":\"BreadcrumbList\",\"@id\":\"https:\/\/nordiccrane.com\/no\/presse\/#breadcrumb\",\"itemListElement\":[{\"@type\":\"ListItem\",\"position\":1,\"name\":\"Home\",\"item\":\"https:\/\/nordiccrane.com\/no\/\"},{\"@type\":\"ListItem\",\"position\":2,\"name\":\"Presse\"}]},{\"@type\":\"WebSite\",\"@id\":\"https:\/\/nordiccrane.com\/no\/#website\",\"url\":\"https:\/\/nordiccrane.com\/no\/\",\"name\":\"Nordic Crane Norge\",\"description\":\"\",\"potentialAction\":[{\"@type\":\"SearchAction\",\"target\":{\"@type\":\"EntryPoint\",\"urlTemplate\":\"https:\/\/nordiccrane.com\/no\/?s={search_term_string}\"},\"query-input\":{\"@type\":\"PropertyValueSpecification\",\"valueRequired\":true,\"valueName\":\"search_term_string\"}}],\"inLanguage\":\"nb-NO\"}]}<\/script>\n<!-- \/ Yoast SEO plugin. -->","yoast_head_json":{"title":"Presse - Nordic Crane Norge","robots":{"index":"index","follow":"follow","max-snippet":"max-snippet:-1","max-image-preview":"max-image-preview:large","max-video-preview":"max-video-preview:-1"},"canonical":"https:\/\/nordiccrane.com\/no\/presse\/","og_locale":"nb_NO","og_type":"article","og_title":"Presse - Nordic Crane Norge","og_description":"Presse Generelle mediehenvendelser om&nbsp;bilder, sosiale medier og &nbsp;annen relevant produksjon kan tas med medieansvarlig. For informasjon vedr\u00f8rende daglig drift, kontakt daglige ledere. &nbsp;15.02.23 &#8211; Nordic Crane vokser og gjennomf\u00f8rer organisatoriske endringer 01.12.20 &#8211; Kynningsrud Nordic Crane med verdens f\u00f8rste elektriske beltekran 05.03.19 &#8211; Kynningsrud Nordic Crane investerer for 500 millioner kroner 01.10.18 &#8211; Nordic Crane [&hellip;]","og_url":"https:\/\/nordiccrane.com\/no\/presse\/","og_site_name":"Nordic Crane Norge","article_modified_time":"2023-12-14T12:37:50+00:00","og_image":[{"url":"https:\/\/nordiccrane.com\/no\/wp-content\/uploads\/sites\/2\/2023\/11\/arrow-left-black.svg","type":"","width":"","height":""}],"twitter_card":"summary_large_image","schema":{"@context":"https:\/\/schema.org","@graph":[{"@type":"WebPage","@id":"https:\/\/nordiccrane.com\/no\/presse\/","url":"https:\/\/nordiccrane.com\/no\/presse\/","name":"Presse - Nordic Crane Norge","isPartOf":{"@id":"https:\/\/nordiccrane.com\/no\/#website"},"primaryImageOfPage":{"@id":"https:\/\/nordiccrane.com\/no\/presse\/#primaryimage"},"image":{"@id":"https:\/\/nordiccrane.com\/no\/presse\/#primaryimage"},"thumbnailUrl":"https:\/\/nordiccrane.com\/no\/wp-content\/uploads\/sites\/2\/2023\/11\/arrow-left-black.svg","datePublished":"2023-12-12T13:05:20+00:00","dateModified":"2023-12-14T12:37:50+00:00","breadcrumb":{"@id":"https:\/\/nordiccrane.com\/no\/presse\/#breadcrumb"},"inLanguage":"nb-NO","potentialAction":[{"@type":"ReadAction","target":["https:\/\/nordiccrane.com\/no\/presse\/"]}]},{"@type":"ImageObject","inLanguage":"nb-NO","@id":"https:\/\/nordiccrane.com\/no\/presse\/#primaryimage","url":"https:\/\/nordiccrane.com\/no\/wp-content\/uploads\/sites\/2\/2023\/11\/arrow-left-black.svg","contentUrl":"https:\/\/nordiccrane.com\/no\/wp-content\/uploads\/sites\/2\/2023\/11\/arrow-left-black.svg","width":29,"height":23},{"@type":"BreadcrumbList","@id":"https:\/\/nordiccrane.com\/no\/presse\/#breadcrumb","itemListElement":[{"@type":"ListItem","position":1,"name":"Home","item":"https:\/\/nordiccrane.com\/no\/"},{"@type":"ListItem","position":2,"name":"Presse"}]},{"@type":"WebSite","@id":"https:\/\/nordiccrane.com\/no\/#website","url":"https:\/\/nordiccrane.com\/no\/","name":"Nordic Crane Norge","description":"","potentialAction":[{"@type":"SearchAction","target":{"@type":"EntryPoint","urlTemplate":"https:\/\/nordiccrane.com\/no\/?s={search_term_string}"},"query-input":{"@type":"PropertyValueSpecification","valueRequired":true,"valueName":"search_term_string"}}],"inLanguage":"nb-NO"}]}},"_links":{"self":[{"href":"https:\/\/nordiccrane.com\/no\/wp-json\/wp\/v2\/pages\/21059","targetHints":{"allow":["GET"]}}],"collection":[{"href":"https:\/\/nordiccrane.com\/no\/wp-json\/wp\/v2\/pages"}],"about":[{"href":"https:\/\/nordiccrane.com\/no\/wp-json\/wp\/v2\/types\/page"}],"author":[{"embeddable":true,"href":"https:\/\/nordiccrane.com\/no\/wp-json\/wp\/v2\/users\/2"}],"replies":[{"embeddable":true,"href":"https:\/\/nordiccrane.com\/no\/wp-json\/wp\/v2\/comments?post=21059"}],"version-history":[{"count":4,"href":"https:\/\/nordiccrane.com\/no\/wp-json\/wp\/v2\/pages\/21059\/revisions"}],"predecessor-version":[{"id":21407,"href":"https:\/\/nordiccrane.com\/no\/wp-json\/wp\/v2\/pages\/21059\/revisions\/21407"}],"wp:attachment":[{"href":"https:\/\/nordiccrane.com\/no\/wp-json\/wp\/v2\/media?parent=21059"}],"curies":[{"name":"wp","href":"https:\/\/api.w.org\/{rel}","templated":true}]}}