{"id":22,"date":"2023-11-22T10:19:41","date_gmt":"2023-11-22T09:19:41","guid":{"rendered":"https:\/\/nordiccrane.com\/no\/?page_id=22"},"modified":"2024-02-22T11:07:00","modified_gmt":"2024-02-22T10:07:00","slug":"krankalkulator","status":"publish","type":"page","link":"https:\/\/nordiccrane.com\/no\/krankalkulator\/","title":{"rendered":"Krankalkulator"},"content":{"rendered":"\n<div class=\"wp-block-group alignfull has-light-blue-background-color has-background eplus-wrapper\"><div class=\"wp-block-group__inner-container is-layout-constrained wp-block-group-is-layout-constrained\">\n<div style=\"height:40px\" aria-hidden=\"true\" class=\" wp-block-spacer eplus-wrapper\"><\/div>\n\n\n\n<div class=\"wp-block-group eplus-wrapper\"><div class=\"wp-block-group__inner-container is-layout-constrained wp-block-group-is-layout-constrained\"><div class=\"wp-block-columns eplus-wrapper is-layout-flex wp-container-core-columns-is-layout-9d6595d7 wp-block-columns-is-layout-flex eplus-styles-uid-aefc38\">\n<div class=\"wp-block-column is-vertically-aligned-center eplus-wrapper is-layout-flow wp-block-column-is-layout-flow\" style=\"flex-basis:45%\">\n<h2 class=\" wp-block-heading eplus-wrapper\">Krankalkulator<\/h2>\n\n\n\n<p class=\" eplus-wrapper\">Anbefalt kranst\u00f8rrelse fra v\u00e5r krankalkulator er kun veiledende, og kan variere som f\u00f8lge av riggkonfigurasjon, krokh\u00f8yde, modell og s\u00e5 videre. Valg av endelig kranst\u00f8rrelse b\u00f8r gj\u00f8re i samr\u00e5d med en av v\u00e5re koordinatorer som har flere \u00e5rs erfaring innenfor mobilkran, lastebilkran og transport. <\/p>\n\n\n\n<p class=\" eplus-wrapper\">Vekt skal inkludere vekt av last, l\u00f8fteredskaper og krok. Anbefalt kranst\u00f8rrelse er basert p\u00e5 generell l\u00f8ftekapasitet til mobilkran med teleskopbom. Fagverkskraner har generelt langt h\u00f8yere l\u00f8ftekapasitet enn teleskopkraner med samme betegnelse i l\u00f8ftekapasitet.<\/p>\n<\/div>\n\n\n\n<div class=\"wp-block-column eplus-wrapper is-layout-flow wp-block-column-is-layout-flow\" style=\"flex-basis:5%\"><\/div>\n\n\n\n<div class=\"wp-block-column is-vertically-aligned-center eplus-wrapper is-layout-flow wp-block-column-is-layout-flow\" style=\"flex-basis:50%\"><figure class=\"skew-img-page-top wp-block-image size-full eplus-wrapper eplus-styles-uid-cbf413\"><img loading=\"lazy\" decoding=\"async\" width=\"2560\" height=\"1920\" src=\"https:\/\/nordiccrane.com\/no\/wp-content\/uploads\/sites\/2\/2024\/01\/bjarne-forklarer-scaled.jpg\" alt=\"\" class=\"wp-image-22476\" srcset=\"https:\/\/nordiccrane.com\/no\/wp-content\/uploads\/sites\/2\/2024\/01\/bjarne-forklarer-scaled.jpg 2560w, https:\/\/nordiccrane.com\/no\/wp-content\/uploads\/sites\/2\/2024\/01\/bjarne-forklarer-300x225.jpg 300w, https:\/\/nordiccrane.com\/no\/wp-content\/uploads\/sites\/2\/2024\/01\/bjarne-forklarer-1024x768.jpg 1024w, https:\/\/nordiccrane.com\/no\/wp-content\/uploads\/sites\/2\/2024\/01\/bjarne-forklarer-768x576.jpg 768w, https:\/\/nordiccrane.com\/no\/wp-content\/uploads\/sites\/2\/2024\/01\/bjarne-forklarer-1536x1152.jpg 1536w, https:\/\/nordiccrane.com\/no\/wp-content\/uploads\/sites\/2\/2024\/01\/bjarne-forklarer-2048x1536.jpg 2048w\" sizes=\"auto, (max-width: 2560px) 100vw, 2560px\" \/><\/figure><\/div>\n<\/div><\/div><\/div>\n\n\n\n<div style=\"height:40px\" aria-hidden=\"true\" class=\" wp-block-spacer eplus-wrapper\"><\/div>\n<\/div><\/div>\n\n\n\n<p class=\" eplus-wrapper\"><\/p>\n\n\n\n<div style=\"height:100px\" aria-hidden=\"true\" class=\" wp-block-spacer eplus-wrapper\"><\/div>\n","protected":false},"excerpt":{"rendered":"<p>Krankalkulator Anbefalt kranst\u00f8rrelse fra v\u00e5r krankalkulator er kun veiledende, og kan variere som f\u00f8lge av riggkonfigurasjon, krokh\u00f8yde, modell og s\u00e5 videre. Valg av endelig kranst\u00f8rrelse b\u00f8r gj\u00f8re i samr\u00e5d med en av v\u00e5re koordinatorer som har flere \u00e5rs erfaring innenfor mobilkran, lastebilkran og transport. Vekt skal inkludere vekt av last, l\u00f8fteredskaper og krok. Anbefalt kranst\u00f8rrelse [&hellip;]<\/p>\n","protected":false},"author":1,"featured_media":0,"parent":0,"menu_order":0,"comment_status":"closed","ping_status":"closed","template":"page-templates\/page-krankalkulator.php","meta":{"_acf_changed":false,"inline_featured_image":false,"_editorskit_title_hidden":false,"_editorskit_reading_time":0,"_editorskit_is_block_options_detached":false,"_editorskit_block_options_position":"{}","editor_plus_copied_stylings":"{}","footnotes":""},"class_list":["post-22","page","type-page","status-publish","hentry"],"acf":[],"featured_image_src":null,"yoast_head":"<!-- This site is optimized with the Yoast SEO plugin v26.9 - https:\/\/yoast.com\/product\/yoast-seo-wordpress\/ -->\n<title>Krankalkulator - Nordic Crane Norge<\/title>\n<meta name=\"robots\" content=\"index, follow, max-snippet:-1, max-image-preview:large, max-video-preview:-1\" \/>\n<link rel=\"canonical\" href=\"https:\/\/nordiccrane.com\/no\/krankalkulator\/\" \/>\n<meta property=\"og:locale\" content=\"nb_NO\" \/>\n<meta property=\"og:type\" content=\"article\" \/>\n<meta property=\"og:title\" content=\"Krankalkulator - Nordic Crane Norge\" \/>\n<meta property=\"og:description\" content=\"Krankalkulator Anbefalt kranst\u00f8rrelse fra v\u00e5r krankalkulator er kun veiledende, og kan variere som f\u00f8lge av riggkonfigurasjon, krokh\u00f8yde, modell og s\u00e5 videre. Valg av endelig kranst\u00f8rrelse b\u00f8r gj\u00f8re i samr\u00e5d med en av v\u00e5re koordinatorer som har flere \u00e5rs erfaring innenfor mobilkran, lastebilkran og transport. Vekt skal inkludere vekt av last, l\u00f8fteredskaper og krok. Anbefalt kranst\u00f8rrelse [&hellip;]\" \/>\n<meta property=\"og:url\" content=\"https:\/\/nordiccrane.com\/no\/krankalkulator\/\" \/>\n<meta property=\"og:site_name\" content=\"Nordic Crane Norge\" \/>\n<meta property=\"article:modified_time\" content=\"2024-02-22T10:07:00+00:00\" \/>\n<meta property=\"og:image\" content=\"https:\/\/nordiccrane.com\/no\/wp-content\/uploads\/sites\/2\/2024\/01\/bjarne-forklarer-scaled.jpg\" \/>\n<meta name=\"twitter:card\" content=\"summary_large_image\" \/>\n<script type=\"application\/ld+json\" class=\"yoast-schema-graph\">{\"@context\":\"https:\/\/schema.org\",\"@graph\":[{\"@type\":\"WebPage\",\"@id\":\"https:\/\/nordiccrane.com\/no\/krankalkulator\/\",\"url\":\"https:\/\/nordiccrane.com\/no\/krankalkulator\/\",\"name\":\"Krankalkulator - Nordic Crane Norge\",\"isPartOf\":{\"@id\":\"https:\/\/nordiccrane.com\/no\/#website\"},\"primaryImageOfPage\":{\"@id\":\"https:\/\/nordiccrane.com\/no\/krankalkulator\/#primaryimage\"},\"image\":{\"@id\":\"https:\/\/nordiccrane.com\/no\/krankalkulator\/#primaryimage\"},\"thumbnailUrl\":\"https:\/\/nordiccrane.com\/no\/wp-content\/uploads\/sites\/2\/2024\/01\/bjarne-forklarer-scaled.jpg\",\"datePublished\":\"2023-11-22T09:19:41+00:00\",\"dateModified\":\"2024-02-22T10:07:00+00:00\",\"breadcrumb\":{\"@id\":\"https:\/\/nordiccrane.com\/no\/krankalkulator\/#breadcrumb\"},\"inLanguage\":\"nb-NO\",\"potentialAction\":[{\"@type\":\"ReadAction\",\"target\":[\"https:\/\/nordiccrane.com\/no\/krankalkulator\/\"]}]},{\"@type\":\"ImageObject\",\"inLanguage\":\"nb-NO\",\"@id\":\"https:\/\/nordiccrane.com\/no\/krankalkulator\/#primaryimage\",\"url\":\"https:\/\/nordiccrane.com\/no\/wp-content\/uploads\/sites\/2\/2024\/01\/bjarne-forklarer-scaled.jpg\",\"contentUrl\":\"https:\/\/nordiccrane.com\/no\/wp-content\/uploads\/sites\/2\/2024\/01\/bjarne-forklarer-scaled.jpg\",\"width\":2560,\"height\":1920},{\"@type\":\"BreadcrumbList\",\"@id\":\"https:\/\/nordiccrane.com\/no\/krankalkulator\/#breadcrumb\",\"itemListElement\":[{\"@type\":\"ListItem\",\"position\":1,\"name\":\"Home\",\"item\":\"https:\/\/nordiccrane.com\/no\/\"},{\"@type\":\"ListItem\",\"position\":2,\"name\":\"Krankalkulator\"}]},{\"@type\":\"WebSite\",\"@id\":\"https:\/\/nordiccrane.com\/no\/#website\",\"url\":\"https:\/\/nordiccrane.com\/no\/\",\"name\":\"Nordic Crane Norge\",\"description\":\"\",\"potentialAction\":[{\"@type\":\"SearchAction\",\"target\":{\"@type\":\"EntryPoint\",\"urlTemplate\":\"https:\/\/nordiccrane.com\/no\/?s={search_term_string}\"},\"query-input\":{\"@type\":\"PropertyValueSpecification\",\"valueRequired\":true,\"valueName\":\"search_term_string\"}}],\"inLanguage\":\"nb-NO\"}]}<\/script>\n<!-- \/ Yoast SEO plugin. -->","yoast_head_json":{"title":"Krankalkulator - Nordic Crane Norge","robots":{"index":"index","follow":"follow","max-snippet":"max-snippet:-1","max-image-preview":"max-image-preview:large","max-video-preview":"max-video-preview:-1"},"canonical":"https:\/\/nordiccrane.com\/no\/krankalkulator\/","og_locale":"nb_NO","og_type":"article","og_title":"Krankalkulator - Nordic Crane Norge","og_description":"Krankalkulator Anbefalt kranst\u00f8rrelse fra v\u00e5r krankalkulator er kun veiledende, og kan variere som f\u00f8lge av riggkonfigurasjon, krokh\u00f8yde, modell og s\u00e5 videre. Valg av endelig kranst\u00f8rrelse b\u00f8r gj\u00f8re i samr\u00e5d med en av v\u00e5re koordinatorer som har flere \u00e5rs erfaring innenfor mobilkran, lastebilkran og transport. Vekt skal inkludere vekt av last, l\u00f8fteredskaper og krok. Anbefalt kranst\u00f8rrelse [&hellip;]","og_url":"https:\/\/nordiccrane.com\/no\/krankalkulator\/","og_site_name":"Nordic Crane Norge","article_modified_time":"2024-02-22T10:07:00+00:00","og_image":[{"url":"https:\/\/nordiccrane.com\/no\/wp-content\/uploads\/sites\/2\/2024\/01\/bjarne-forklarer-scaled.jpg","type":"","width":"","height":""}],"twitter_card":"summary_large_image","schema":{"@context":"https:\/\/schema.org","@graph":[{"@type":"WebPage","@id":"https:\/\/nordiccrane.com\/no\/krankalkulator\/","url":"https:\/\/nordiccrane.com\/no\/krankalkulator\/","name":"Krankalkulator - Nordic Crane Norge","isPartOf":{"@id":"https:\/\/nordiccrane.com\/no\/#website"},"primaryImageOfPage":{"@id":"https:\/\/nordiccrane.com\/no\/krankalkulator\/#primaryimage"},"image":{"@id":"https:\/\/nordiccrane.com\/no\/krankalkulator\/#primaryimage"},"thumbnailUrl":"https:\/\/nordiccrane.com\/no\/wp-content\/uploads\/sites\/2\/2024\/01\/bjarne-forklarer-scaled.jpg","datePublished":"2023-11-22T09:19:41+00:00","dateModified":"2024-02-22T10:07:00+00:00","breadcrumb":{"@id":"https:\/\/nordiccrane.com\/no\/krankalkulator\/#breadcrumb"},"inLanguage":"nb-NO","potentialAction":[{"@type":"ReadAction","target":["https:\/\/nordiccrane.com\/no\/krankalkulator\/"]}]},{"@type":"ImageObject","inLanguage":"nb-NO","@id":"https:\/\/nordiccrane.com\/no\/krankalkulator\/#primaryimage","url":"https:\/\/nordiccrane.com\/no\/wp-content\/uploads\/sites\/2\/2024\/01\/bjarne-forklarer-scaled.jpg","contentUrl":"https:\/\/nordiccrane.com\/no\/wp-content\/uploads\/sites\/2\/2024\/01\/bjarne-forklarer-scaled.jpg","width":2560,"height":1920},{"@type":"BreadcrumbList","@id":"https:\/\/nordiccrane.com\/no\/krankalkulator\/#breadcrumb","itemListElement":[{"@type":"ListItem","position":1,"name":"Home","item":"https:\/\/nordiccrane.com\/no\/"},{"@type":"ListItem","position":2,"name":"Krankalkulator"}]},{"@type":"WebSite","@id":"https:\/\/nordiccrane.com\/no\/#website","url":"https:\/\/nordiccrane.com\/no\/","name":"Nordic Crane Norge","description":"","potentialAction":[{"@type":"SearchAction","target":{"@type":"EntryPoint","urlTemplate":"https:\/\/nordiccrane.com\/no\/?s={search_term_string}"},"query-input":{"@type":"PropertyValueSpecification","valueRequired":true,"valueName":"search_term_string"}}],"inLanguage":"nb-NO"}]}},"_links":{"self":[{"href":"https:\/\/nordiccrane.com\/no\/wp-json\/wp\/v2\/pages\/22","targetHints":{"allow":["GET"]}}],"collection":[{"href":"https:\/\/nordiccrane.com\/no\/wp-json\/wp\/v2\/pages"}],"about":[{"href":"https:\/\/nordiccrane.com\/no\/wp-json\/wp\/v2\/types\/page"}],"author":[{"embeddable":true,"href":"https:\/\/nordiccrane.com\/no\/wp-json\/wp\/v2\/users\/1"}],"replies":[{"embeddable":true,"href":"https:\/\/nordiccrane.com\/no\/wp-json\/wp\/v2\/comments?post=22"}],"version-history":[{"count":8,"href":"https:\/\/nordiccrane.com\/no\/wp-json\/wp\/v2\/pages\/22\/revisions"}],"predecessor-version":[{"id":24173,"href":"https:\/\/nordiccrane.com\/no\/wp-json\/wp\/v2\/pages\/22\/revisions\/24173"}],"wp:attachment":[{"href":"https:\/\/nordiccrane.com\/no\/wp-json\/wp\/v2\/media?parent=22"}],"curies":[{"name":"wp","href":"https:\/\/api.w.org\/{rel}","templated":true}]}}