{"id":22686,"date":"2024-01-24T15:09:46","date_gmt":"2024-01-24T14:09:46","guid":{"rendered":"https:\/\/nordiccrane.com\/no\/?page_id=22686"},"modified":"2024-04-18T11:07:36","modified_gmt":"2024-04-18T09:07:36","slug":"cookie-policy","status":"publish","type":"page","link":"https:\/\/nordiccrane.com\/no\/cookie-policy\/","title":{"rendered":"Cookie policy"},"content":{"rendered":"\n<div class=\"wp-block-group alignfull has-light-blue-background-color has-background eplus-wrapper\"><div class=\"wp-block-group__inner-container is-layout-constrained wp-block-group-is-layout-constrained\">\n<div style=\"height:50px\" aria-hidden=\"true\" class=\" wp-block-spacer eplus-wrapper\"><\/div>\n\n\n\n<div class=\"wp-block-group eplus-wrapper\"><div class=\"wp-block-group__inner-container is-layout-constrained wp-block-group-is-layout-constrained\"><div class=\"wp-block-columns eplus-wrapper is-layout-flex wp-container-core-columns-is-layout-9d6595d7 wp-block-columns-is-layout-flex eplus-styles-uid-d538c0\">\n<div class=\"wp-block-column eplus-wrapper is-layout-flow wp-block-column-is-layout-flow\" style=\"flex-basis:100%\">\n<h2 class=\" wp-block-heading has-text-align-center eplus-wrapper\">Cookie policy for\u00a0Nordic Crane\u00a0<\/h2>\n\n\n\n<p class=\" has-text-align-center eplus-wrapper\">Siste versjon: 23. januar 2024<\/p>\n<\/div>\n<\/div><\/div><\/div>\n\n\n\n<div style=\"height:50px\" aria-hidden=\"true\" class=\" wp-block-spacer eplus-wrapper\"><\/div>\n<\/div><\/div>\n\n\n\n<div style=\"height:100px\" aria-hidden=\"true\" class=\" wp-block-spacer eplus-wrapper\"><\/div>\n\n\n\n<div class=\"wp-block-group eplus-wrapper\"><div class=\"wp-block-group__inner-container is-layout-constrained wp-block-group-is-layout-constrained\"><div class=\"wp-block-columns eplus-wrapper is-layout-flex wp-container-core-columns-is-layout-9d6595d7 wp-block-columns-is-layout-flex eplus-styles-uid-37f325\">\n<div class=\"wp-block-column eplus-wrapper is-layout-flow wp-block-column-is-layout-flow\" style=\"flex-basis:15%\"><\/div>\n\n\n\n<div class=\"wp-block-column eplus-wrapper is-layout-flow wp-block-column-is-layout-flow\">\n<p class=\" eplus-wrapper\"><strong>1. Innledning<\/strong><br>Nordic Crane er opptatt av at du skal ha tillit til oss og hvordan vi behandler dine personopplysninger og \u00f8nsker derfor \u00e5 gi deg informasjon om hvordan vi bruker informasjonskapsler (cookies) og liknende teknologi.<\/p>\n\n\n\n<p class=\" eplus-wrapper\">Informasjonskapsler er filer som inneholder sm\u00e5 mengder informasjon som lastes ned p\u00e5 enheten du bruker n\u00e5r du bes\u00f8ker et nettsted. Disse filene gj\u00f8r at vi er i stand til \u00e5 gjenkjenne nettleseren din. Informasjonskapsler gir oss ikke noe direkte identifiserbar informasjon om deg, som for eksempel navn, adresse eller lignende.<\/p>\n\n\n\n<p class=\" eplus-wrapper\"><strong>2. Hvorfor vi bruker informasjonskapsler<\/strong><br>Vi benytter informasjonskapsler og tillater ogs\u00e5 at enkelte tredjeparter vi samarbeider med benytter informasjonskapsler p\u00e5 v\u00e5re sider.<\/p>\n\n\n\n<p class=\" eplus-wrapper\">Vi benytter informasjonskapsler for \u00e5 kunne levere og tilpasse nettsidene til deg, for eksempel ved \u00e5 innhente informasjon om hvilken nettleser du bruker og hvor raskt nettet ditt er.<\/p>\n\n\n\n<p class=\" eplus-wrapper\">Vi bruker ogs\u00e5 informasjonskapsler til \u00e5 analysere hvor mange bes\u00f8kende vi har, om nettstedet v\u00e5rt tidligere har blitt bes\u00f8kt av den samme datamaskinen, eller for \u00e5 kunne vite hvordan du som bruker navigerer p\u00e5 siden. Denne informasjonen benytter vi oss av for \u00e5 kunne utvikle og forbedre tjenestene v\u00e5re.<\/p>\n\n\n\n<p class=\" eplus-wrapper\">Vi, og tredjeparter vi samarbeider med, bruker informasjonskapsler til annonsering og for \u00e5 bygge segmenter og m\u00e5lgrupper. Informasjonskapslene gj\u00f8r at vi kan se hvilke nettsider du har bes\u00f8kt f\u00f8r du bes\u00f8kte v\u00e5re nettsider og om du har sett eller klikket p\u00e5 en bestemt annonse tidligere. P\u00e5 bakgrunn av blant annet denne informasjonen kan vi bestemme hvilke annonser som skal vises n\u00e5r du bes\u00f8ker v\u00e5re sider.<\/p>\n\n\n\n<p class=\" eplus-wrapper\"><strong>3. Hvordan h\u00e5ndtere informasjonskapsler<\/strong><br>Du kan finne en oversikt over de informasjonskapslene som har blitt lagret i innstillingene for nettleseren din og slette u\u00f8nskede informasjonskapsler derfra. Her kan du normalt ogs\u00e5 angi om du aksepterer lagring av informasjonskapsler fra nettsidene du bes\u00f8ker, fra tredjeparter som er tilknyttet nettsidene og eventuelt om du \u00f8nsker \u00e5 bli varslet hver gang en ny informasjonskapsel blir lagret. Nettleseren din lagrer vanligvis informasjonskapsler i en bestemt mappe p\u00e5 harddisken din ogs\u00e5, der du kan unders\u00f8ke innholdet n\u00e6rmere.<\/p>\n\n\n\n<p class=\" eplus-wrapper\">Informasjon om h\u00e5ndtering av informasjonskapsler i de mest brukte nettleserne kan du finne her:<\/p>\n\n\n\n<p class=\" eplus-wrapper\"><a href=\"https:\/\/support.microsoft.com\/en-us\/windows\/delete-and-manage-cookies-168dab11-0753-043d-7c16-ede5947fc64d\" target=\"_blank\" rel=\"noreferrer noopener\">Internet Explorer<\/a><br><a href=\"https:\/\/support.microsoft.com\/nb-no\/microsoft-edge\/vis-og-slette-nettleserloggen-i-microsoft-edge-00cf7943-a9e1-975a-a33d-ac10ce454ca4\" target=\"_blank\" rel=\"noreferrer noopener\">Edge<\/a><br><a href=\"https:\/\/support.google.com\/chrome\/answer\/95647?hl=no\" target=\"_blank\" rel=\"noreferrer noopener\">Chrome<\/a><br><a href=\"https:\/\/support.mozilla.org\/no\/kb\/aktiver-og-deaktiver-infokapsler\" target=\"_blank\" rel=\"noreferrer noopener\">Firefox<\/a><br><a href=\"https:\/\/support.apple.com\/no-no\/guide\/safari\/sfri11471\/mac\" target=\"_blank\" rel=\"noreferrer noopener\">Safari<\/a><\/p>\n\n\n\n<p class=\" eplus-wrapper\"><strong>4. Hvordan kan jeg begrense informasjonen som g\u00e5r til annons\u00f8rer?<\/strong><br>Hvis du \u00f8nsker \u00e5 begrense informasjonen som g\u00e5r til annons\u00f8rer kan du laste ned en utmeldings-informasjonskapsel (\u00abopt-out cookie\u00bb) fra ulike annonseringsakt\u00f8rer eller bruke egne l\u00f8sninger for dette som for eksempel\u00a0<a href=\"https:\/\/youronlinechoices.com\/\" target=\"_blank\" rel=\"noreferrer noopener\">youronlinechoices.com<\/a>. Dette m\u00e5 gj\u00f8res for hver enhet og for hver nettleser.<\/p>\n\n\n\n<p class=\" eplus-wrapper\"><strong>5. Kontaktinformasjon<br><\/strong>Har du sp\u00f8rsm\u00e5l ang\u00e5ende v\u00e5r behandling av dine personopplysninger m\u00e5 du gjerne ta kontakt med oss p\u00e5\u00a0<a href=\"mailto:personopplysninger@nordiccrane.com\">personopplysninger@nordiccrane.com<\/a><\/p>\n\n\n\n<script id=\"CookieDeclaration\" src=\"https:\/\/consent.cookiebot.com\/69acf312-cd26-4de1-8e7f-153a54114f22\/cd.js\" type=\"text\/javascript\" async><\/script>\n<\/div>\n\n\n\n<div class=\"wp-block-column eplus-wrapper is-layout-flow wp-block-column-is-layout-flow\" style=\"flex-basis:15%\"><\/div>\n<\/div><\/div><\/div>\n\n\n\n<div style=\"height:130px\" aria-hidden=\"true\" class=\" wp-block-spacer eplus-wrapper\"><\/div>\n\n\n\n<div style=\"height:50px\" aria-hidden=\"true\" class=\" wp-block-spacer eplus-wrapper\"><\/div>\n","protected":false},"excerpt":{"rendered":"<p>Cookie policy for&nbsp;Nordic Crane&nbsp; Siste versjon: 23. januar 2024 1. InnledningNordic Crane er opptatt av at du skal ha tillit til oss og hvordan vi behandler dine personopplysninger og \u00f8nsker derfor \u00e5 gi deg informasjon om hvordan vi bruker informasjonskapsler (cookies) og liknende teknologi. Informasjonskapsler er filer som inneholder sm\u00e5 mengder informasjon som lastes ned [&hellip;]<\/p>\n","protected":false},"author":1,"featured_media":0,"parent":0,"menu_order":0,"comment_status":"closed","ping_status":"closed","template":"","meta":{"_acf_changed":false,"inline_featured_image":false,"_editorskit_title_hidden":false,"_editorskit_reading_time":0,"_editorskit_is_block_options_detached":false,"_editorskit_block_options_position":"{}","editor_plus_copied_stylings":"{}","footnotes":""},"class_list":["post-22686","page","type-page","status-publish","hentry"],"acf":[],"featured_image_src":null,"yoast_head":"<!-- This site is optimized with the Yoast SEO plugin v27.4 - https:\/\/yoast.com\/product\/yoast-seo-wordpress\/ -->\n<title>Cookie policy - Nordic Crane Norge<\/title>\n<meta name=\"robots\" content=\"index, follow, max-snippet:-1, max-image-preview:large, max-video-preview:-1\" \/>\n<link rel=\"canonical\" href=\"https:\/\/nordiccrane.com\/no\/cookie-policy\/\" \/>\n<meta property=\"og:locale\" content=\"nb_NO\" \/>\n<meta property=\"og:type\" content=\"article\" \/>\n<meta property=\"og:title\" content=\"Cookie policy - Nordic Crane Norge\" \/>\n<meta property=\"og:description\" content=\"Cookie policy for&nbsp;Nordic Crane&nbsp; Siste versjon: 23. januar 2024 1. InnledningNordic Crane er opptatt av at du skal ha tillit til oss og hvordan vi behandler dine personopplysninger og \u00f8nsker derfor \u00e5 gi deg informasjon om hvordan vi bruker informasjonskapsler (cookies) og liknende teknologi. Informasjonskapsler er filer som inneholder sm\u00e5 mengder informasjon som lastes ned [&hellip;]\" \/>\n<meta property=\"og:url\" content=\"https:\/\/nordiccrane.com\/no\/cookie-policy\/\" \/>\n<meta property=\"og:site_name\" content=\"Nordic Crane Norge\" \/>\n<meta property=\"article:modified_time\" content=\"2024-04-18T09:07:36+00:00\" \/>\n<meta name=\"twitter:card\" content=\"summary_large_image\" \/>\n<meta name=\"twitter:label1\" content=\"Ansl. lesetid\" \/>\n\t<meta name=\"twitter:data1\" content=\"3 minutter\" \/>\n<script type=\"application\/ld+json\" class=\"yoast-schema-graph\">{\"@context\":\"https:\\\/\\\/schema.org\",\"@graph\":[{\"@type\":\"WebPage\",\"@id\":\"https:\\\/\\\/nordiccrane.com\\\/no\\\/cookie-policy\\\/\",\"url\":\"https:\\\/\\\/nordiccrane.com\\\/no\\\/cookie-policy\\\/\",\"name\":\"Cookie policy - Nordic Crane Norge\",\"isPartOf\":{\"@id\":\"https:\\\/\\\/nordiccrane.com\\\/no\\\/#website\"},\"datePublished\":\"2024-01-24T14:09:46+00:00\",\"dateModified\":\"2024-04-18T09:07:36+00:00\",\"breadcrumb\":{\"@id\":\"https:\\\/\\\/nordiccrane.com\\\/no\\\/cookie-policy\\\/#breadcrumb\"},\"inLanguage\":\"nb-NO\",\"potentialAction\":[{\"@type\":\"ReadAction\",\"target\":[\"https:\\\/\\\/nordiccrane.com\\\/no\\\/cookie-policy\\\/\"]}]},{\"@type\":\"BreadcrumbList\",\"@id\":\"https:\\\/\\\/nordiccrane.com\\\/no\\\/cookie-policy\\\/#breadcrumb\",\"itemListElement\":[{\"@type\":\"ListItem\",\"position\":1,\"name\":\"Home\",\"item\":\"https:\\\/\\\/nordiccrane.com\\\/no\\\/\"},{\"@type\":\"ListItem\",\"position\":2,\"name\":\"Cookie policy\"}]},{\"@type\":\"WebSite\",\"@id\":\"https:\\\/\\\/nordiccrane.com\\\/no\\\/#website\",\"url\":\"https:\\\/\\\/nordiccrane.com\\\/no\\\/\",\"name\":\"Nordic Crane Norge\",\"description\":\"\",\"potentialAction\":[{\"@type\":\"SearchAction\",\"target\":{\"@type\":\"EntryPoint\",\"urlTemplate\":\"https:\\\/\\\/nordiccrane.com\\\/no\\\/?s={search_term_string}\"},\"query-input\":{\"@type\":\"PropertyValueSpecification\",\"valueRequired\":true,\"valueName\":\"search_term_string\"}}],\"inLanguage\":\"nb-NO\"}]}<\/script>\n<!-- \/ Yoast SEO plugin. -->","yoast_head_json":{"title":"Cookie policy - Nordic Crane Norge","robots":{"index":"index","follow":"follow","max-snippet":"max-snippet:-1","max-image-preview":"max-image-preview:large","max-video-preview":"max-video-preview:-1"},"canonical":"https:\/\/nordiccrane.com\/no\/cookie-policy\/","og_locale":"nb_NO","og_type":"article","og_title":"Cookie policy - Nordic Crane Norge","og_description":"Cookie policy for&nbsp;Nordic Crane&nbsp; Siste versjon: 23. januar 2024 1. InnledningNordic Crane er opptatt av at du skal ha tillit til oss og hvordan vi behandler dine personopplysninger og \u00f8nsker derfor \u00e5 gi deg informasjon om hvordan vi bruker informasjonskapsler (cookies) og liknende teknologi. Informasjonskapsler er filer som inneholder sm\u00e5 mengder informasjon som lastes ned [&hellip;]","og_url":"https:\/\/nordiccrane.com\/no\/cookie-policy\/","og_site_name":"Nordic Crane Norge","article_modified_time":"2024-04-18T09:07:36+00:00","twitter_card":"summary_large_image","twitter_misc":{"Ansl. lesetid":"3 minutter"},"schema":{"@context":"https:\/\/schema.org","@graph":[{"@type":"WebPage","@id":"https:\/\/nordiccrane.com\/no\/cookie-policy\/","url":"https:\/\/nordiccrane.com\/no\/cookie-policy\/","name":"Cookie policy - Nordic Crane Norge","isPartOf":{"@id":"https:\/\/nordiccrane.com\/no\/#website"},"datePublished":"2024-01-24T14:09:46+00:00","dateModified":"2024-04-18T09:07:36+00:00","breadcrumb":{"@id":"https:\/\/nordiccrane.com\/no\/cookie-policy\/#breadcrumb"},"inLanguage":"nb-NO","potentialAction":[{"@type":"ReadAction","target":["https:\/\/nordiccrane.com\/no\/cookie-policy\/"]}]},{"@type":"BreadcrumbList","@id":"https:\/\/nordiccrane.com\/no\/cookie-policy\/#breadcrumb","itemListElement":[{"@type":"ListItem","position":1,"name":"Home","item":"https:\/\/nordiccrane.com\/no\/"},{"@type":"ListItem","position":2,"name":"Cookie policy"}]},{"@type":"WebSite","@id":"https:\/\/nordiccrane.com\/no\/#website","url":"https:\/\/nordiccrane.com\/no\/","name":"Nordic Crane Norge","description":"","potentialAction":[{"@type":"SearchAction","target":{"@type":"EntryPoint","urlTemplate":"https:\/\/nordiccrane.com\/no\/?s={search_term_string}"},"query-input":{"@type":"PropertyValueSpecification","valueRequired":true,"valueName":"search_term_string"}}],"inLanguage":"nb-NO"}]}},"_links":{"self":[{"href":"https:\/\/nordiccrane.com\/no\/wp-json\/wp\/v2\/pages\/22686","targetHints":{"allow":["GET"]}}],"collection":[{"href":"https:\/\/nordiccrane.com\/no\/wp-json\/wp\/v2\/pages"}],"about":[{"href":"https:\/\/nordiccrane.com\/no\/wp-json\/wp\/v2\/types\/page"}],"author":[{"embeddable":true,"href":"https:\/\/nordiccrane.com\/no\/wp-json\/wp\/v2\/users\/1"}],"replies":[{"embeddable":true,"href":"https:\/\/nordiccrane.com\/no\/wp-json\/wp\/v2\/comments?post=22686"}],"version-history":[{"count":14,"href":"https:\/\/nordiccrane.com\/no\/wp-json\/wp\/v2\/pages\/22686\/revisions"}],"predecessor-version":[{"id":24039,"href":"https:\/\/nordiccrane.com\/no\/wp-json\/wp\/v2\/pages\/22686\/revisions\/24039"}],"wp:attachment":[{"href":"https:\/\/nordiccrane.com\/no\/wp-json\/wp\/v2\/media?parent=22686"}],"curies":[{"name":"wp","href":"https:\/\/api.w.org\/{rel}","templated":true}]}}