{"id":14,"date":"2023-11-22T10:16:59","date_gmt":"2023-11-22T09:16:59","guid":{"rendered":"https:\/\/nordiccrane.com\/no\/?page_id=14"},"modified":"2026-04-08T11:50:51","modified_gmt":"2026-04-08T09:50:51","slug":"kontakt","status":"publish","type":"page","link":"https:\/\/nordiccrane.com\/se\/kontakt\/","title":{"rendered":"Kontakt"},"content":{"rendered":"\n<div class=\"wp-block-group alignfull has-light-blue-background-color has-background eplus-wrapper\"><div class=\"wp-block-group__inner-container is-layout-constrained wp-block-group-is-layout-constrained\">\n<div style=\"height:20px\" aria-hidden=\"true\" class=\" wp-block-spacer eplus-wrapper\"><\/div>\n\n\n\n<div style=\"height:70px\" aria-hidden=\"true\" class=\"hide-mobile wp-block-spacer eplus-wrapper\"><\/div>\n\n\n\n<div class=\"wp-block-group eplus-wrapper\"><div class=\"wp-block-group__inner-container is-layout-constrained wp-block-group-is-layout-constrained\"><div class=\"wp-block-columns eplus-wrapper is-layout-flex wp-container-core-columns-is-layout-9d6595d7 wp-block-columns-is-layout-flex eplus-styles-uid-d2151c\">\n<div class=\"wp-block-column eplus-wrapper is-layout-flow wp-block-column-is-layout-flow\">\n<p class=\"small-title eplus-wrapper\">KONTAKT<\/p>\n\n\n\n<h2 class=\" wp-block-heading eplus-wrapper\">Kontakta oss!<\/h2>\n\n\n\n<div style=\"height:45px\" aria-hidden=\"true\" class=\" wp-block-spacer eplus-wrapper\"><\/div>\n\n\n<div class=\"wp-block-columns eplus-wrapper is-layout-flex wp-container-core-columns-is-layout-9d6595d7 wp-block-columns-is-layout-flex eplus-styles-uid-0515fc\">\n<div class=\"wp-block-column eplus-wrapper is-layout-flow wp-block-column-is-layout-flow\" style=\"flex-basis:50%\"><div class=\"wp-block-columns are-vertically-aligned-center is-not-stacked-on-mobile has-light-green-background-color has-background eplus-wrapper is-layout-flex wp-container-core-columns-is-layout-9d6595d7 wp-block-columns-is-layout-flex eplus-styles-uid-34e2f6\">\n<div class=\"wp-block-column is-vertically-aligned-center eplus-wrapper is-layout-flow wp-block-column-is-layout-flow\" style=\"flex-basis:10px\"><\/div>\n\n\n\n<div class=\"wp-block-column is-vertically-aligned-center eplus-wrapper is-layout-flow wp-block-column-is-layout-flow\">\n<div style=\"height:35px\" aria-hidden=\"true\" class=\" wp-block-spacer eplus-wrapper\"><\/div>\n\n\n\n<p class=\" eplus-wrapper\"><strong>F\u00f6r bokning och andra fr\u00e5gor:<\/strong><\/p>\n\n\n\n<p class=\" eplus-wrapper\">Tel: <a href=\"tel:+46%20(0)31%20500%20400\">+46 (0)31 500 400<\/a><\/p>\n\n\n\n<p class=\" eplus-wrapper\">E-post: <a href=\"mailto:kran.se@nordiccrane.com\">kran.se@nordiccrane.com<\/a><\/p>\n\n\n\n<div style=\"height:20px\" aria-hidden=\"true\" class=\" wp-block-spacer eplus-wrapper\"><\/div>\n<\/div>\n\n\n\n<div class=\"wp-block-column is-vertically-aligned-center eplus-wrapper is-layout-flow wp-block-column-is-layout-flow\" style=\"flex-basis:10px\"><\/div>\n<\/div><\/div>\n\n\n\n<div class=\"wp-block-column eplus-wrapper is-layout-flow wp-block-column-is-layout-flow\" style=\"flex-basis:50%\"><div class=\"wp-block-columns are-vertically-aligned-center is-not-stacked-on-mobile has-light-green-background-color has-background eplus-wrapper is-layout-flex wp-container-core-columns-is-layout-9d6595d7 wp-block-columns-is-layout-flex eplus-styles-uid-02376c\">\n<div class=\"wp-block-column is-vertically-aligned-center eplus-wrapper is-layout-flow wp-block-column-is-layout-flow\" style=\"flex-basis:10px\"><\/div>\n\n\n\n<div class=\"wp-block-column is-vertically-aligned-center eplus-wrapper is-layout-flow wp-block-column-is-layout-flow\">\n<div style=\"height:35px\" aria-hidden=\"true\" class=\" wp-block-spacer eplus-wrapper\"><\/div>\n\n\n\n<p class=\" eplus-wrapper\"><strong>Direkt till s\u00e4ljavdelning:<\/strong><\/p>\n\n\n\n<p class=\" eplus-wrapper\">Tel: <a href=\"tel:+46%20(0)10%C2%A0175%2055%2005\">+46 (0)10\u00a0175 55 05<\/a><\/p>\n\n\n\n<p class=\" eplus-wrapper\">E-post: <a href=\"mailto:sales.se@nordiccrane.com\">sales.se@nordiccrane.com<\/a><\/p>\n\n\n\n<div style=\"height:20px\" aria-hidden=\"true\" class=\" wp-block-spacer eplus-wrapper\"><\/div>\n<\/div>\n\n\n\n<div class=\"wp-block-column is-vertically-aligned-center eplus-wrapper is-layout-flow wp-block-column-is-layout-flow\" style=\"flex-basis:10px\"><\/div>\n<\/div><\/div>\n<\/div><\/div>\n\n\n\n<div class=\"hide-mobile wp-block-column eplus-wrapper is-layout-flow wp-block-column-is-layout-flow\" style=\"flex-basis:5%\"><\/div>\n\n\n\n<div class=\"wp-block-column eplus-wrapper is-layout-flow wp-block-column-is-layout-flow\" style=\"flex-basis:30%\">\n<div style=\"height:30px\" aria-hidden=\"true\" class=\"hide-large wp-block-spacer eplus-wrapper\"><\/div>\n\n\n\n<h4 class=\" wp-block-heading eplus-wrapper\">Vad beh\u00f6ver du hj\u00e4lp med?<\/h4>\n\n\n\n<div style=\"height:30px\" aria-hidden=\"true\" class=\" wp-block-spacer eplus-wrapper\"><\/div>\n\n\n<div class=\"box-hover wp-block-columns is-not-stacked-on-mobile has-white-background-color has-background eplus-wrapper is-layout-flex wp-container-core-columns-is-layout-9d6595d7 wp-block-columns-is-layout-flex eplus-styles-uid-3e264d\">\n<div class=\"wp-block-column is-vertically-aligned-center eplus-wrapper is-layout-flow wp-block-column-is-layout-flow\" style=\"flex-basis:5px\"><\/div>\n\n\n\n<div class=\"wp-block-column eplus-wrapper is-layout-flow wp-block-column-is-layout-flow\" style=\"flex-basis:80%\">\n<div style=\"height:10px\" aria-hidden=\"true\" class=\" wp-block-spacer eplus-wrapper\"><\/div>\n\n\n\n<p class=\"link-front eplus-wrapper\"><a href=\"https:\/\/nordiccrane.com\/no\/adresser\/\"><\/a><a data-type=\"page\" data-id=\"21051\" href=\"https:\/\/nordiccrane.com\/se\/adresser\/\" class=\"ek-link\">Avdelningar och fakturaadress<\/a><\/p>\n<\/div>\n\n\n\n<div class=\"wp-block-column is-vertically-aligned-center eplus-wrapper is-layout-flow wp-block-column-is-layout-flow\" style=\"flex-basis:20%\">\n<figure class=\" wp-block-image size-large is-resized eplus-wrapper\"><a href=\"https:\/\/nordiccrane.com\/se\/adresser\/\"><img decoding=\"async\" src=\"https:\/\/nordiccrane.com\/no\/wp-content\/uploads\/sites\/2\/2023\/11\/arrow-left-black.svg\" alt=\"\" class=\"wp-image-95\" style=\"width:22px\"><\/a><\/figure>\n<\/div>\n<\/div>\n\n\n<div style=\"height:20px\" aria-hidden=\"true\" class=\" wp-block-spacer eplus-wrapper\"><\/div>\n\n\n<div class=\"box-hover wp-block-columns is-not-stacked-on-mobile has-white-background-color has-background eplus-wrapper is-layout-flex wp-container-core-columns-is-layout-9d6595d7 wp-block-columns-is-layout-flex eplus-styles-uid-167684\">\n<div class=\"wp-block-column is-vertically-aligned-center eplus-wrapper is-layout-flow wp-block-column-is-layout-flow\" style=\"flex-basis:5px\"><\/div>\n\n\n\n<div class=\"wp-block-column eplus-wrapper is-layout-flow wp-block-column-is-layout-flow\" style=\"flex-basis:80%\">\n<div style=\"height:10px\" aria-hidden=\"true\" class=\" wp-block-spacer eplus-wrapper\"><\/div>\n\n\n\n<p class=\"link-front eplus-wrapper\"><a href=\"https:\/\/nordiccrane.com\/no\/om-oss\/jobb-hos-oss\/\" data-type=\"page\" data-id=\"20044\"><\/a><a href=\"https:\/\/nordiccrane.com\/se\/om-oss\/jobba-hos-oss\/\" data-type=\"page\" data-id=\"20044\">Jobba hos oss<\/a><\/p>\n<\/div>\n\n\n\n<div class=\"wp-block-column is-vertically-aligned-center eplus-wrapper is-layout-flow wp-block-column-is-layout-flow\" style=\"flex-basis:20%\">\n<figure class=\" wp-block-image size-large is-resized eplus-wrapper\"><a href=\"https:\/\/nordiccrane.com\/se\/om-oss\/jobba-hos-oss\/\"><img decoding=\"async\" src=\"https:\/\/nordiccrane.com\/no\/wp-content\/uploads\/sites\/2\/2023\/11\/arrow-left-black.svg\" alt=\"\" class=\"wp-image-95\" style=\"width:22px\"><\/a><\/figure>\n<\/div>\n<\/div>\n\n\n<div style=\"height:20px\" aria-hidden=\"true\" class=\" wp-block-spacer eplus-wrapper\"><\/div>\n\n\n<div class=\"box-hover wp-block-columns is-not-stacked-on-mobile has-white-background-color has-background eplus-wrapper is-layout-flex wp-container-core-columns-is-layout-9d6595d7 wp-block-columns-is-layout-flex eplus-styles-uid-c7c012\">\n<div class=\"wp-block-column is-vertically-aligned-center eplus-wrapper is-layout-flow wp-block-column-is-layout-flow\" style=\"flex-basis:5px\"><\/div>\n\n\n\n<div class=\"wp-block-column eplus-wrapper is-layout-flow wp-block-column-is-layout-flow\" style=\"flex-basis:80%\">\n<div style=\"height:10px\" aria-hidden=\"true\" class=\" wp-block-spacer eplus-wrapper\"><\/div>\n\n\n\n<p class=\"link-front eplus-wrapper\"><a data-type=\"page\" data-id=\"19980\" class=\"ek-link\" href=\"https:\/\/nordiccrane.com\/se\/kontakt\/anstallda\/\">Hitta r\u00e4tt kontaktperson<\/a><\/p>\n<\/div>\n\n\n\n<div class=\"wp-block-column is-vertically-aligned-center eplus-wrapper is-layout-flow wp-block-column-is-layout-flow\" style=\"flex-basis:20%\">\n<figure class=\" wp-block-image size-large is-resized eplus-wrapper\"><a href=\"https:\/\/nordiccrane.com\/se\/kontakt\/anstallda\/\"><img decoding=\"async\" src=\"https:\/\/nordiccrane.com\/no\/wp-content\/uploads\/sites\/2\/2023\/11\/arrow-left-black.svg\" alt=\"\" class=\"wp-image-95\" style=\"width:22px\"><\/a><\/figure>\n<\/div>\n<\/div>\n\n\n<div style=\"height:20px\" aria-hidden=\"true\" class=\" wp-block-spacer eplus-wrapper\"><\/div>\n\n\n<div class=\"box-hover wp-block-columns is-not-stacked-on-mobile has-white-background-color has-background eplus-wrapper is-layout-flex wp-container-core-columns-is-layout-9d6595d7 wp-block-columns-is-layout-flex eplus-styles-uid-9904a4\">\n<div class=\"wp-block-column is-vertically-aligned-center eplus-wrapper is-layout-flow wp-block-column-is-layout-flow\" style=\"flex-basis:5px\"><\/div>\n\n\n\n<div class=\"wp-block-column eplus-wrapper is-layout-flow wp-block-column-is-layout-flow\" style=\"flex-basis:80%\">\n<div style=\"height:10px\" aria-hidden=\"true\" class=\" wp-block-spacer eplus-wrapper\"><\/div>\n\n\n\n<p class=\"link-front eplus-wrapper\"><a data-type=\"page\" data-id=\"19980\" href=\"https:\/\/nordiccrane.com\/no\/krankalkulator\/\"><\/a><a data-type=\"page\" data-id=\"22\" href=\"https:\/\/nordiccrane.com\/se\/krankalkylator\/\" class=\"ek-link\">Anv\u00e4nd v\u00e5r krankalkylator<\/a><\/p>\n<\/div>\n\n\n\n<div class=\"wp-block-column is-vertically-aligned-center eplus-wrapper is-layout-flow wp-block-column-is-layout-flow\" style=\"flex-basis:20%\">\n<figure class=\" wp-block-image size-large is-resized eplus-wrapper\"><a href=\"https:\/\/nordiccrane.com\/se\/krankalkylator\/\"><img decoding=\"async\" src=\"https:\/\/nordiccrane.com\/no\/wp-content\/uploads\/sites\/2\/2023\/11\/arrow-left-black.svg\" alt=\"\" class=\"wp-image-95\" style=\"width:22px\"><\/a><\/figure>\n<\/div>\n<\/div><\/div>\n\n\n\n<div class=\"hide-mobile wp-block-column eplus-wrapper is-layout-flow wp-block-column-is-layout-flow\" style=\"flex-basis:5%\"><\/div>\n<\/div><\/div><\/div>\n\n\n\n<div style=\"height:40px\" aria-hidden=\"true\" class=\" wp-block-spacer eplus-wrapper\"><\/div>\n\n\n\n<div style=\"height:40px\" aria-hidden=\"true\" class=\"hide-mobile wp-block-spacer eplus-wrapper\"><\/div>\n<\/div><\/div>\n\n\n\n<div style=\"height:50px\" aria-hidden=\"true\" class=\" wp-block-spacer eplus-wrapper\"><\/div>\n\n\n\n<div style=\"height:50px\" aria-hidden=\"true\" class=\"hide-mobile wp-block-spacer eplus-wrapper\"><\/div>\n\n\n\n<div class=\"inner-padding wp-block-group has-light-blue-background-color has-background eplus-wrapper\"><div class=\"wp-block-group__inner-container is-layout-constrained wp-block-group-is-layout-constrained\"><div class=\"fade-scale-in wp-block-columns are-vertically-aligned-center eplus-wrapper is-layout-flex wp-container-core-columns-is-layout-9d6595d7 wp-block-columns-is-layout-flex eplus-styles-uid-770e70\">\n<div class=\"wp-block-column is-vertically-aligned-center eplus-wrapper is-layout-flow wp-block-column-is-layout-flow\" style=\"flex-basis:50px\"><\/div>\n\n\n\n<div class=\"wp-block-column is-vertically-aligned-center eplus-wrapper is-layout-flow wp-block-column-is-layout-flow\" style=\"flex-basis:33.33%\">\n<div style=\"height:30px\" aria-hidden=\"true\" class=\" wp-block-spacer eplus-wrapper\"><\/div>\n\n\n\n<h2 class=\"wp-block-heading has-blue-color has-text-color has-link-color eplus-wrapper wp-elements-31ab69e2ffb1958904d195999a28485a\">Vi har branschens mest moderna och allsidiga maskinpark<\/h2>\n\n\n\n<div style=\"height:20px\" aria-hidden=\"true\" class=\" wp-block-spacer eplus-wrapper\"><\/div>\n\n\n\n<div class=\"wp-block-buttons eplus-wrapper is-layout-flex wp-block-buttons-is-layout-flex\"><div class=\" wp-block-button eplus-wrapper eplus-styles-uid-973a5f\"><a class=\"wp-block-button__link has-white-color has-blue-background-color has-text-color has-background has-link-color wp-element-button\" href=\"https:\/\/nordiccrane.com\/se\/maskinpark\/\">Maskinpark<\/a><\/div><\/div>\n\n\n\n<div style=\"height:30px\" aria-hidden=\"true\" class=\" wp-block-spacer eplus-wrapper\"><\/div>\n<\/div>\n\n\n\n<div class=\"wp-block-column is-vertically-aligned-center eplus-wrapper is-layout-flow wp-block-column-is-layout-flow\" style=\"flex-basis:66.66%\">\n<figure class=\"no-padding no-margin img-paralellogram wp-block-image size-large eplus-wrapper\"><img decoding=\"async\" src=\"https:\/\/nordiccrane.com\/no\/wp-content\/uploads\/sites\/2\/2023\/11\/Om-oss-Asgeir-foto-ACFolmer-edited-1024x640.jpg\" alt=\"\" class=\"wp-image-19609\"><\/figure>\n<\/div>\n<\/div><\/div><\/div>\n\n\n\n<div style=\"height:100px\" aria-hidden=\"true\" class=\" wp-block-spacer eplus-wrapper\"><\/div>\n\n\n\n<div style=\"height:120px\" aria-hidden=\"true\" class=\"hide-mobile wp-block-spacer eplus-wrapper\"><\/div>\n","protected":false},"excerpt":{"rendered":"<p>KONTAKT Kontakta oss! F\u00f6r bokning och andra fr\u00e5gor: Tel: +46 (0)31 500 400 E-post: kran.se@nordiccrane.com Direkt till s\u00e4ljavdelning: Tel: +46 (0)10\u00a0175 55 05 E-post: sales.se@nordiccrane.com Vad beh\u00f6ver du hj\u00e4lp med? Avdelningar och fakturaadress Jobba hos oss Hitta r\u00e4tt kontaktperson Anv\u00e4nd v\u00e5r krankalkylator Vi har branschens mest moderna och allsidiga maskinpark<\/p>\n","protected":false},"author":1,"featured_media":0,"parent":0,"menu_order":0,"comment_status":"closed","ping_status":"closed","template":"","meta":{"_acf_changed":false,"inline_featured_image":false,"_editorskit_title_hidden":false,"_editorskit_reading_time":0,"_editorskit_is_block_options_detached":false,"_editorskit_block_options_position":"{}","editor_plus_copied_stylings":"{}","footnotes":""},"class_list":["post-14","page","type-page","status-publish","hentry"],"acf":[],"featured_image_src":null,"yoast_head":"<!-- This site is optimized with the Yoast SEO plugin v27.4 - https:\/\/yoast.com\/product\/yoast-seo-wordpress\/ -->\n<title>Kontakt - Nordic Crane Sverige<\/title>\n<meta name=\"robots\" content=\"index, follow, max-snippet:-1, max-image-preview:large, max-video-preview:-1\" \/>\n<link rel=\"canonical\" href=\"https:\/\/nordiccrane.com\/se\/kontakt\/\" \/>\n<meta property=\"og:locale\" content=\"sv_SE\" \/>\n<meta property=\"og:type\" content=\"article\" \/>\n<meta property=\"og:title\" content=\"Kontakt - Nordic Crane Sverige\" \/>\n<meta property=\"og:description\" content=\"KONTAKT Kontakta oss! F\u00f6r bokning och andra fr\u00e5gor: Tel: +46 (0)31 500 400 E-post: kran.se@nordiccrane.com Direkt till s\u00e4ljavdelning: Tel: +46 (0)10\u00a0175 55 05 E-post: sales.se@nordiccrane.com Vad beh\u00f6ver du hj\u00e4lp med? Avdelningar och fakturaadress Jobba hos oss Hitta r\u00e4tt kontaktperson Anv\u00e4nd v\u00e5r krankalkylator Vi har branschens mest moderna och allsidiga maskinpark\" \/>\n<meta property=\"og:url\" content=\"https:\/\/nordiccrane.com\/se\/kontakt\/\" \/>\n<meta property=\"og:site_name\" content=\"Nordic Crane Sverige\" \/>\n<meta property=\"article:modified_time\" content=\"2026-04-08T09:50:51+00:00\" \/>\n<meta name=\"twitter:card\" content=\"summary_large_image\" \/>\n<meta name=\"twitter:label1\" content=\"Ber\u00e4knad l\u00e4stid\" \/>\n\t<meta name=\"twitter:data1\" content=\"2 minuter\" \/>\n<script type=\"application\/ld+json\" class=\"yoast-schema-graph\">{\"@context\":\"https:\\\/\\\/schema.org\",\"@graph\":[{\"@type\":\"WebPage\",\"@id\":\"https:\\\/\\\/nordiccrane.com\\\/se\\\/kontakt\\\/\",\"url\":\"https:\\\/\\\/nordiccrane.com\\\/se\\\/kontakt\\\/\",\"name\":\"Kontakt - Nordic Crane Sverige\",\"isPartOf\":{\"@id\":\"https:\\\/\\\/nordiccrane.com\\\/se\\\/#website\"},\"primaryImageOfPage\":{\"@id\":\"https:\\\/\\\/nordiccrane.com\\\/se\\\/kontakt\\\/#primaryimage\"},\"image\":{\"@id\":\"https:\\\/\\\/nordiccrane.com\\\/se\\\/kontakt\\\/#primaryimage\"},\"thumbnailUrl\":\"https:\\\/\\\/nordiccrane.com\\\/no\\\/wp-content\\\/uploads\\\/sites\\\/2\\\/2023\\\/11\\\/arrow-left-black.svg\",\"datePublished\":\"2023-11-22T09:16:59+00:00\",\"dateModified\":\"2026-04-08T09:50:51+00:00\",\"breadcrumb\":{\"@id\":\"https:\\\/\\\/nordiccrane.com\\\/se\\\/kontakt\\\/#breadcrumb\"},\"inLanguage\":\"sv-SE\",\"potentialAction\":[{\"@type\":\"ReadAction\",\"target\":[\"https:\\\/\\\/nordiccrane.com\\\/se\\\/kontakt\\\/\"]}]},{\"@type\":\"ImageObject\",\"inLanguage\":\"sv-SE\",\"@id\":\"https:\\\/\\\/nordiccrane.com\\\/se\\\/kontakt\\\/#primaryimage\",\"url\":\"https:\\\/\\\/nordiccrane.com\\\/no\\\/wp-content\\\/uploads\\\/sites\\\/2\\\/2023\\\/11\\\/arrow-left-black.svg\",\"contentUrl\":\"https:\\\/\\\/nordiccrane.com\\\/no\\\/wp-content\\\/uploads\\\/sites\\\/2\\\/2023\\\/11\\\/arrow-left-black.svg\"},{\"@type\":\"BreadcrumbList\",\"@id\":\"https:\\\/\\\/nordiccrane.com\\\/se\\\/kontakt\\\/#breadcrumb\",\"itemListElement\":[{\"@type\":\"ListItem\",\"position\":1,\"name\":\"Home\",\"item\":\"https:\\\/\\\/nordiccrane.com\\\/se\\\/\"},{\"@type\":\"ListItem\",\"position\":2,\"name\":\"Kontakt\"}]},{\"@type\":\"WebSite\",\"@id\":\"https:\\\/\\\/nordiccrane.com\\\/se\\\/#website\",\"url\":\"https:\\\/\\\/nordiccrane.com\\\/se\\\/\",\"name\":\"Nordic Crane Sverige\",\"description\":\"\",\"potentialAction\":[{\"@type\":\"SearchAction\",\"target\":{\"@type\":\"EntryPoint\",\"urlTemplate\":\"https:\\\/\\\/nordiccrane.com\\\/se\\\/?s={search_term_string}\"},\"query-input\":{\"@type\":\"PropertyValueSpecification\",\"valueRequired\":true,\"valueName\":\"search_term_string\"}}],\"inLanguage\":\"sv-SE\"}]}<\/script>\n<!-- \/ Yoast SEO plugin. -->","yoast_head_json":{"title":"Kontakt - Nordic Crane Sverige","robots":{"index":"index","follow":"follow","max-snippet":"max-snippet:-1","max-image-preview":"max-image-preview:large","max-video-preview":"max-video-preview:-1"},"canonical":"https:\/\/nordiccrane.com\/se\/kontakt\/","og_locale":"sv_SE","og_type":"article","og_title":"Kontakt - Nordic Crane Sverige","og_description":"KONTAKT Kontakta oss! F\u00f6r bokning och andra fr\u00e5gor: Tel: +46 (0)31 500 400 E-post: kran.se@nordiccrane.com Direkt till s\u00e4ljavdelning: Tel: +46 (0)10\u00a0175 55 05 E-post: sales.se@nordiccrane.com Vad beh\u00f6ver du hj\u00e4lp med? Avdelningar och fakturaadress Jobba hos oss Hitta r\u00e4tt kontaktperson Anv\u00e4nd v\u00e5r krankalkylator Vi har branschens mest moderna och allsidiga maskinpark","og_url":"https:\/\/nordiccrane.com\/se\/kontakt\/","og_site_name":"Nordic Crane Sverige","article_modified_time":"2026-04-08T09:50:51+00:00","twitter_card":"summary_large_image","twitter_misc":{"Ber\u00e4knad l\u00e4stid":"2 minuter"},"schema":{"@context":"https:\/\/schema.org","@graph":[{"@type":"WebPage","@id":"https:\/\/nordiccrane.com\/se\/kontakt\/","url":"https:\/\/nordiccrane.com\/se\/kontakt\/","name":"Kontakt - Nordic Crane Sverige","isPartOf":{"@id":"https:\/\/nordiccrane.com\/se\/#website"},"primaryImageOfPage":{"@id":"https:\/\/nordiccrane.com\/se\/kontakt\/#primaryimage"},"image":{"@id":"https:\/\/nordiccrane.com\/se\/kontakt\/#primaryimage"},"thumbnailUrl":"https:\/\/nordiccrane.com\/no\/wp-content\/uploads\/sites\/2\/2023\/11\/arrow-left-black.svg","datePublished":"2023-11-22T09:16:59+00:00","dateModified":"2026-04-08T09:50:51+00:00","breadcrumb":{"@id":"https:\/\/nordiccrane.com\/se\/kontakt\/#breadcrumb"},"inLanguage":"sv-SE","potentialAction":[{"@type":"ReadAction","target":["https:\/\/nordiccrane.com\/se\/kontakt\/"]}]},{"@type":"ImageObject","inLanguage":"sv-SE","@id":"https:\/\/nordiccrane.com\/se\/kontakt\/#primaryimage","url":"https:\/\/nordiccrane.com\/no\/wp-content\/uploads\/sites\/2\/2023\/11\/arrow-left-black.svg","contentUrl":"https:\/\/nordiccrane.com\/no\/wp-content\/uploads\/sites\/2\/2023\/11\/arrow-left-black.svg"},{"@type":"BreadcrumbList","@id":"https:\/\/nordiccrane.com\/se\/kontakt\/#breadcrumb","itemListElement":[{"@type":"ListItem","position":1,"name":"Home","item":"https:\/\/nordiccrane.com\/se\/"},{"@type":"ListItem","position":2,"name":"Kontakt"}]},{"@type":"WebSite","@id":"https:\/\/nordiccrane.com\/se\/#website","url":"https:\/\/nordiccrane.com\/se\/","name":"Nordic Crane Sverige","description":"","potentialAction":[{"@type":"SearchAction","target":{"@type":"EntryPoint","urlTemplate":"https:\/\/nordiccrane.com\/se\/?s={search_term_string}"},"query-input":{"@type":"PropertyValueSpecification","valueRequired":true,"valueName":"search_term_string"}}],"inLanguage":"sv-SE"}]}},"_links":{"self":[{"href":"https:\/\/nordiccrane.com\/se\/wp-json\/wp\/v2\/pages\/14","targetHints":{"allow":["GET"]}}],"collection":[{"href":"https:\/\/nordiccrane.com\/se\/wp-json\/wp\/v2\/pages"}],"about":[{"href":"https:\/\/nordiccrane.com\/se\/wp-json\/wp\/v2\/types\/page"}],"author":[{"embeddable":true,"href":"https:\/\/nordiccrane.com\/se\/wp-json\/wp\/v2\/users\/1"}],"replies":[{"embeddable":true,"href":"https:\/\/nordiccrane.com\/se\/wp-json\/wp\/v2\/comments?post=14"}],"version-history":[{"count":33,"href":"https:\/\/nordiccrane.com\/se\/wp-json\/wp\/v2\/pages\/14\/revisions"}],"predecessor-version":[{"id":23480,"href":"https:\/\/nordiccrane.com\/se\/wp-json\/wp\/v2\/pages\/14\/revisions\/23480"}],"wp:attachment":[{"href":"https:\/\/nordiccrane.com\/se\/wp-json\/wp\/v2\/media?parent=14"}],"curies":[{"name":"wp","href":"https:\/\/api.w.org\/{rel}","templated":true}]}}