{"id":20044,"date":"2023-12-06T12:43:03","date_gmt":"2023-12-06T11:43:03","guid":{"rendered":"https:\/\/nordiccrane.com\/no\/?page_id=20044"},"modified":"2024-02-28T11:54:53","modified_gmt":"2024-02-28T10:54:53","slug":"jobba-hos-oss","status":"publish","type":"page","link":"https:\/\/nordiccrane.com\/se\/om-oss\/jobba-hos-oss\/","title":{"rendered":"Jobba hos oss"},"content":{"rendered":"\n<div class=\"wp-block-group alignfull has-light-blue-background-color has-background eplus-wrapper\"><div class=\"wp-block-group__inner-container is-layout-constrained wp-block-group-is-layout-constrained\">\n<div style=\"height:20px\" aria-hidden=\"true\" class=\" wp-block-spacer eplus-wrapper\"><\/div>\n\n\n\n<div style=\"height:20px\" aria-hidden=\"true\" class=\"hide-mobile wp-block-spacer eplus-wrapper\"><\/div>\n\n\n\n<div class=\"wp-block-group eplus-wrapper\"><div class=\"wp-block-group__inner-container is-layout-constrained wp-block-group-is-layout-constrained\"><div class=\"wp-block-columns eplus-wrapper is-layout-flex wp-container-core-columns-is-layout-9d6595d7 wp-block-columns-is-layout-flex eplus-styles-uid-dbfab7\">\n<div class=\"wp-block-column is-vertically-aligned-center eplus-wrapper is-layout-flow wp-block-column-is-layout-flow\" style=\"flex-basis:45%\">\n<p class=\"small-title eplus-wrapper\">JOBBA HOS OSS<\/p>\n\n\n\n<h2 class=\" wp-block-heading eplus-wrapper\"><strong>Uppt\u00e4ck sp\u00e4nnande m\u00f6jligheter inom Nordic Crane<\/strong><\/h2>\n\n\n\n<p class=\" eplus-wrapper\">Det finns flera s\u00e4tt att s\u00f6ka jobb hos Nordic Crane. Du kan s\u00f6ka lediga anst\u00e4llningar n\u00e4r vi l\u00e4gger ut dem p\u00e5 sociala medier\/hemsida eller genom en \u00f6ppen ans\u00f6kan.<\/p>\n\n\n\n<p class=\" eplus-wrapper\">Vi \u00e4r alltid i behov av kompetenta och kunniga medarbetare hos oss och en \u00f6ppen ans\u00f6kan inneb\u00e4r att du visar intresse f\u00f6r att arbeta hos oss, \u00e4ven om det inte finns n\u00e5gra utannonserade tj\u00e4nster f\u00f6r tillf\u00e4llet.<\/p>\n\n\n\n<div style=\"height:40px\" aria-hidden=\"true\" class=\" wp-block-spacer eplus-wrapper\"><\/div>\n\n\n<div class=\"inner-padding wp-block-columns has-white-background-color has-background eplus-wrapper is-layout-flex wp-container-core-columns-is-layout-9d6595d7 wp-block-columns-is-layout-flex eplus-styles-uid-46156b\">\n<div class=\"inner-padding wp-block-column eplus-wrapper is-layout-flow wp-block-column-is-layout-flow\" style=\"flex-basis:98%\">\n<p class=\" eplus-wrapper\">Skicka in en \u00f6ppen ans\u00f6kan med CV och personligt brev till\u00a0<a href=\"mailto:jobb.se@nordiccrane.com\" class=\"ek-link\">jobb.se@nordiccrane.com<\/a>\u00a0och m\u00e4rk mejlet med &#8221;\u00d6ppen ans\u00f6kan&#8221;.<\/p>\n<\/div>\n<\/div><\/div>\n\n\n\n<div class=\"wp-block-column eplus-wrapper is-layout-flow wp-block-column-is-layout-flow\" style=\"flex-basis:5%\"><\/div>\n\n\n\n<div class=\"wp-block-column is-vertically-aligned-center eplus-wrapper is-layout-flow wp-block-column-is-layout-flow\" style=\"flex-basis:50%\"><figure class=\"skew-img-page-top wp-block-image size-large eplus-wrapper eplus-styles-uid-cbf413\"><img decoding=\"async\" src=\"https:\/\/nordiccrane.com\/no\/wp-content\/uploads\/sites\/2\/2023\/12\/IMG_5137-1024x768.jpg\" alt=\"\" class=\"wp-image-20152\"><\/figure><\/div>\n<\/div><\/div><\/div>\n\n\n\n<div style=\"height:40px\" aria-hidden=\"true\" class=\" wp-block-spacer eplus-wrapper\"><\/div>\n<\/div><\/div>\n\n\n\n<div style=\"height:52px\" aria-hidden=\"true\" class=\" wp-block-spacer eplus-wrapper\"><\/div>\n\n\n\n<div class=\"wp-block-group eplus-wrapper\"><div class=\"wp-block-group__inner-container is-layout-constrained wp-block-group-is-layout-constrained\"><div class=\"no-margin-left wp-block-columns eplus-wrapper is-layout-flex wp-container-core-columns-is-layout-9d6595d7 wp-block-columns-is-layout-flex eplus-styles-uid-1e11f6\">\n<div class=\"wp-block-column eplus-wrapper is-layout-flow wp-block-column-is-layout-flow\">\n<div class=\"wp-block-query eplus-wrapper is-layout-flow wp-block-query-is-layout-flow\"><ul class=\"columns-3 wp-block-post-template is-layout-grid wp-container-core-post-template-is-layout-2fc57c17 wp-block-post-template-is-layout-grid\"><li class=\"wp-block-post post-23039 post type-post status-publish format-standard has-post-thumbnail hentry category-vi-anstaller\">\n\n<div class=\"wp-block-group eplus-wrapper\" style=\"padding-top:30px;padding-right:30px;padding-bottom:30px;padding-left:30px\"><div class=\"wp-block-group__inner-container is-layout-flow wp-block-group-is-layout-flow\"><div class=\"wp-block-post-date\"><time datetime=\"2025-06-25T11:45:09+02:00\">25 juni 2025<\/time><\/div>\n\n<h4 class=\"wp-block-post-title\"><a href=\"https:\/\/nordiccrane.com\/se\/transportledare-i-boden\/vi-anstaller\/\" target=\"_self\">Nordic Crane s\u00f6ker transportledare i Boden<\/a><\/h4>\n\n\n<div style=\"height:10px\" aria-hidden=\"true\" class=\" wp-block-spacer eplus-wrapper\"><\/div>\n\n\n\n<div style=\"height:10px\" aria-hidden=\"true\" class=\" wp-block-spacer eplus-wrapper\"><\/div>\n\n\n<figure style=\"aspect-ratio:3\/2;\" class=\"wp-block-post-featured-image\"><a href=\"https:\/\/nordiccrane.com\/se\/transportledare-i-boden\/vi-anstaller\/\" target=\"_self\"><img loading=\"lazy\" decoding=\"async\" width=\"2560\" height=\"1440\" src=\"https:\/\/nordiccrane.com\/se\/wp-content\/uploads\/sites\/3\/2023\/05\/rafnes-scaled-1.jpg\" class=\"attachment-post-thumbnail size-post-thumbnail wp-post-image\" alt=\"Nordic Crane s\u00f6ker transportledare i Boden\" style=\"width:100%;height:100%;object-fit:cover;\" srcset=\"https:\/\/nordiccrane.com\/se\/wp-content\/uploads\/sites\/3\/2023\/05\/rafnes-scaled-1.jpg 2560w, https:\/\/nordiccrane.com\/se\/wp-content\/uploads\/sites\/3\/2023\/05\/rafnes-scaled-1-300x169.jpg 300w, https:\/\/nordiccrane.com\/se\/wp-content\/uploads\/sites\/3\/2023\/05\/rafnes-scaled-1-1024x576.jpg 1024w, https:\/\/nordiccrane.com\/se\/wp-content\/uploads\/sites\/3\/2023\/05\/rafnes-scaled-1-768x432.jpg 768w, https:\/\/nordiccrane.com\/se\/wp-content\/uploads\/sites\/3\/2023\/05\/rafnes-scaled-1-1536x864.jpg 1536w, https:\/\/nordiccrane.com\/se\/wp-content\/uploads\/sites\/3\/2023\/05\/rafnes-scaled-1-2048x1152.jpg 2048w\" sizes=\"auto, (max-width: 2560px) 100vw, 2560px\"><\/a><\/figure><\/div><\/div>\n\n<\/li><li class=\"wp-block-post post-22967 post type-post status-publish format-standard has-post-thumbnail hentry category-vi-anstaller\">\n\n<div class=\"wp-block-group eplus-wrapper\" style=\"padding-top:30px;padding-right:30px;padding-bottom:30px;padding-left:30px\"><div class=\"wp-block-group__inner-container is-layout-flow wp-block-group-is-layout-flow\"><div class=\"wp-block-post-date\"><time datetime=\"2025-06-19T20:13:34+02:00\">19 juni 2025<\/time><\/div>\n\n<h4 class=\"wp-block-post-title\"><a href=\"https:\/\/nordiccrane.com\/se\/nordic-crane-soker-medarbetare-till-boden\/vi-anstaller\/\" target=\"_self\">Nordic Crane s\u00f6ker medarbetare till Boden\u202f\u00a0<\/a><\/h4>\n\n\n<div style=\"height:10px\" aria-hidden=\"true\" class=\" wp-block-spacer eplus-wrapper\"><\/div>\n\n\n\n<div style=\"height:10px\" aria-hidden=\"true\" class=\" wp-block-spacer eplus-wrapper\"><\/div>\n\n\n<figure style=\"aspect-ratio:3\/2;\" class=\"wp-block-post-featured-image\"><a href=\"https:\/\/nordiccrane.com\/se\/nordic-crane-soker-medarbetare-till-boden\/vi-anstaller\/\" target=\"_self\"><img loading=\"lazy\" decoding=\"async\" width=\"2560\" height=\"1593\" src=\"https:\/\/nordiccrane.com\/se\/wp-content\/uploads\/sites\/3\/2023\/12\/20231024_Nordic-crane-Grenlandsbrua-12-scaled-1.jpg\" class=\"attachment-post-thumbnail size-post-thumbnail wp-post-image\" alt=\"Nordic Crane s\u00f6ker medarbetare till Boden\u202f\u00a0\" style=\"width:100%;height:100%;object-fit:cover;\" srcset=\"https:\/\/nordiccrane.com\/se\/wp-content\/uploads\/sites\/3\/2023\/12\/20231024_Nordic-crane-Grenlandsbrua-12-scaled-1.jpg 2560w, https:\/\/nordiccrane.com\/se\/wp-content\/uploads\/sites\/3\/2023\/12\/20231024_Nordic-crane-Grenlandsbrua-12-scaled-1-300x187.jpg 300w, https:\/\/nordiccrane.com\/se\/wp-content\/uploads\/sites\/3\/2023\/12\/20231024_Nordic-crane-Grenlandsbrua-12-scaled-1-1024x637.jpg 1024w, https:\/\/nordiccrane.com\/se\/wp-content\/uploads\/sites\/3\/2023\/12\/20231024_Nordic-crane-Grenlandsbrua-12-scaled-1-768x478.jpg 768w, https:\/\/nordiccrane.com\/se\/wp-content\/uploads\/sites\/3\/2023\/12\/20231024_Nordic-crane-Grenlandsbrua-12-scaled-1-1536x956.jpg 1536w, https:\/\/nordiccrane.com\/se\/wp-content\/uploads\/sites\/3\/2023\/12\/20231024_Nordic-crane-Grenlandsbrua-12-scaled-1-2048x1274.jpg 2048w\" sizes=\"auto, (max-width: 2560px) 100vw, 2560px\"><\/a><\/figure><\/div><\/div>\n\n<\/li><\/ul><\/div>\n<\/div>\n<\/div><\/div><\/div>\n\n\n\n<div style=\"height:214px\" aria-hidden=\"true\" class=\" wp-block-spacer eplus-wrapper\"><\/div>\n","protected":false},"excerpt":{"rendered":"<p>JOBBA HOS OSS Uppt\u00e4ck sp\u00e4nnande m\u00f6jligheter inom Nordic Crane Det finns flera s\u00e4tt att s\u00f6ka jobb hos Nordic Crane. Du kan s\u00f6ka lediga anst\u00e4llningar n\u00e4r vi l\u00e4gger ut dem p\u00e5 sociala medier\/hemsida eller genom en \u00f6ppen ans\u00f6kan. Vi \u00e4r alltid i behov av kompetenta och kunniga medarbetare hos oss och en \u00f6ppen ans\u00f6kan inneb\u00e4r att [&hellip;]<\/p>\n","protected":false},"author":1,"featured_media":0,"parent":20046,"menu_order":0,"comment_status":"closed","ping_status":"closed","template":"","meta":{"_acf_changed":false,"inline_featured_image":false,"_editorskit_title_hidden":false,"_editorskit_reading_time":0,"_editorskit_is_block_options_detached":false,"_editorskit_block_options_position":"{}","editor_plus_copied_stylings":"{}","footnotes":""},"class_list":["post-20044","page","type-page","status-publish","hentry"],"acf":[],"featured_image_src":null,"yoast_head":"<!-- This site is optimized with the Yoast SEO plugin v26.9 - https:\/\/yoast.com\/product\/yoast-seo-wordpress\/ -->\n<title>Jobba hos oss - Nordic Crane Sverige<\/title>\n<meta name=\"robots\" content=\"index, follow, max-snippet:-1, max-image-preview:large, max-video-preview:-1\" \/>\n<link rel=\"canonical\" href=\"https:\/\/nordiccrane.com\/se\/om-oss\/jobba-hos-oss\/\" \/>\n<meta property=\"og:locale\" content=\"sv_SE\" \/>\n<meta property=\"og:type\" content=\"article\" \/>\n<meta property=\"og:title\" content=\"Jobba hos oss - Nordic Crane Sverige\" \/>\n<meta property=\"og:description\" content=\"JOBBA HOS OSS Uppt\u00e4ck sp\u00e4nnande m\u00f6jligheter inom Nordic Crane Det finns flera s\u00e4tt att s\u00f6ka jobb hos Nordic Crane. Du kan s\u00f6ka lediga anst\u00e4llningar n\u00e4r vi l\u00e4gger ut dem p\u00e5 sociala medier\/hemsida eller genom en \u00f6ppen ans\u00f6kan. Vi \u00e4r alltid i behov av kompetenta och kunniga medarbetare hos oss och en \u00f6ppen ans\u00f6kan inneb\u00e4r att [&hellip;]\" \/>\n<meta property=\"og:url\" content=\"https:\/\/nordiccrane.com\/se\/om-oss\/jobba-hos-oss\/\" \/>\n<meta property=\"og:site_name\" content=\"Nordic Crane Sverige\" \/>\n<meta property=\"article:modified_time\" content=\"2024-02-28T10:54:53+00:00\" \/>\n<meta property=\"og:image\" content=\"https:\/\/nordiccrane.com\/no\/wp-content\/uploads\/sites\/2\/2023\/12\/IMG_5137-1024x768.jpg\" \/>\n<meta name=\"twitter:card\" content=\"summary_large_image\" \/>\n<meta name=\"twitter:label1\" content=\"Ber\u00e4knad l\u00e4stid\" \/>\n\t<meta name=\"twitter:data1\" content=\"1 minut\" \/>\n<script type=\"application\/ld+json\" class=\"yoast-schema-graph\">{\"@context\":\"https:\/\/schema.org\",\"@graph\":[{\"@type\":\"WebPage\",\"@id\":\"https:\/\/nordiccrane.com\/se\/om-oss\/jobba-hos-oss\/\",\"url\":\"https:\/\/nordiccrane.com\/se\/om-oss\/jobba-hos-oss\/\",\"name\":\"Jobba hos oss - Nordic Crane Sverige\",\"isPartOf\":{\"@id\":\"https:\/\/nordiccrane.com\/se\/#website\"},\"primaryImageOfPage\":{\"@id\":\"https:\/\/nordiccrane.com\/se\/om-oss\/jobba-hos-oss\/#primaryimage\"},\"image\":{\"@id\":\"https:\/\/nordiccrane.com\/se\/om-oss\/jobba-hos-oss\/#primaryimage\"},\"thumbnailUrl\":\"https:\/\/nordiccrane.com\/no\/wp-content\/uploads\/sites\/2\/2023\/12\/IMG_5137-1024x768.jpg\",\"datePublished\":\"2023-12-06T11:43:03+00:00\",\"dateModified\":\"2024-02-28T10:54:53+00:00\",\"breadcrumb\":{\"@id\":\"https:\/\/nordiccrane.com\/se\/om-oss\/jobba-hos-oss\/#breadcrumb\"},\"inLanguage\":\"sv-SE\",\"potentialAction\":[{\"@type\":\"ReadAction\",\"target\":[\"https:\/\/nordiccrane.com\/se\/om-oss\/jobba-hos-oss\/\"]}]},{\"@type\":\"ImageObject\",\"inLanguage\":\"sv-SE\",\"@id\":\"https:\/\/nordiccrane.com\/se\/om-oss\/jobba-hos-oss\/#primaryimage\",\"url\":\"https:\/\/nordiccrane.com\/no\/wp-content\/uploads\/sites\/2\/2023\/12\/IMG_5137-1024x768.jpg\",\"contentUrl\":\"https:\/\/nordiccrane.com\/no\/wp-content\/uploads\/sites\/2\/2023\/12\/IMG_5137-1024x768.jpg\"},{\"@type\":\"BreadcrumbList\",\"@id\":\"https:\/\/nordiccrane.com\/se\/om-oss\/jobba-hos-oss\/#breadcrumb\",\"itemListElement\":[{\"@type\":\"ListItem\",\"position\":1,\"name\":\"Home\",\"item\":\"https:\/\/nordiccrane.com\/se\/\"},{\"@type\":\"ListItem\",\"position\":2,\"name\":\"Om oss\",\"item\":\"https:\/\/nordiccrane.com\/se\/om-oss\/\"},{\"@type\":\"ListItem\",\"position\":3,\"name\":\"Jobba hos oss\"}]},{\"@type\":\"WebSite\",\"@id\":\"https:\/\/nordiccrane.com\/se\/#website\",\"url\":\"https:\/\/nordiccrane.com\/se\/\",\"name\":\"Nordic Crane Sverige\",\"description\":\"\",\"potentialAction\":[{\"@type\":\"SearchAction\",\"target\":{\"@type\":\"EntryPoint\",\"urlTemplate\":\"https:\/\/nordiccrane.com\/se\/?s={search_term_string}\"},\"query-input\":{\"@type\":\"PropertyValueSpecification\",\"valueRequired\":true,\"valueName\":\"search_term_string\"}}],\"inLanguage\":\"sv-SE\"}]}<\/script>\n<!-- \/ Yoast SEO plugin. -->","yoast_head_json":{"title":"Jobba hos oss - Nordic Crane Sverige","robots":{"index":"index","follow":"follow","max-snippet":"max-snippet:-1","max-image-preview":"max-image-preview:large","max-video-preview":"max-video-preview:-1"},"canonical":"https:\/\/nordiccrane.com\/se\/om-oss\/jobba-hos-oss\/","og_locale":"sv_SE","og_type":"article","og_title":"Jobba hos oss - Nordic Crane Sverige","og_description":"JOBBA HOS OSS Uppt\u00e4ck sp\u00e4nnande m\u00f6jligheter inom Nordic Crane Det finns flera s\u00e4tt att s\u00f6ka jobb hos Nordic Crane. Du kan s\u00f6ka lediga anst\u00e4llningar n\u00e4r vi l\u00e4gger ut dem p\u00e5 sociala medier\/hemsida eller genom en \u00f6ppen ans\u00f6kan. Vi \u00e4r alltid i behov av kompetenta och kunniga medarbetare hos oss och en \u00f6ppen ans\u00f6kan inneb\u00e4r att [&hellip;]","og_url":"https:\/\/nordiccrane.com\/se\/om-oss\/jobba-hos-oss\/","og_site_name":"Nordic Crane Sverige","article_modified_time":"2024-02-28T10:54:53+00:00","og_image":[{"url":"https:\/\/nordiccrane.com\/no\/wp-content\/uploads\/sites\/2\/2023\/12\/IMG_5137-1024x768.jpg","type":"","width":"","height":""}],"twitter_card":"summary_large_image","twitter_misc":{"Ber\u00e4knad l\u00e4stid":"1 minut"},"schema":{"@context":"https:\/\/schema.org","@graph":[{"@type":"WebPage","@id":"https:\/\/nordiccrane.com\/se\/om-oss\/jobba-hos-oss\/","url":"https:\/\/nordiccrane.com\/se\/om-oss\/jobba-hos-oss\/","name":"Jobba hos oss - Nordic Crane Sverige","isPartOf":{"@id":"https:\/\/nordiccrane.com\/se\/#website"},"primaryImageOfPage":{"@id":"https:\/\/nordiccrane.com\/se\/om-oss\/jobba-hos-oss\/#primaryimage"},"image":{"@id":"https:\/\/nordiccrane.com\/se\/om-oss\/jobba-hos-oss\/#primaryimage"},"thumbnailUrl":"https:\/\/nordiccrane.com\/no\/wp-content\/uploads\/sites\/2\/2023\/12\/IMG_5137-1024x768.jpg","datePublished":"2023-12-06T11:43:03+00:00","dateModified":"2024-02-28T10:54:53+00:00","breadcrumb":{"@id":"https:\/\/nordiccrane.com\/se\/om-oss\/jobba-hos-oss\/#breadcrumb"},"inLanguage":"sv-SE","potentialAction":[{"@type":"ReadAction","target":["https:\/\/nordiccrane.com\/se\/om-oss\/jobba-hos-oss\/"]}]},{"@type":"ImageObject","inLanguage":"sv-SE","@id":"https:\/\/nordiccrane.com\/se\/om-oss\/jobba-hos-oss\/#primaryimage","url":"https:\/\/nordiccrane.com\/no\/wp-content\/uploads\/sites\/2\/2023\/12\/IMG_5137-1024x768.jpg","contentUrl":"https:\/\/nordiccrane.com\/no\/wp-content\/uploads\/sites\/2\/2023\/12\/IMG_5137-1024x768.jpg"},{"@type":"BreadcrumbList","@id":"https:\/\/nordiccrane.com\/se\/om-oss\/jobba-hos-oss\/#breadcrumb","itemListElement":[{"@type":"ListItem","position":1,"name":"Home","item":"https:\/\/nordiccrane.com\/se\/"},{"@type":"ListItem","position":2,"name":"Om oss","item":"https:\/\/nordiccrane.com\/se\/om-oss\/"},{"@type":"ListItem","position":3,"name":"Jobba hos oss"}]},{"@type":"WebSite","@id":"https:\/\/nordiccrane.com\/se\/#website","url":"https:\/\/nordiccrane.com\/se\/","name":"Nordic Crane Sverige","description":"","potentialAction":[{"@type":"SearchAction","target":{"@type":"EntryPoint","urlTemplate":"https:\/\/nordiccrane.com\/se\/?s={search_term_string}"},"query-input":{"@type":"PropertyValueSpecification","valueRequired":true,"valueName":"search_term_string"}}],"inLanguage":"sv-SE"}]}},"_links":{"self":[{"href":"https:\/\/nordiccrane.com\/se\/wp-json\/wp\/v2\/pages\/20044","targetHints":{"allow":["GET"]}}],"collection":[{"href":"https:\/\/nordiccrane.com\/se\/wp-json\/wp\/v2\/pages"}],"about":[{"href":"https:\/\/nordiccrane.com\/se\/wp-json\/wp\/v2\/types\/page"}],"author":[{"embeddable":true,"href":"https:\/\/nordiccrane.com\/se\/wp-json\/wp\/v2\/users\/1"}],"replies":[{"embeddable":true,"href":"https:\/\/nordiccrane.com\/se\/wp-json\/wp\/v2\/comments?post=20044"}],"version-history":[{"count":8,"href":"https:\/\/nordiccrane.com\/se\/wp-json\/wp\/v2\/pages\/20044\/revisions"}],"predecessor-version":[{"id":22659,"href":"https:\/\/nordiccrane.com\/se\/wp-json\/wp\/v2\/pages\/20044\/revisions\/22659"}],"up":[{"embeddable":true,"href":"https:\/\/nordiccrane.com\/se\/wp-json\/wp\/v2\/pages\/20046"}],"wp:attachment":[{"href":"https:\/\/nordiccrane.com\/se\/wp-json\/wp\/v2\/media?parent=20044"}],"curies":[{"name":"wp","href":"https:\/\/api.w.org\/{rel}","templated":true}]}}