{"id":20905,"date":"2023-12-11T13:26:30","date_gmt":"2023-12-11T12:26:30","guid":{"rendered":"https:\/\/nordiccrane.com\/no\/?page_id=20905"},"modified":"2024-12-19T14:45:17","modified_gmt":"2024-12-19T13:45:17","slug":"oppenhetsakten","status":"publish","type":"page","link":"https:\/\/nordiccrane.com\/se\/oppenhetsakten\/","title":{"rendered":"Due diligence"},"content":{"rendered":"\n<div class=\"wp-block-group alignfull has-light-blue-background-color has-background eplus-wrapper\"><div class=\"wp-block-group__inner-container is-layout-constrained wp-block-group-is-layout-constrained\">\n<div class=\"wp-block-group eplus-wrapper\"><div class=\"wp-block-group__inner-container is-layout-constrained wp-block-group-is-layout-constrained\">\n<div style=\"height:50px\" aria-hidden=\"true\" class=\" wp-block-spacer eplus-wrapper\"><\/div>\n\n\n\n<div style=\"height:50px\" aria-hidden=\"true\" class=\"hide-mobile wp-block-spacer eplus-wrapper\"><\/div>\n\n\n<div class=\"wp-block-columns eplus-wrapper is-layout-flex wp-container-core-columns-is-layout-9d6595d7 wp-block-columns-is-layout-flex eplus-styles-uid-d80d8f\">\n<div class=\"wp-block-column eplus-wrapper is-layout-flow wp-block-column-is-layout-flow\" style=\"flex-basis:10%\"><\/div>\n\n\n\n<div class=\"wp-block-column eplus-wrapper is-layout-flow wp-block-column-is-layout-flow\">\n<h1 class=\" wp-block-heading has-text-align-left eplus-wrapper\"><strong>Due diligence \u2013 arbete med grundl\u00e4ggande m\u00e4nskliga r\u00e4ttigheter och anst\u00e4ndiga arbetsvillkor.<\/strong><\/h1>\n<\/div>\n<\/div>\n\n\n<div style=\"height:50px\" aria-hidden=\"true\" class=\" wp-block-spacer eplus-wrapper\"><\/div>\n<\/div><\/div>\n<\/div><\/div>\n\n\n\n<div style=\"height:50px\" aria-hidden=\"true\" class=\" wp-block-spacer eplus-wrapper\"><\/div>\n\n\n\n<div class=\"wp-block-group eplus-wrapper\"><div class=\"wp-block-group__inner-container is-layout-constrained wp-block-group-is-layout-constrained\"><div class=\"wp-block-columns eplus-wrapper is-layout-flex wp-container-core-columns-is-layout-9d6595d7 wp-block-columns-is-layout-flex eplus-styles-uid-6d23d5\">\n<div class=\"wp-block-column eplus-wrapper is-layout-flow wp-block-column-is-layout-flow\" style=\"flex-basis:15%\"><\/div>\n\n\n\n<div class=\"wp-block-column eplus-wrapper is-layout-flow wp-block-column-is-layout-flow\" style=\"flex-basis:80%\">\n<p class=\" eplus-wrapper\">Due diligence syftar till att fr\u00e4mja f\u00f6retagens respekt f\u00f6r m\u00e4nskliga r\u00e4ttigheter och anst\u00e4ndiga arbetsvillkor samt s\u00e4kerst\u00e4lla allm\u00e4nhetens tillg\u00e5ng till information. Nordic Crane AS omfattas av paragraf 3 (a) nr 1\u20133 i \u00f6ppenhetslagen.<\/p>\n\n\n\n<p class=\" eplus-wrapper\">Nordic Crane str\u00e4var efter att s\u00e4kerst\u00e4lla ansvarstagande i v\u00e5r verksamhet i samband med leverans av v\u00e5ra tj\u00e4nster. Detta framg\u00e5r tydligt av v\u00e5r h\u00e5llbarhetspolicy och etiska riktlinjer. V\u00e5r kartl\u00e4ggning av leverant\u00f6rskedjor och aff\u00e4rspartners bygger p\u00e5 OECD:s modell f\u00f6r due diligence. Detta inkluderar ett riskbaserat handlingss\u00e4tt f\u00f6r att bed\u00f6ma efterlevnaden av m\u00e4nskliga r\u00e4ttigheter och s\u00e4kerst\u00e4lla anst\u00e4ndiga arbetsvillkor hos v\u00e5ra leverant\u00f6rer och aff\u00e4rspartners.<\/p>\n\n\n\n<figure class=\" wp-block-image size-full is-resized eplus-wrapper\"><img decoding=\"async\" src=\"https:\/\/nordiccrane.com\/no\/wp-content\/uploads\/sites\/2\/2023\/12\/oecd.jpg\" alt=\"\" class=\"wp-image-20917\" style=\"width:558px;height:auto\"><\/figure>\n\n\n\n<p class=\" eplus-wrapper\">Nordic Cranes leverant\u00f6rskedja har flera l\u00e4nkar och underleverant\u00f6rer som i sin tur har sina leverant\u00f6rskedjor. Detta kr\u00e4ver att en prioritering g\u00f6rs i due diligence-bed\u00f6mningen. Vi prioriterar utifr\u00e5n en bed\u00f6mning av risk (typ och omfattning) f\u00f6r potentiella och faktiska negativa konsekvenser f\u00f6r m\u00e4nskliga r\u00e4ttigheter och anst\u00e4ndiga arbetsvillkor. Detta \u00e4r en p\u00e5g\u00e5ende process och i enlighet med syftet med \u00f6ppenhetslagen.<\/p>\n\n\n\n<p class=\" eplus-wrapper\">Genom v\u00e5ra prioriterade bed\u00f6mningar kommer vi alltid att str\u00e4va efter att identifiera, f\u00f6rebygga\/undvika och minska potentiella och faktiska negativa effekter. Det g\u00e4ller b\u00e5de internt i v\u00e5r verksamhet, i v\u00e5r leverant\u00f6rskedja och med aff\u00e4rspartners.<\/p>\n\n\n\n<p class=\" eplus-wrapper\">Nordic Cranes \u00e5rliga due diligence-rapporter kommer att publiceras p\u00e5 denna sida.<\/p>\n\n\n\n<p class=\" eplus-wrapper\">Due diligence ger alla r\u00e4tt att be f\u00f6retag om information om hur de hanterar negativa konsekvenser f\u00f6r grundl\u00e4ggande m\u00e4nskliga r\u00e4ttigheter och anst\u00e4ndiga arbetsvillkor. Om s\u00e5dan information efterfr\u00e5gas fr\u00e5n Nordic Crane kan f\u00f6ljande e-postadress anv\u00e4ndas: <a href=\"mailto:aapenhetsloven@nordiccrane.com\" class=\"ek-link\">aapenhetsloven@nordiccrane.com<\/a><\/p>\n\n\n\n<p class=\" eplus-wrapper\"><strong>Rapportering av klanderv\u00e4rda f\u00f6rh\u00e5llanden<\/strong><br>Se v\u00e5r policy och v\u00e5rt\u00a0<a href=\"https:\/\/kynningsrud.integrityline.com\/frontpage\">\u00a0rapporteringssystem f\u00f6r rapportering av klanderv\u00e4rda f\u00f6rh\u00e5llanden<\/a><\/p>\n\n\n\n<p class=\" eplus-wrapper\"><strong><strong>Etiska riktlinjer och h\u00e5llbarhet<\/strong><br><\/strong>Se v\u00e5r policy f\u00f6r\u00a0<a href=\"https:\/\/nordiccrane.com\/se\/etiska-riktlinjer-och-hallbarhet\/\" class=\"ek-link\">Etiska riktlinjer\u00a0och h\u00e5llbarhetspolicy<\/a>.<\/p>\n\n\n\n<p class=\" eplus-wrapper\"><strong><strong>Rapport om due diligence<\/strong><br><\/strong>Se v\u00e5r <a href=\"https:\/\/nordiccrane.com\/se\/wp-content\/uploads\/sites\/3\/2024\/12\/Redegjorelse-for-aktsomhetsvurderinge-Nordic-Crane-AS-2024-Svenska.pdf\" target=\"_blank\" aria-label=\"rapport om due diligence-bed\u00f6mningar (opens in a new tab)\" rel=\"noreferrer noopener\" class=\"ek-link\">rapport om due diligence-bed\u00f6mningar<\/a>.<\/p>\n<\/div>\n\n\n\n<div class=\"wp-block-column eplus-wrapper is-layout-flow wp-block-column-is-layout-flow\" style=\"flex-basis:15%\"><\/div>\n<\/div><\/div><\/div>\n\n\n\n<div style=\"height:200px\" aria-hidden=\"true\" class=\" wp-block-spacer eplus-wrapper\"><\/div>\n","protected":false},"excerpt":{"rendered":"<p>Due diligence \u2013 arbete med grundl\u00e4ggande m\u00e4nskliga r\u00e4ttigheter och anst\u00e4ndiga arbetsvillkor. Due diligence syftar till att fr\u00e4mja f\u00f6retagens respekt f\u00f6r m\u00e4nskliga r\u00e4ttigheter och anst\u00e4ndiga arbetsvillkor samt s\u00e4kerst\u00e4lla allm\u00e4nhetens tillg\u00e5ng till information. Nordic Crane AS omfattas av paragraf 3 (a) nr 1\u20133 i \u00f6ppenhetslagen. Nordic Crane str\u00e4var efter att s\u00e4kerst\u00e4lla ansvarstagande i v\u00e5r verksamhet i samband [&hellip;]<\/p>\n","protected":false},"author":1,"featured_media":0,"parent":0,"menu_order":0,"comment_status":"closed","ping_status":"closed","template":"","meta":{"_acf_changed":false,"inline_featured_image":false,"_editorskit_title_hidden":false,"_editorskit_reading_time":0,"_editorskit_is_block_options_detached":false,"_editorskit_block_options_position":"{}","editor_plus_copied_stylings":"{}","footnotes":""},"class_list":["post-20905","page","type-page","status-publish","hentry"],"acf":[],"featured_image_src":null,"yoast_head":"<!-- This site is optimized with the Yoast SEO plugin v27.4 - https:\/\/yoast.com\/product\/yoast-seo-wordpress\/ -->\n<title>Due diligence - Nordic Crane Sverige<\/title>\n<meta name=\"robots\" content=\"index, follow, max-snippet:-1, max-image-preview:large, max-video-preview:-1\" \/>\n<link rel=\"canonical\" href=\"https:\/\/nordiccrane.com\/se\/oppenhetsakten\/\" \/>\n<meta property=\"og:locale\" content=\"sv_SE\" \/>\n<meta property=\"og:type\" content=\"article\" \/>\n<meta property=\"og:title\" content=\"Due diligence - Nordic Crane Sverige\" \/>\n<meta property=\"og:description\" content=\"Due diligence \u2013 arbete med grundl\u00e4ggande m\u00e4nskliga r\u00e4ttigheter och anst\u00e4ndiga arbetsvillkor. Due diligence syftar till att fr\u00e4mja f\u00f6retagens respekt f\u00f6r m\u00e4nskliga r\u00e4ttigheter och anst\u00e4ndiga arbetsvillkor samt s\u00e4kerst\u00e4lla allm\u00e4nhetens tillg\u00e5ng till information. Nordic Crane AS omfattas av paragraf 3 (a) nr 1\u20133 i \u00f6ppenhetslagen. Nordic Crane str\u00e4var efter att s\u00e4kerst\u00e4lla ansvarstagande i v\u00e5r verksamhet i samband [&hellip;]\" \/>\n<meta property=\"og:url\" content=\"https:\/\/nordiccrane.com\/se\/oppenhetsakten\/\" \/>\n<meta property=\"og:site_name\" content=\"Nordic Crane Sverige\" \/>\n<meta property=\"article:modified_time\" content=\"2024-12-19T13:45:17+00:00\" \/>\n<meta property=\"og:image\" content=\"https:\/\/nordiccrane.com\/no\/wp-content\/uploads\/sites\/2\/2023\/12\/oecd.jpg\" \/>\n<meta name=\"twitter:card\" content=\"summary_large_image\" \/>\n<meta name=\"twitter:label1\" content=\"Ber\u00e4knad l\u00e4stid\" \/>\n\t<meta name=\"twitter:data1\" content=\"2 minuter\" \/>\n<script type=\"application\/ld+json\" class=\"yoast-schema-graph\">{\"@context\":\"https:\\\/\\\/schema.org\",\"@graph\":[{\"@type\":\"WebPage\",\"@id\":\"https:\\\/\\\/nordiccrane.com\\\/se\\\/oppenhetsakten\\\/\",\"url\":\"https:\\\/\\\/nordiccrane.com\\\/se\\\/oppenhetsakten\\\/\",\"name\":\"Due diligence - Nordic Crane Sverige\",\"isPartOf\":{\"@id\":\"https:\\\/\\\/nordiccrane.com\\\/se\\\/#website\"},\"primaryImageOfPage\":{\"@id\":\"https:\\\/\\\/nordiccrane.com\\\/se\\\/oppenhetsakten\\\/#primaryimage\"},\"image\":{\"@id\":\"https:\\\/\\\/nordiccrane.com\\\/se\\\/oppenhetsakten\\\/#primaryimage\"},\"thumbnailUrl\":\"https:\\\/\\\/nordiccrane.com\\\/no\\\/wp-content\\\/uploads\\\/sites\\\/2\\\/2023\\\/12\\\/oecd.jpg\",\"datePublished\":\"2023-12-11T12:26:30+00:00\",\"dateModified\":\"2024-12-19T13:45:17+00:00\",\"breadcrumb\":{\"@id\":\"https:\\\/\\\/nordiccrane.com\\\/se\\\/oppenhetsakten\\\/#breadcrumb\"},\"inLanguage\":\"sv-SE\",\"potentialAction\":[{\"@type\":\"ReadAction\",\"target\":[\"https:\\\/\\\/nordiccrane.com\\\/se\\\/oppenhetsakten\\\/\"]}]},{\"@type\":\"ImageObject\",\"inLanguage\":\"sv-SE\",\"@id\":\"https:\\\/\\\/nordiccrane.com\\\/se\\\/oppenhetsakten\\\/#primaryimage\",\"url\":\"https:\\\/\\\/nordiccrane.com\\\/no\\\/wp-content\\\/uploads\\\/sites\\\/2\\\/2023\\\/12\\\/oecd.jpg\",\"contentUrl\":\"https:\\\/\\\/nordiccrane.com\\\/no\\\/wp-content\\\/uploads\\\/sites\\\/2\\\/2023\\\/12\\\/oecd.jpg\"},{\"@type\":\"BreadcrumbList\",\"@id\":\"https:\\\/\\\/nordiccrane.com\\\/se\\\/oppenhetsakten\\\/#breadcrumb\",\"itemListElement\":[{\"@type\":\"ListItem\",\"position\":1,\"name\":\"Home\",\"item\":\"https:\\\/\\\/nordiccrane.com\\\/se\\\/\"},{\"@type\":\"ListItem\",\"position\":2,\"name\":\"Due diligence\"}]},{\"@type\":\"WebSite\",\"@id\":\"https:\\\/\\\/nordiccrane.com\\\/se\\\/#website\",\"url\":\"https:\\\/\\\/nordiccrane.com\\\/se\\\/\",\"name\":\"Nordic Crane Sverige\",\"description\":\"\",\"potentialAction\":[{\"@type\":\"SearchAction\",\"target\":{\"@type\":\"EntryPoint\",\"urlTemplate\":\"https:\\\/\\\/nordiccrane.com\\\/se\\\/?s={search_term_string}\"},\"query-input\":{\"@type\":\"PropertyValueSpecification\",\"valueRequired\":true,\"valueName\":\"search_term_string\"}}],\"inLanguage\":\"sv-SE\"}]}<\/script>\n<!-- \/ Yoast SEO plugin. -->","yoast_head_json":{"title":"Due diligence - Nordic Crane Sverige","robots":{"index":"index","follow":"follow","max-snippet":"max-snippet:-1","max-image-preview":"max-image-preview:large","max-video-preview":"max-video-preview:-1"},"canonical":"https:\/\/nordiccrane.com\/se\/oppenhetsakten\/","og_locale":"sv_SE","og_type":"article","og_title":"Due diligence - Nordic Crane Sverige","og_description":"Due diligence \u2013 arbete med grundl\u00e4ggande m\u00e4nskliga r\u00e4ttigheter och anst\u00e4ndiga arbetsvillkor. Due diligence syftar till att fr\u00e4mja f\u00f6retagens respekt f\u00f6r m\u00e4nskliga r\u00e4ttigheter och anst\u00e4ndiga arbetsvillkor samt s\u00e4kerst\u00e4lla allm\u00e4nhetens tillg\u00e5ng till information. Nordic Crane AS omfattas av paragraf 3 (a) nr 1\u20133 i \u00f6ppenhetslagen. Nordic Crane str\u00e4var efter att s\u00e4kerst\u00e4lla ansvarstagande i v\u00e5r verksamhet i samband [&hellip;]","og_url":"https:\/\/nordiccrane.com\/se\/oppenhetsakten\/","og_site_name":"Nordic Crane Sverige","article_modified_time":"2024-12-19T13:45:17+00:00","og_image":[{"url":"https:\/\/nordiccrane.com\/no\/wp-content\/uploads\/sites\/2\/2023\/12\/oecd.jpg","type":"","width":"","height":""}],"twitter_card":"summary_large_image","twitter_misc":{"Ber\u00e4knad l\u00e4stid":"2 minuter"},"schema":{"@context":"https:\/\/schema.org","@graph":[{"@type":"WebPage","@id":"https:\/\/nordiccrane.com\/se\/oppenhetsakten\/","url":"https:\/\/nordiccrane.com\/se\/oppenhetsakten\/","name":"Due diligence - Nordic Crane Sverige","isPartOf":{"@id":"https:\/\/nordiccrane.com\/se\/#website"},"primaryImageOfPage":{"@id":"https:\/\/nordiccrane.com\/se\/oppenhetsakten\/#primaryimage"},"image":{"@id":"https:\/\/nordiccrane.com\/se\/oppenhetsakten\/#primaryimage"},"thumbnailUrl":"https:\/\/nordiccrane.com\/no\/wp-content\/uploads\/sites\/2\/2023\/12\/oecd.jpg","datePublished":"2023-12-11T12:26:30+00:00","dateModified":"2024-12-19T13:45:17+00:00","breadcrumb":{"@id":"https:\/\/nordiccrane.com\/se\/oppenhetsakten\/#breadcrumb"},"inLanguage":"sv-SE","potentialAction":[{"@type":"ReadAction","target":["https:\/\/nordiccrane.com\/se\/oppenhetsakten\/"]}]},{"@type":"ImageObject","inLanguage":"sv-SE","@id":"https:\/\/nordiccrane.com\/se\/oppenhetsakten\/#primaryimage","url":"https:\/\/nordiccrane.com\/no\/wp-content\/uploads\/sites\/2\/2023\/12\/oecd.jpg","contentUrl":"https:\/\/nordiccrane.com\/no\/wp-content\/uploads\/sites\/2\/2023\/12\/oecd.jpg"},{"@type":"BreadcrumbList","@id":"https:\/\/nordiccrane.com\/se\/oppenhetsakten\/#breadcrumb","itemListElement":[{"@type":"ListItem","position":1,"name":"Home","item":"https:\/\/nordiccrane.com\/se\/"},{"@type":"ListItem","position":2,"name":"Due diligence"}]},{"@type":"WebSite","@id":"https:\/\/nordiccrane.com\/se\/#website","url":"https:\/\/nordiccrane.com\/se\/","name":"Nordic Crane Sverige","description":"","potentialAction":[{"@type":"SearchAction","target":{"@type":"EntryPoint","urlTemplate":"https:\/\/nordiccrane.com\/se\/?s={search_term_string}"},"query-input":{"@type":"PropertyValueSpecification","valueRequired":true,"valueName":"search_term_string"}}],"inLanguage":"sv-SE"}]}},"_links":{"self":[{"href":"https:\/\/nordiccrane.com\/se\/wp-json\/wp\/v2\/pages\/20905","targetHints":{"allow":["GET"]}}],"collection":[{"href":"https:\/\/nordiccrane.com\/se\/wp-json\/wp\/v2\/pages"}],"about":[{"href":"https:\/\/nordiccrane.com\/se\/wp-json\/wp\/v2\/types\/page"}],"author":[{"embeddable":true,"href":"https:\/\/nordiccrane.com\/se\/wp-json\/wp\/v2\/users\/1"}],"replies":[{"embeddable":true,"href":"https:\/\/nordiccrane.com\/se\/wp-json\/wp\/v2\/comments?post=20905"}],"version-history":[{"count":10,"href":"https:\/\/nordiccrane.com\/se\/wp-json\/wp\/v2\/pages\/20905\/revisions"}],"predecessor-version":[{"id":22898,"href":"https:\/\/nordiccrane.com\/se\/wp-json\/wp\/v2\/pages\/20905\/revisions\/22898"}],"wp:attachment":[{"href":"https:\/\/nordiccrane.com\/se\/wp-json\/wp\/v2\/media?parent=20905"}],"curies":[{"name":"wp","href":"https:\/\/api.w.org\/{rel}","templated":true}]}}