{"id":20926,"date":"2023-12-11T13:35:49","date_gmt":"2023-12-11T12:35:49","guid":{"rendered":"https:\/\/nordiccrane.com\/no\/?page_id=20926"},"modified":"2024-06-24T13:09:39","modified_gmt":"2024-06-24T11:09:39","slug":"etiska-riktlinjer-och-hallbarhet","status":"publish","type":"page","link":"https:\/\/nordiccrane.com\/se\/etiska-riktlinjer-och-hallbarhet\/","title":{"rendered":"Etiska riktlinjer och h\u00e5llbarhet"},"content":{"rendered":"\n<div class=\"wp-block-group alignfull has-light-blue-background-color has-background eplus-wrapper\"><div class=\"wp-block-group__inner-container is-layout-constrained wp-block-group-is-layout-constrained\">\n<div style=\"height:50px\" aria-hidden=\"true\" class=\" wp-block-spacer eplus-wrapper\"><\/div>\n\n\n\n<div class=\"wp-block-group eplus-wrapper\"><div class=\"wp-block-group__inner-container is-layout-constrained wp-block-group-is-layout-constrained\"><div class=\"wp-block-columns eplus-wrapper is-layout-flex wp-container-core-columns-is-layout-9d6595d7 wp-block-columns-is-layout-flex eplus-styles-uid-23807d\">\n<div class=\"wp-block-column eplus-wrapper is-layout-flow wp-block-column-is-layout-flow\" style=\"flex-basis:100%\">\n<h2 class=\" wp-block-heading has-text-align-center eplus-wrapper\" id=\"0-etiske-retningslinjer-og-b%C3%A6rekraft\">Etiska riktlinjer och h\u00e5llbarhet<\/h2>\n<\/div>\n<\/div><\/div><\/div>\n\n\n\n<div style=\"height:50px\" aria-hidden=\"true\" class=\" wp-block-spacer eplus-wrapper\"><\/div>\n<\/div><\/div>\n\n\n\n<div style=\"height:100px\" aria-hidden=\"true\" class=\" wp-block-spacer eplus-wrapper\"><\/div>\n\n\n\n<div class=\"wp-block-group eplus-wrapper\"><div class=\"wp-block-group__inner-container is-layout-constrained wp-block-group-is-layout-constrained\"><div class=\"wp-block-columns eplus-wrapper is-layout-flex wp-container-core-columns-is-layout-9d6595d7 wp-block-columns-is-layout-flex eplus-styles-uid-8ff9ef\">\n<div class=\"wp-block-column eplus-wrapper is-layout-flow wp-block-column-is-layout-flow\" style=\"flex-basis:15%\"><\/div>\n\n\n\n<div class=\"wp-block-column eplus-wrapper is-layout-flow wp-block-column-is-layout-flow\">\n<h4 class=\" wp-block-heading eplus-wrapper\" id=\"1-v%C3%A5rt-arbeid-med-b%C3%A6rekraft-\"><strong>V\u00e5rt arbete med h\u00e5llbarhet<\/strong><br><\/h4>\n\n\n\n<p class=\" eplus-wrapper\">H\u00e5llbar utveckling inneb\u00e4r en utveckling som tillfredsst\u00e4ller behoven hos de m\u00e4nniskor som lever nu, utan att f\u00f6rst\u00f6ra kommande generationers m\u00f6jligheter att tillfredsst\u00e4lla sina behov. I v\u00e5rt h\u00e5llbarhetsarbete ing\u00e5r bland annat f\u00f6retagens sociala ansvar, v\u00e5ra externa och interna intressenter.<\/p>\n\n\n\n<p class=\" eplus-wrapper\">Nordic Crane ska arbeta f\u00f6r en h\u00e5llbar utveckling f\u00f6r klimat och milj\u00f6, ekonomi och sociala f\u00f6rh\u00e5llanden.<\/p>\n\n\n\n<div style=\"height:21px\" aria-hidden=\"true\" class=\" wp-block-spacer eplus-wrapper\"><\/div>\n\n\n\n<figure class=\" wp-block-image size-full is-resized eplus-wrapper\"><img decoding=\"async\" src=\"https:\/\/nordiccrane.com\/no\/wp-content\/uploads\/sites\/2\/2024\/06\/Bilde-nettside.jpg\" alt=\"\" class=\"wp-image-23795\" style=\"width:396px;height:auto\"><\/figure>\n\n\n\n<div style=\"height:33px\" aria-hidden=\"true\" class=\" wp-block-spacer eplus-wrapper\"><\/div>\n\n\n\n<p class=\" eplus-wrapper\"><strong>Sociala f\u00f6rh\u00e5llanden<\/strong><br>Genom v\u00e5rt arbete vill vi s\u00e4kerst\u00e4lla god h\u00e4lsa, fr\u00e4mja livskvalitet och s\u00e4kerst\u00e4lla j\u00e4mlikhet, inkludering och anst\u00e4ndiga arbetsvillkor f\u00f6r alla.<\/p>\n\n\n\n<p class=\" eplus-wrapper\">Nordic Crane arbetar aktivt f\u00f6r en arbetsmilj\u00f6 pr\u00e4glad av j\u00e4mst\u00e4lldhet, m\u00e5ngfald och \u00f6msesidig respekt, d\u00e4r alla har m\u00f6jlighet att bidra till f\u00f6retagets framg\u00e5ng och f\u00f6rverkliga sin potential. Anst\u00e4llda och andra som \u00e4r involverade i Nordic Cranes verksamhet ska behandlas p\u00e5 ett s\u00e4tt som inte diskriminerar ang\u00e5ende k\u00f6n, hudf\u00e4rg, religion, \u00e5lder, funktionshinder, sexuell l\u00e4ggning, medborgarskap, socialt eller etniskt ursprung, politisk \u00f6vertygelse, medlemskap i fackf\u00f6rening eller andra omst\u00e4ndigheter. Nordic Crane tolererar inte n\u00e5gon form av diskriminering eller trakasserier p\u00e5 n\u00e5gon av v\u00e5ra arbetsplatser. Vi har en visselbl\u00e5sarkanal som \u00e4r i enlighet med norsk lagstiftning och EU:s direktiv om skydd f\u00f6r visselbl\u00e5sare.<\/p>\n\n\n\n<p class=\" eplus-wrapper\">Nordic Crane har en grundl\u00e4ggande respekt f\u00f6r internationella m\u00e4nskliga r\u00e4ttigheter. Nordic Crane kommer inte att k\u00f6pa produkter eller tj\u00e4nster som \u00e4r baserade p\u00e5 tv\u00e5ngsarbete, slavarbete, barnarbete, social dumpning eller som produceras i strid med r\u00e4tten till ett organiserat arbetsliv.<\/p>\n\n\n\n<p class=\" eplus-wrapper\">Nordic Crane \u00e4r certifierade inom ISO 45001:2018 sedan 04.12.2023 som syftar till att tillhandah\u00e5lla s\u00e4kra och h\u00e4lsofr\u00e4mjande arbetsplatser, f\u00f6rebygga arbetsrelaterade skador och f\u00f6rs\u00e4mrad h\u00e4lsa, samt f\u00f6rb\u00e4ttra arbetsmilj\u00f6prestanda.<\/p>\n\n\n\n<p class=\" eplus-wrapper\"><strong>Milj\u00f6 och klimat<\/strong><br>Klimat hotet \u00e4r v\u00e5r tids st\u00f6rsta samh\u00e4llsutmaning och ett bra resursutnyttjande av v\u00e5ra maskiner \u00e4r avg\u00f6rande f\u00f6r en fortsatt milj\u00f6v\u00e4nlig tillv\u00e4xt.<\/p>\n\n\n\n<p class=\" eplus-wrapper\">F\u00f6r att bidra till en b\u00e4ttre framtid tar vi milj\u00f6n p\u00e5 allvar. N\u00e4r vi investerar t\u00e4nker vi gr\u00f6nt och ser till att nya maskiner uppfyller marknadens milj\u00f6krav.\u00a0Vi har redan 100% elektriska larvkranar, mobila tornkranar som kan k\u00f6ras p\u00e5 el och mobilkranar som drivs med HVO-milj\u00f6diesel och bio olja. Dessutom har vi eldrivna kranbilar f\u00f6r inomhusbruk och lastbilskranar med de senaste milj\u00f6klassningarna.\u00a0<br>Vi fokuserar p\u00e5 en milj\u00f6v\u00e4nlig maskinpark och en st\u00e4ndigt \u00f6kande minskning av CO2-avtrycket. Helelektriska maskiner har redan rullat in genom v\u00e5ra d\u00f6rrar och vi var f\u00f6rst i v\u00e4rlden med en helelektrisk larvkran. Vi \u00e4r stolta \u00f6ver att vara det gr\u00f6na alternativet (i dubbel mening) och forts\u00e4tta detta viktiga arbete f\u00f6r en gr\u00f6nare framtid.\u00a0Nordic Crane \u2013 det gr\u00f6na alternativet!<br><\/p>\n\n\n<ul class=\"eplus-wrapper wp-block-list eplus-styles-uid-3ab9a2\">\n<li class=\" eplus-wrapper\">100 % elektriska larvkranar<\/li>\n\n\n\n<li class=\" eplus-wrapper\">Mobila tornkranar som kan drivas med el<\/li>\n\n\n\n<li class=\" eplus-wrapper\">Mobilkranar som drivs med HVO-milj\u00f6diesel och bio olja<\/li>\n\n\n\n<li class=\" eplus-wrapper\">Kranbilar med el aggregat f\u00f6r inomhusbruk<\/li>\n\n\n\n<li class=\" eplus-wrapper\">Lastbilskranar med senaste milj\u00f6klassificeringen<\/li>\n<\/ul>\n\n\n<div style=\"height:36px\" aria-hidden=\"true\" class=\" wp-block-spacer eplus-wrapper\"><\/div>\n\n\n\n<figure class=\" wp-block-image size-full is-resized eplus-wrapper\"><img loading=\"lazy\" decoding=\"async\" width=\"300\" height=\"300\" src=\"https:\/\/nordiccrane.com\/se\/wp-content\/uploads\/sites\/3\/2024\/06\/Bilde1.png\" alt=\"\" class=\"wp-image-22744\" style=\"width:220px;height:auto\" srcset=\"https:\/\/nordiccrane.com\/se\/wp-content\/uploads\/sites\/3\/2024\/06\/Bilde1.png 300w, https:\/\/nordiccrane.com\/se\/wp-content\/uploads\/sites\/3\/2024\/06\/Bilde1-150x150.png 150w\" sizes=\"auto, (max-width: 300px) 100vw, 300px\" \/><\/figure>\n\n\n\n<div style=\"height:37px\" aria-hidden=\"true\" class=\" wp-block-spacer eplus-wrapper\"><\/div>\n\n\n\n<p class=\" eplus-wrapper\"><strong>Samh\u00e4llsengagemang \u2013 ansvar<\/strong><br>P\u00e5 Nordic Crane bryr vi oss om m\u00e4nniskor och milj\u00f6 runt omkring oss.\u00a0 Det \u00e4r viktigt f\u00f6r oss att arbeta med en h\u00f6g grad av s\u00e4kerhet, vi m\u00e5ste vara \u00f6ppna och \u00e4rliga i v\u00e5rt beteende och i kommunikation, och vi vill bidra till att v\u00e5ra partners ocks\u00e5 n\u00e5r sina m\u00e5l.<\/p>\n\n\n\n<p class=\" eplus-wrapper\">F\u00f6retaget satsar p\u00e5 att vara en del av lokalsamh\u00e4llet och kommer att st\u00f6dja sport- och kulturengagemang. Vi vill ocks\u00e5 hj\u00e4lpa och ge pengar till dem som beh\u00f6ver det mer \u00e4n vad vi g\u00f6r. Vi har under flera \u00e5r sk\u00e4nkt pengar till barn i utvecklingsl\u00e4nder, och har ett samarbete med NSP Aid (North-South Partnership Aid) i Kenya.<\/p>\n\n\n\n<h4 class=\" wp-block-heading eplus-wrapper\"><strong>Etiska riktlinjer<\/strong><\/h4>\n\n\n\n<p class=\" eplus-wrapper\"><strong>Etiska riktlinjer<\/strong><br>Etiska riktlinjer \u00e4r en upps\u00e4ttning principer och v\u00e4rderingar som v\u00e4gleder organisationens beslut och handlingar med fokus p\u00e5 moral och integritet.<\/p>\n\n\n\n<p class=\" eplus-wrapper\"><strong>\u00c4ndam\u00e5l<\/strong><br>De etiska riktlinjerna ska s\u00e4kerst\u00e4lla att Nordic Crane arbetar p\u00e5 ett s\u00e4tt som \u00e4r i linje med samh\u00e4llets f\u00f6rv\u00e4ntningar och v\u00e4rderingar.\u00a0V\u00e5r ambition \u00e4r att driva verksamheten p\u00e5 ett s\u00e5dant s\u00e4tt att den kan uppr\u00e4tth\u00e5llas \u00f6ver tid, utan att det kostar m\u00e4nniskoliv eller skadar milj\u00f6n. F\u00f6r oss handlar det om milj\u00f6n, sociala f\u00f6rh\u00e5llanden och s\u00e4ttet vi driver f\u00f6retaget p\u00e5.<\/p>\n\n\n\n<p class=\" eplus-wrapper\">Vi har alla ett ansvar att v\u00e4gleda varandra i r\u00e4tt riktning och str\u00e4va efter att g\u00f6ra r\u00e4tt val.<\/p>\n\n\n\n<p class=\" eplus-wrapper\"><strong>Omf\u00e5ng<\/strong><\/p>\n\n\n\n<p class=\" eplus-wrapper\">V\u00e5ra etiska riktlinjer ska vara i enlighet med <a href=\"https:\/\/nordiccrane.com\/se\/om-oss\/vision-och-varden\/\" target=\"_blank\" aria-label=\"v\u00e5r vision, v\u00e5ra v\u00e4rderingar (opens in a new tab)\" rel=\"noreferrer noopener\" class=\"ek-link\">v\u00e5r vision, v\u00e5ra v\u00e4rderingar<\/a>, interna rutiner och g\u00e4llande lagar och best\u00e4mmelser.<\/p>\n\n\n\n<p class=\" eplus-wrapper\"><strong>Ansvar<\/strong><br>Riktlinjerna g\u00e4ller f\u00f6r Nordic Cranes organisationer, f\u00f6r varje enskild medarbetare, inhyrd personal och andra som agerar p\u00e5 uppdrag av Nordic Crane.<\/p>\n\n\n\n<p class=\" eplus-wrapper\"><strong>F\u00f6retagsmetoder<\/strong><br>Nordic Crane ska vara k\u00e4nt som ett p\u00e5litligt f\u00f6retag som levererar kvalitet, och v\u00e5ra kunder och samarbetspartners ska ha f\u00f6rtroende f\u00f6r oss och v\u00e5ra medarbetare.<\/p>\n\n\n\n<p class=\" eplus-wrapper\">Nordic Crane och dess anst\u00e4llda f\u00f6rbinder sig att f\u00f6lja g\u00e4llande lagar och f\u00f6rordningar. Vi ska f\u00f6lja en h\u00f6g etisk standard och ta ett aktivt socialt ansvar i v\u00e5r verksamhet. De anst\u00e4llda ska f\u00f6lja de regler och riktlinjer som kunden fastst\u00e4llt f\u00f6r varje uppdrag. Nordic Crane ska str\u00e4va efter att s\u00e4kerst\u00e4lla att underleverant\u00f6rer av varor och tj\u00e4nster till f\u00f6retaget f\u00f6ljer en motsvarande h\u00f6g etisk standard. Nordic Cranes f\u00f6retagskultur pr\u00e4glas av f\u00f6retagets v\u00e4rderingar om \u00e4rlighet, lojalitet och entusiasm. Framf\u00f6r kunder och samarbetspartners ska vi pr\u00e4glas av styrka, trygghet och precision.<\/p>\n\n\n\n<p class=\" eplus-wrapper\"><strong>R\u00e4ttvis konkurrens<\/strong><br>Nordic Crane str\u00e4var efter en h\u00f6g aff\u00e4rsetiks standard och f\u00f6ljer de ramar som konkurrensreglerna s\u00e4tter p\u00e5 de marknader d\u00e4r Nordic Cranes f\u00f6retag verkar. Detta g\u00e4ller s\u00e5v\u00e4l i f\u00f6rh\u00e5llande till konkurrenter som till kunder och leverant\u00f6rer.<\/p>\n\n\n\n<p class=\" eplus-wrapper\"><strong>Mutor och korruption<\/strong><br>Nordic Crane tolererar inte, och mots\u00e4tter sig, alla former av korruption, direkt eller indirekt, mutor eller andra otillb\u00f6rliga f\u00f6rdelar f\u00f6r aff\u00e4rsm\u00e4ssig eller privat vinning, varken f\u00f6r f\u00f6retaget eller andra.<\/p>\n\n\n\n<p class=\" eplus-wrapper\"><strong>G\u00e5vor<\/strong><br>Nordic Crane f\u00f6rbjuder erbjudande eller mottagande av aff\u00e4rsvaror \u2013 som kan utg\u00f6ra, eller tycks utg\u00f6ra, otillb\u00f6rlig p\u00e5verkan. Dessutom kan f\u00f6retagsf\u00f6rm\u00e5ner endast erh\u00e5llas eller erbjudas om de \u00e4r obetydliga b\u00e5de i fr\u00e5ga om v\u00e4rde och frekvens och om tid och plats \u00e4r l\u00e4mpliga.<\/p>\n\n\n\n<p class=\" eplus-wrapper\">Om det \u00e4r uppenbart aff\u00e4rsrelaterat kan den anst\u00e4llde delta i sociala sammankomster, ta emot f\u00f6rfriskningar eller underh\u00e5llning, f\u00f6rutsatt att kostnaden ligger inom rimliga gr\u00e4nser.<\/p>\n\n\n\n<p class=\" eplus-wrapper\">G\u00e5vor eller representation f\u00e5r aldrig p\u00e5verka aff\u00e4rsbeslut och inneb\u00e4r inga f\u00f6rpliktelser f\u00f6r den anst\u00e4llde eller Nordic Crane.<\/p>\n\n\n\n<p class=\" eplus-wrapper\"><strong>Sekretess<\/strong><br>Nordic Crane har \u00e5tagit sig att skydda all konfidentiell information som den har tillg\u00e5ng till, oavsett om det \u00e4r information som tillh\u00f6r f\u00f6retaget eller aff\u00e4rspartners, och att inte missbruka denna information. \u00a0Tystnadsplikten g\u00e4ller inte bara externt, utan \u00e4ven f\u00f6r kollegor som inte beh\u00f6ver relevant information i sitt arbete. Tystnadsplikten g\u00e4ller \u00e4ven efter att anst\u00e4llningsf\u00f6rh\u00e5llandet, eller andra avtalsf\u00f6rh\u00e5llanden med Nordic Crane, har upph\u00f6rt.<\/p>\n\n\n\n<p class=\" eplus-wrapper\"><strong>Egendom och resurser<\/strong><br>Medarbetaren ska behandla och f\u00f6rvara Nordic Cranes tillg\u00e5ngar p\u00e5 ett ansvarsfullt s\u00e4tt och s\u00e4kra dem mot f\u00f6rst\u00f6relse och missbruk. Det \u00e4r f\u00f6rbjudet att anv\u00e4nda Nordic Cranes byggnader, utrustning, material, kapital och andra tillg\u00e5ngar som inte \u00e4r direkt relaterade till f\u00f6retagets verksamhet utan tillst\u00e5nd fr\u00e5n f\u00f6retagsledningen.<\/p>\n\n\n\n<p class=\" eplus-wrapper\"><strong>Intressekonflikter<\/strong><br>Det f\u00f6religger en intressekonflikt n\u00e4r en personlig relation, deltagande i bisysslor eller intressen i annan handel p\u00e5verkar eller antas p\u00e5verka ens beslut.<\/p>\n\n\n\n<p class=\" eplus-wrapper\">Anst\u00e4llda f\u00e5r inte ha uppdrag f\u00f6r eller \u00e4garintressen i konkurrerande verksamheter, med kunder eller leverant\u00f6rer.<\/p>\n\n\n\n<p class=\" eplus-wrapper\"><strong>Sexuella tj\u00e4nster<\/strong><br>Nordic Crane \u00e4r emot k\u00f6p av sexuella tj\u00e4nster. Medarbetaren ska avst\u00e5 fr\u00e5n att k\u00f6pa sexuella tj\u00e4nster n\u00e4r han eller hon arbetar eller \u00e4r p\u00e5 tj\u00e4nsteresa f\u00f6r Nordic Crane.<\/p>\n\n\n\n<p class=\" eplus-wrapper\"><strong>Droger<\/strong><br>Nordic Crane \u00e4r en drogfri arbetsplats. Ingen ska njuta eller vara p\u00e5verkat av alkohol eller andra droger i sitt arbete f\u00f6r Nordic Crane.<\/p>\n\n\n\n<p class=\" eplus-wrapper\">Begr\u00e4nsade m\u00e4ngder alkohol f\u00e5r dock serveras n\u00e4r lokala kutymer och s\u00e4rskilda tillf\u00e4llen kr\u00e4ver det, f\u00f6rutsatt att f\u00f6rt\u00e4ringen inte kombineras med anv\u00e4ndning av maskiner, bilk\u00f6rning eller andra aktiviteter som inte \u00e4r f\u00f6renliga med anv\u00e4ndning av alkohol. Nordic Crane har en droger och spel-policy.<\/p>\n\n\n\n<p class=\" eplus-wrapper\">\u200b<\/p>\n\n\n\n<h4 class=\" wp-block-heading eplus-wrapper\">Hantering av utmaningar och avvikelser<\/h4>\n\n\n\n<p class=\" eplus-wrapper\"><strong>Underr\u00e4ttelse<\/strong><br>Nordic Crane vill ha en \u00f6ppen f\u00f6retagskultur d\u00e4r det \u00e4r accepterat att ta upp problem och att framl\u00e4gga kritik. Om du upplever eller observerar klanderv\u00e4rda f\u00f6rh\u00e5llanden \u00e4r du pliktig att s\u00e4ga ifr\u00e5n. Med klanderv\u00e4rda f\u00f6rh\u00e5llanden menas lag\u00f6vertr\u00e4delser eller brott mot tydligt kommunicerade interna riktlinjer.<\/p>\n\n\n\n<p class=\" eplus-wrapper\">Om en anst\u00e4lld hos Nordic Crane misst\u00e4nker att ett beslut eller en \u00e5tg\u00e4rd kan strida mot eller bryta mot r\u00e4ttsliga eller etiska riktlinjer har han eller hon r\u00e4tt och plikt att s\u00e4ga ifr\u00e5n. Anm\u00e4lan kan g\u00f6ras via Nordic Cranes visselbl\u00e5sarkanal p\u00e5 hemsidan, till n\u00e4rmaste chef, avdelningschef, arbetstagarrepresentant, skyddsombud eller andra i organisationen.<\/p>\n\n\n\n<p class=\" eplus-wrapper\">Nordic Crane kommer inte att inf\u00f6ra n\u00e5gon form av sanktioner mot anst\u00e4llda som p\u00e5 ett ansvarsfullt s\u00e4tt rapporterar eventuella \u00f6vertr\u00e4delser av Nordic Cranes etiska riktlinjer, till\u00e4mpliga lagar eller andra klanderv\u00e4rda f\u00f6rh\u00e5llanden i verksamheten. Nordic Crane kommer att hantera alla anm\u00e4lningar p\u00e5 ett ansvarsfullt s\u00e4tt.<\/p>\n\n\n\n<p class=\" eplus-wrapper\"><strong>Konsekvens<\/strong><br>Brott mot Nordic Cranes etiska riktlinjer kommer inte att tolereras. Brott mot riktlinjerna kan leda till disciplin\u00e4ra \u00e5tg\u00e4rder, avsked och rapportering till myndigheter.<\/p>\n<\/div>\n\n\n\n<div class=\"wp-block-column eplus-wrapper is-layout-flow wp-block-column-is-layout-flow\" style=\"flex-basis:15%\"><\/div>\n<\/div><\/div><\/div>\n\n\n\n<div style=\"height:100px\" aria-hidden=\"true\" class=\" wp-block-spacer eplus-wrapper\"><\/div>\n\n\n\n<div style=\"height:100px\" aria-hidden=\"true\" class=\"hide-mobile wp-block-spacer eplus-wrapper\"><\/div>\n","protected":false},"excerpt":{"rendered":"<p>Etiska riktlinjer och h\u00e5llbarhet V\u00e5rt arbete med h\u00e5llbarhet H\u00e5llbar utveckling inneb\u00e4r en utveckling som tillfredsst\u00e4ller behoven hos de m\u00e4nniskor som lever nu, utan att f\u00f6rst\u00f6ra kommande generationers m\u00f6jligheter att tillfredsst\u00e4lla sina behov. I v\u00e5rt h\u00e5llbarhetsarbete ing\u00e5r bland annat f\u00f6retagens sociala ansvar, v\u00e5ra externa och interna intressenter. Nordic Crane ska arbeta f\u00f6r en h\u00e5llbar utveckling f\u00f6r [&hellip;]<\/p>\n","protected":false},"author":1,"featured_media":0,"parent":0,"menu_order":0,"comment_status":"closed","ping_status":"closed","template":"","meta":{"_acf_changed":false,"inline_featured_image":false,"_editorskit_title_hidden":false,"_editorskit_reading_time":0,"_editorskit_is_block_options_detached":false,"_editorskit_block_options_position":"{}","editor_plus_copied_stylings":"{}","footnotes":""},"class_list":["post-20926","page","type-page","status-publish","hentry"],"acf":[],"featured_image_src":null,"yoast_head":"<!-- This site is optimized with the Yoast SEO plugin v27.4 - https:\/\/yoast.com\/product\/yoast-seo-wordpress\/ -->\n<title>Etiska riktlinjer och h\u00e5llbarhet - Nordic Crane Sverige<\/title>\n<meta name=\"robots\" content=\"index, follow, max-snippet:-1, max-image-preview:large, max-video-preview:-1\" \/>\n<link rel=\"canonical\" href=\"https:\/\/nordiccrane.com\/se\/etiska-riktlinjer-och-hallbarhet\/\" \/>\n<meta property=\"og:locale\" content=\"sv_SE\" \/>\n<meta property=\"og:type\" content=\"article\" \/>\n<meta property=\"og:title\" content=\"Etiska riktlinjer och h\u00e5llbarhet - Nordic Crane Sverige\" \/>\n<meta property=\"og:description\" content=\"Etiska riktlinjer och h\u00e5llbarhet V\u00e5rt arbete med h\u00e5llbarhet H\u00e5llbar utveckling inneb\u00e4r en utveckling som tillfredsst\u00e4ller behoven hos de m\u00e4nniskor som lever nu, utan att f\u00f6rst\u00f6ra kommande generationers m\u00f6jligheter att tillfredsst\u00e4lla sina behov. I v\u00e5rt h\u00e5llbarhetsarbete ing\u00e5r bland annat f\u00f6retagens sociala ansvar, v\u00e5ra externa och interna intressenter. Nordic Crane ska arbeta f\u00f6r en h\u00e5llbar utveckling f\u00f6r [&hellip;]\" \/>\n<meta property=\"og:url\" content=\"https:\/\/nordiccrane.com\/se\/etiska-riktlinjer-och-hallbarhet\/\" \/>\n<meta property=\"og:site_name\" content=\"Nordic Crane Sverige\" \/>\n<meta property=\"article:modified_time\" content=\"2024-06-24T11:09:39+00:00\" \/>\n<meta property=\"og:image\" content=\"https:\/\/nordiccrane.com\/no\/wp-content\/uploads\/sites\/2\/2024\/06\/Bilde-nettside.jpg\" \/>\n<meta name=\"twitter:card\" content=\"summary_large_image\" \/>\n<meta name=\"twitter:label1\" content=\"Ber\u00e4knad l\u00e4stid\" \/>\n\t<meta name=\"twitter:data1\" content=\"8 minuter\" \/>\n<script type=\"application\/ld+json\" class=\"yoast-schema-graph\">{\"@context\":\"https:\\\/\\\/schema.org\",\"@graph\":[{\"@type\":\"WebPage\",\"@id\":\"https:\\\/\\\/nordiccrane.com\\\/se\\\/etiska-riktlinjer-och-hallbarhet\\\/\",\"url\":\"https:\\\/\\\/nordiccrane.com\\\/se\\\/etiska-riktlinjer-och-hallbarhet\\\/\",\"name\":\"Etiska riktlinjer och h\u00e5llbarhet - Nordic Crane Sverige\",\"isPartOf\":{\"@id\":\"https:\\\/\\\/nordiccrane.com\\\/se\\\/#website\"},\"primaryImageOfPage\":{\"@id\":\"https:\\\/\\\/nordiccrane.com\\\/se\\\/etiska-riktlinjer-och-hallbarhet\\\/#primaryimage\"},\"image\":{\"@id\":\"https:\\\/\\\/nordiccrane.com\\\/se\\\/etiska-riktlinjer-och-hallbarhet\\\/#primaryimage\"},\"thumbnailUrl\":\"https:\\\/\\\/nordiccrane.com\\\/no\\\/wp-content\\\/uploads\\\/sites\\\/2\\\/2024\\\/06\\\/Bilde-nettside.jpg\",\"datePublished\":\"2023-12-11T12:35:49+00:00\",\"dateModified\":\"2024-06-24T11:09:39+00:00\",\"breadcrumb\":{\"@id\":\"https:\\\/\\\/nordiccrane.com\\\/se\\\/etiska-riktlinjer-och-hallbarhet\\\/#breadcrumb\"},\"inLanguage\":\"sv-SE\",\"potentialAction\":[{\"@type\":\"ReadAction\",\"target\":[\"https:\\\/\\\/nordiccrane.com\\\/se\\\/etiska-riktlinjer-och-hallbarhet\\\/\"]}]},{\"@type\":\"ImageObject\",\"inLanguage\":\"sv-SE\",\"@id\":\"https:\\\/\\\/nordiccrane.com\\\/se\\\/etiska-riktlinjer-och-hallbarhet\\\/#primaryimage\",\"url\":\"https:\\\/\\\/nordiccrane.com\\\/no\\\/wp-content\\\/uploads\\\/sites\\\/2\\\/2024\\\/06\\\/Bilde-nettside.jpg\",\"contentUrl\":\"https:\\\/\\\/nordiccrane.com\\\/no\\\/wp-content\\\/uploads\\\/sites\\\/2\\\/2024\\\/06\\\/Bilde-nettside.jpg\"},{\"@type\":\"BreadcrumbList\",\"@id\":\"https:\\\/\\\/nordiccrane.com\\\/se\\\/etiska-riktlinjer-och-hallbarhet\\\/#breadcrumb\",\"itemListElement\":[{\"@type\":\"ListItem\",\"position\":1,\"name\":\"Home\",\"item\":\"https:\\\/\\\/nordiccrane.com\\\/se\\\/\"},{\"@type\":\"ListItem\",\"position\":2,\"name\":\"Etiska riktlinjer och h\u00e5llbarhet\"}]},{\"@type\":\"WebSite\",\"@id\":\"https:\\\/\\\/nordiccrane.com\\\/se\\\/#website\",\"url\":\"https:\\\/\\\/nordiccrane.com\\\/se\\\/\",\"name\":\"Nordic Crane Sverige\",\"description\":\"\",\"potentialAction\":[{\"@type\":\"SearchAction\",\"target\":{\"@type\":\"EntryPoint\",\"urlTemplate\":\"https:\\\/\\\/nordiccrane.com\\\/se\\\/?s={search_term_string}\"},\"query-input\":{\"@type\":\"PropertyValueSpecification\",\"valueRequired\":true,\"valueName\":\"search_term_string\"}}],\"inLanguage\":\"sv-SE\"}]}<\/script>\n<!-- \/ Yoast SEO plugin. -->","yoast_head_json":{"title":"Etiska riktlinjer och h\u00e5llbarhet - Nordic Crane Sverige","robots":{"index":"index","follow":"follow","max-snippet":"max-snippet:-1","max-image-preview":"max-image-preview:large","max-video-preview":"max-video-preview:-1"},"canonical":"https:\/\/nordiccrane.com\/se\/etiska-riktlinjer-och-hallbarhet\/","og_locale":"sv_SE","og_type":"article","og_title":"Etiska riktlinjer och h\u00e5llbarhet - Nordic Crane Sverige","og_description":"Etiska riktlinjer och h\u00e5llbarhet V\u00e5rt arbete med h\u00e5llbarhet H\u00e5llbar utveckling inneb\u00e4r en utveckling som tillfredsst\u00e4ller behoven hos de m\u00e4nniskor som lever nu, utan att f\u00f6rst\u00f6ra kommande generationers m\u00f6jligheter att tillfredsst\u00e4lla sina behov. I v\u00e5rt h\u00e5llbarhetsarbete ing\u00e5r bland annat f\u00f6retagens sociala ansvar, v\u00e5ra externa och interna intressenter. Nordic Crane ska arbeta f\u00f6r en h\u00e5llbar utveckling f\u00f6r [&hellip;]","og_url":"https:\/\/nordiccrane.com\/se\/etiska-riktlinjer-och-hallbarhet\/","og_site_name":"Nordic Crane Sverige","article_modified_time":"2024-06-24T11:09:39+00:00","og_image":[{"url":"https:\/\/nordiccrane.com\/no\/wp-content\/uploads\/sites\/2\/2024\/06\/Bilde-nettside.jpg","type":"","width":"","height":""}],"twitter_card":"summary_large_image","twitter_misc":{"Ber\u00e4knad l\u00e4stid":"8 minuter"},"schema":{"@context":"https:\/\/schema.org","@graph":[{"@type":"WebPage","@id":"https:\/\/nordiccrane.com\/se\/etiska-riktlinjer-och-hallbarhet\/","url":"https:\/\/nordiccrane.com\/se\/etiska-riktlinjer-och-hallbarhet\/","name":"Etiska riktlinjer och h\u00e5llbarhet - Nordic Crane Sverige","isPartOf":{"@id":"https:\/\/nordiccrane.com\/se\/#website"},"primaryImageOfPage":{"@id":"https:\/\/nordiccrane.com\/se\/etiska-riktlinjer-och-hallbarhet\/#primaryimage"},"image":{"@id":"https:\/\/nordiccrane.com\/se\/etiska-riktlinjer-och-hallbarhet\/#primaryimage"},"thumbnailUrl":"https:\/\/nordiccrane.com\/no\/wp-content\/uploads\/sites\/2\/2024\/06\/Bilde-nettside.jpg","datePublished":"2023-12-11T12:35:49+00:00","dateModified":"2024-06-24T11:09:39+00:00","breadcrumb":{"@id":"https:\/\/nordiccrane.com\/se\/etiska-riktlinjer-och-hallbarhet\/#breadcrumb"},"inLanguage":"sv-SE","potentialAction":[{"@type":"ReadAction","target":["https:\/\/nordiccrane.com\/se\/etiska-riktlinjer-och-hallbarhet\/"]}]},{"@type":"ImageObject","inLanguage":"sv-SE","@id":"https:\/\/nordiccrane.com\/se\/etiska-riktlinjer-och-hallbarhet\/#primaryimage","url":"https:\/\/nordiccrane.com\/no\/wp-content\/uploads\/sites\/2\/2024\/06\/Bilde-nettside.jpg","contentUrl":"https:\/\/nordiccrane.com\/no\/wp-content\/uploads\/sites\/2\/2024\/06\/Bilde-nettside.jpg"},{"@type":"BreadcrumbList","@id":"https:\/\/nordiccrane.com\/se\/etiska-riktlinjer-och-hallbarhet\/#breadcrumb","itemListElement":[{"@type":"ListItem","position":1,"name":"Home","item":"https:\/\/nordiccrane.com\/se\/"},{"@type":"ListItem","position":2,"name":"Etiska riktlinjer och h\u00e5llbarhet"}]},{"@type":"WebSite","@id":"https:\/\/nordiccrane.com\/se\/#website","url":"https:\/\/nordiccrane.com\/se\/","name":"Nordic Crane Sverige","description":"","potentialAction":[{"@type":"SearchAction","target":{"@type":"EntryPoint","urlTemplate":"https:\/\/nordiccrane.com\/se\/?s={search_term_string}"},"query-input":{"@type":"PropertyValueSpecification","valueRequired":true,"valueName":"search_term_string"}}],"inLanguage":"sv-SE"}]}},"_links":{"self":[{"href":"https:\/\/nordiccrane.com\/se\/wp-json\/wp\/v2\/pages\/20926","targetHints":{"allow":["GET"]}}],"collection":[{"href":"https:\/\/nordiccrane.com\/se\/wp-json\/wp\/v2\/pages"}],"about":[{"href":"https:\/\/nordiccrane.com\/se\/wp-json\/wp\/v2\/types\/page"}],"author":[{"embeddable":true,"href":"https:\/\/nordiccrane.com\/se\/wp-json\/wp\/v2\/users\/1"}],"replies":[{"embeddable":true,"href":"https:\/\/nordiccrane.com\/se\/wp-json\/wp\/v2\/comments?post=20926"}],"version-history":[{"count":10,"href":"https:\/\/nordiccrane.com\/se\/wp-json\/wp\/v2\/pages\/20926\/revisions"}],"predecessor-version":[{"id":22745,"href":"https:\/\/nordiccrane.com\/se\/wp-json\/wp\/v2\/pages\/20926\/revisions\/22745"}],"wp:attachment":[{"href":"https:\/\/nordiccrane.com\/se\/wp-json\/wp\/v2\/media?parent=20926"}],"curies":[{"name":"wp","href":"https:\/\/api.w.org\/{rel}","templated":true}]}}